{"id":2597,"date":"2025-01-26T13:58:41","date_gmt":"2025-01-26T13:58:41","guid":{"rendered":"https:\/\/thairelaxhouse.com\/?page_id=2597"},"modified":"2025-06-24T09:48:12","modified_gmt":"2025-06-24T09:48:12","slug":"massaggio-prostatico","status":"publish","type":"page","link":"https:\/\/thairelaxhouse.com\/it\/massaggio-prostatico\/","title":{"rendered":"Massaggio alla prostata"},"content":{"rendered":"\n<div class=\"wp-block-uagb-image uagb-block-ada82c4a wp-block-uagb-image--layout-default wp-block-uagb-image--effect-static wp-block-uagb-image--align-none\"><figure class=\"wp-block-uagb-image__figure\"><img decoding=\"async\" srcset=\"https:\/\/thairelaxhouse.com\/wp-content\/uploads\/2025\/05\/List5-WM-1024x576.webp ,https:\/\/thairelaxhouse.com\/wp-content\/uploads\/2025\/05\/List5-WM-scaled.webp 780w, https:\/\/thairelaxhouse.com\/wp-content\/uploads\/2025\/05\/List5-WM-scaled.webp 360w\" sizes=\"auto, (max-width: 480px) 150px\" src=\"https:\/\/thairelaxhouse.com\/wp-content\/uploads\/2025\/05\/List5-WM-1024x576.webp\" alt=\"\" class=\"uag-image-3830\" width=\"3840\" height=\"2160\" title=\"List5 WM\" loading=\"lazy\" role=\"img\"><\/figure><\/div>\n\n<div class=\"wp-block-uagb-call-to-action uagb-block-a695a981 wp-block-button\"><div class=\"uagb-cta__wrap\"><h1 class=\"uagb-cta__title\">Massaggio alla prostata<br\/>A partire da \u20ac140<\/h1><p class=\"uagb-cta__desc\">Un&#8217;esperienza rinfrescante che combina tecniche di massaggio prostatico specialistiche con la terapia corpo a corpo per il massimo relax e rivitalizzazione.<\/p><\/div><div class=\"uagb-cta__buttons\"><a href=\"https:\/\/wa.me\/34687640723?text=Hello,%20I%20would%20like%20to%20book%20a%20session%20of%20Prostate Massage!\" class=\"uagb-cta__button-link-wrapper wp-block-button__link\" target=\"_self\" rel=\"noopener noreferrer\" aria-label=\"Book via WhatsApp\">prenota ora<svg xmlns=\"https:\/\/www.w3.org\/2000\/svg\" viewbox=\"0 0 448 512\"><path d=\"M380.9 97.1C339 55.1 283.2 32 223.9 32c-122.4 0-222 99.6-222 222 0 39.1 10.2 77.3 29.6 111L0 480l117.7-30.9c32.4 17.7 68.9 27 106.1 27h.1c122.3 0 224.1-99.6 224.1-222 0-59.3-25.2-115-67.1-157zm-157 341.6c-33.2 0-65.7-8.9-94-25.7l-6.7-4-69.8 18.3L72 359.2l-4.4-7c-18.5-29.4-28.2-63.3-28.2-98.2 0-101.7 82.8-184.5 184.6-184.5 49.3 0 95.6 19.2 130.4 54.1 34.8 34.9 56.2 81.2 56.1 130.5 0 101.8-84.9 184.6-186.6 184.6zm101.2-138.2c-5.5-2.8-32.8-16.2-37.9-18-5.1-1.9-8.8-2.8-12.5 2.8-3.7 5.6-14.3 18-17.6 21.8-3.2 3.7-6.5 4.2-12 1.4-32.6-16.3-54-29.1-75.5-66-5.7-9.8 5.7-9.1 16.3-30.3 1.8-3.7 .9-6.9-.5-9.7-1.4-2.8-12.5-30.1-17.1-41.2-4.5-10.8-9.1-9.3-12.5-9.5-3.2-.2-6.9-.2-10.6-.2-3.7 0-9.7 1.4-14.8 6.9-5.1 5.6-19.4 19-19.4 46.3 0 27.3 19.9 53.7 22.6 57.4 2.8 3.7 39.1 59.7 94.8 83.8 35.2 15.2 49 16.5 66.6 13.9 10.7-1.6 32.8-13.4 37.4-26.4 4.6-13 4.6-24.1 3.2-26.4-1.3-2.5-5-3.9-10.5-6.6z\"><\/path><\/svg><\/a><\/div><\/div>\n\n<p>Il massaggio prostatico viene eseguito per ottenere diversi benefici essenziali per la salute. Le sue propriet\u00e0 curative lo rendono un&#8217;esperienza meravigliosa per ogni uomo. I massaggiatori altamente qualificati del centro massaggi prostatici di Tenerife lo considerano un trattamento efficace per molte patologie. Che un uomo soffra di prostatite cronica o disfunzione erettile, il massaggio prostatico \u00e8 un&#8217;ottima soluzione.   <\/p>\n\n<p>Questa procedura terapeutica \u00e8 di grande aiuto per la pulizia del dotto prostatico. Questo condotto collega la prostata e il sistema urinario. Durante l&#8217;esecuzione della procedura, si verifica una secrezione impulsiva di liquido. Il liquido espulso contribuisce alla pulizia del dotto. Pertanto, si tratta di una terapia benefica.     <em>Il lieto fine si realizza con le mani.<\/em><\/p>\n\n<h2 class=\"wp-block-heading has-large-font-size\"><mark style=\"background-color:rgba(0, 0, 0, 0)\" class=\"has-inline-color has-ast-global-color-0-color\">Preparazione per la sessione<\/mark><\/h2>\n\n<p>Dovresti sapere come prepararti prima di sottoporti a un massaggio alla prostata. Sebbene sia piuttosto benefico per la salute maschile, i medici non lo consigliano molto spesso. Pertanto, trovare un massaggiatore di grande talento pu\u00f2 essere scoraggiante.  <\/p>\n\n<p>Gli esperti di massaggio rettale di Playa de la Am\u00e9ricas a Tenerife offrono consulenze online sul massaggio e sulla sua procedura. In questo modo, saprete come prepararvi al massaggio e quali tecniche terapeutiche verranno applicate durante la sessione. <\/p>\n\n<h3 class=\"wp-block-heading has-medium-font-size\"><mark style=\"background-color:rgba(0, 0, 0, 0)\" class=\"has-inline-color has-ast-global-color-0-color\">Cosa bisogna aspettarsi durante la procedura?<\/mark><\/h3>\n\n<p>Il massaggio prostatico viene eseguito per uno scopo diverso. Il centro massaggi inserisce un dito guantato e lubrificato nel retto del cliente. Il suo compito \u00e8 esercitare una leggera pressione e massaggiare la regione prostatica durante l&#8217;intera sessione di terapia. I centri massaggi prostatici di Costa Adeje consigliano sempre ai clienti di informarli se la procedura risulta dolorosa. Potrebbe risultare fastidiosa per un po&#8217;, ma i terapisti esperti la rendono rilassante e piacevole.    <\/p>\n\n<p>Puoi consultare il tuo medico per sapere con quale frequenza sottoporti alla procedura. Se non vuoi consultarti con il medico, anche il tuo terapista pu\u00f2 darti suggerimenti affidabili sulla frequenza della procedura. Dovresti sottoporti almeno due o tre volte al mese per sperimentare tutti i benefici della procedura.  <\/p>\n\n<h2 class=\"wp-block-heading has-large-font-size\"><mark style=\"background-color:rgba(0, 0, 0, 0)\" class=\"has-inline-color has-ast-global-color-0-color\">Principali vantaggi della sessione<\/mark><\/h2>\n\n<p>Un massaggio alla prostata \u00e8 molto benefico per qualsiasi uomo. Si ottengono i seguenti benefici: <\/p>\n\n<ul class=\"wp-block-list\">\n<li>Orgasmo migliore:<\/li>\n<\/ul>\n\n<p>\u00c8 provato che un delicato massaggio alla prostata pu\u00f2 portare un uomo a un orgasmo migliore. Fornisce una stimolazione aggiuntiva che alla fine aumenta il piacere orgasmico. Quindi, che tu stia godendo con la tua partner o semplicemente masturbandoti, proverai un orgasmo migliore. Potrebbe sembrare un po&#8217; fastidioso se \u00e8 la prima volta, ma non c&#8217;\u00e8 nulla di cui preoccuparsi. Puoi chiedere alla tua massaggiatrice di essere delicata e lei si prender\u00e0 cura di te con la massima attenzione.    <\/p>\n\n<p>Alcuni potrebbero dire che non si tratta di un beneficio medico, ma che dire della soddisfazione sessuale e dei piaceri ad essa correlati? Un orgasmo migliore porta gli adulti a una vita molto pi\u00f9 felice e appagante. <\/p>\n\n<ul class=\"wp-block-list\">\n<li>Eiaculazione migliore:<\/li>\n<\/ul>\n\n<p>Molti credono che sia solo un mito, ma uno studio condotto dal Dipartimento di Urologia del Columbia University Medical Center di New York ha coinvolto molti candidati maschi per rivelarne i benefici in termini di migliore funzione sessuale e aumento dell&#8217;eiaculazione. I risultati hanno rivelato che molti candidati hanno riscontrato benefici positivi. Diversi candidati hanno anche affermato che il loro corpo rispondeva molto meglio all&#8217;orgasmo con stimolazione prostatica. Gli scienziati hanno rivelato che il massaggio prostatico agisce migliorando il flusso sanguigno verso l&#8217;organo.    <\/p>\n\n<ul class=\"wp-block-list\">\n<li>Riduzione del dolore:<\/li>\n<\/ul>\n\n<p>Se soffri di iperplasia prostatica, dovresti provare il massaggio prostatico per alleviare i sintomi del dolore. In caso di iperplasia prostatica, il paziente ha bisogno di urinare ripetutamente. Questo diventa anche la causa principale del dolore pelvico o della prostatite. Puoi ridurre l&#8217;accumulo di liquido nei condotti della prostata con il massaggio prostatico. Dovrai sottoporti a 3-4 sedute per ottenere una cura efficace e liberarti dal dolore pelvico.    <\/p>\n\n<p>I medici concordano anche sul fatto che il massaggio prostatico aiuti ad alleviare il dolore pelvico, ma non sono certi sulla frequenza del massaggio. Pertanto, \u00e8 consigliabile consultare un terapista esperto e sapere con quale frequenza sottoporsi alla procedura se si desidera alleviare il dolore. <\/p>\n\n<ul class=\"wp-block-list\">\n<li>Una migliore quantit\u00e0 di eiaculato:<\/li>\n<\/ul>\n\n<p>Quando i candidati hanno partecipato a uno studio condotto in Colombia, i risultati hanno rivelato che circa il 20% degli uomini ha riscontrato un aumento della quantit\u00e0 di eiaculato. Questo \u00e8 ormai un dato di fatto, poich\u00e9 circa il 30% dello sperma viene estratto dall&#8217;organo. Anche un regolare massaggio prostatico pu\u00f2 contribuire ad aumentare la quantit\u00e0 di liquido prodotto dalla prostata.  <\/p>\n\n<ul class=\"wp-block-list\">\n<li>Aiuta a curare la disfunzione erettile:<\/li>\n<\/ul>\n\n<p>Alcuni uomini potrebbero trovarlo un po&#8217; sorprendente, ma la stimolazione anale della prostata pu\u00f2 anche aiutare a curare la disfunzione erettile. Molti altri trattamenti sono disponibili per la cura della disfunzione erettile. In passato non esistevano trattamenti di questo tipo e gli uomini si affidavano a terapie per curare la DE. I principali centri estetici di Tenerife servono ancora molti clienti per aiutarli con il loro problema.   <\/p>\n\n<ul class=\"wp-block-list\">\n<li>Nessuna eiaculazione dolorosa:<\/li>\n<\/ul>\n\n<p>Molti uomini in tutto il mondo soffrono di eiaculazione dolorosa a causa di ostruzioni dovute a liquidi nel sistema riproduttivo. Se si desidera risolvere questo problema senza ricorrere a interventi chirurgici o altri trattamenti medici, il massaggio prostatico pu\u00f2 essere un&#8217;ottima soluzione. Diverse persone hanno affermato di aver ottenuto un rapido sollievo dopo sedute di massaggio regolari.  <\/p>\n\n<h2 class=\"wp-block-heading has-large-font-size\"><mark style=\"background-color:rgba(0, 0, 0, 0)\" class=\"has-inline-color has-ast-global-color-0-color\">Considerazioni finali<\/mark><\/h2>\n\n<p>L&#8217;elenco dei benefici potrebbe diventare troppo lungo se si cercasse di spiegare tutti i benefici principali e secondari del massaggio prostatico per la salute. Abbiamo elencato tutti i benefici pi\u00f9 importanti per cui gli uomini di solito si rivolgono a ospedali e cliniche. <\/p>\n\n<p>Puoi evitare problemi alla prostata e vivere una vita sana e piacevole se decidi di sottoporti a un massaggio prostatico. Non temere che possa causare disagio. I nostri centri altamente qualificati sanno come procedere per far sentire i clienti a proprio agio.  <\/p>\n\n<p>Tutti i massaggi sono eseguiti manualmente. Non sono ammessi rapporti sessuali o penetrazione. <\/p>\n<div class=\"is-acf-field wp-block-mfb-meta-field-block\"><div class=\"value\"><h2>Benefici del Massaggio Prostatico<\/h2>\n<p>Il massaggio prostatico offre numerosi vantaggi per la salute maschile, contribuendo a migliorare la circolazione sanguigna e il benessere generale. Scopri come questa pratica pu\u00f2 aiutarti a prevenire problemi e migliorare la tua vita intima. Per ulteriori informazioni, visita la nostra pagina sui <a href=\"https:\/\/thairelaxhouse.com\/it\/salute-maschile\/\">Benefici per la Salute Maschile<\/a>.<\/p>\n<p>Molti uomini sperimentano sollievo da fastidi e tensioni grazie al massaggio prostatico, rendendolo una pratica sempre pi\u00f9 popolare. Se desideri saperne di pi\u00f9 sulle tecniche e sui vantaggi specifici, non esitare a controllare la nostra guida completa sui <a href=\"https:\/\/thairelaxhouse.com\/it\/tecniche-di-massaggio\/\">Massaggi Terapeutici<\/a>.<\/p>\n<\/div><\/div>","protected":false},"excerpt":{"rendered":"<p>Il massaggio prostatico viene eseguito per ottenere diversi benefici essenziali per la salute. Le sue propriet\u00e0 curative lo rendono un&#8217;esperienza meravigliosa per ogni uomo. I massaggiatori altamente qualificati del centro massaggi prostatici di Tenerife lo considerano un trattamento efficace per molte patologie. Che un uomo soffra di prostatite cronica o disfunzione erettile, il massaggio prostatico [&hellip;]<\/p>\n","protected":false},"author":1,"featured_media":0,"parent":0,"menu_order":0,"comment_status":"closed","ping_status":"closed","template":"","meta":{"_acf_changed":false,"_uag_custom_page_level_css":"","site-sidebar-layout":"default","site-content-layout":"","ast-site-content-layout":"default","site-content-style":"default","site-sidebar-style":"default","ast-global-header-display":"","ast-banner-title-visibility":"","ast-main-header-display":"","ast-hfb-above-header-display":"","ast-hfb-below-header-display":"","ast-hfb-mobile-header-display":"","site-post-title":"disabled","ast-breadcrumbs-content":"","ast-featured-img":"","footer-sml-layout":"","ast-disable-related-posts":"","theme-transparent-header-meta":"","adv-header-id-meta":"","stick-header-meta":"","header-above-stick-meta":"","header-main-stick-meta":"","header-below-stick-meta":"","astra-migrate-meta-layouts":"set","ast-page-background-enabled":"default","ast-page-background-meta":{"desktop":{"background-color":"","background-image":"","background-repeat":"repeat","background-position":"center center","background-size":"auto","background-attachment":"scroll","background-type":"","background-media":"","overlay-type":"","overlay-color":"","overlay-opacity":"","overlay-gradient":""},"tablet":{"background-color":"","background-image":"","background-repeat":"repeat","background-position":"center center","background-size":"auto","background-attachment":"scroll","background-type":"","background-media":"","overlay-type":"","overlay-color":"","overlay-opacity":"","overlay-gradient":""},"mobile":{"background-color":"","background-image":"","background-repeat":"repeat","background-position":"center center","background-size":"auto","background-attachment":"scroll","background-type":"","background-media":"","overlay-type":"","overlay-color":"","overlay-opacity":"","overlay-gradient":""}},"ast-content-background-meta":{"desktop":{"background-color":"var(--ast-global-color-5)","background-image":"","background-repeat":"repeat","background-position":"center center","background-size":"auto","background-attachment":"scroll","background-type":"","background-media":"","overlay-type":"","overlay-color":"","overlay-opacity":"","overlay-gradient":""},"tablet":{"background-color":"var(--ast-global-color-5)","background-image":"","background-repeat":"repeat","background-position":"center center","background-size":"auto","background-attachment":"scroll","background-type":"","background-media":"","overlay-type":"","overlay-color":"","overlay-opacity":"","overlay-gradient":""},"mobile":{"background-color":"var(--ast-global-color-5)","background-image":"","background-repeat":"repeat","background-position":"center center","background-size":"auto","background-attachment":"scroll","background-type":"","background-media":"","overlay-type":"","overlay-color":"","overlay-opacity":"","overlay-gradient":""}},"footnotes":""},"class_list":["post-2597","page","type-page","status-publish","hentry"],"acf":[],"mb":[],"uagb_featured_image_src":{"full":false,"thumbnail":false,"medium":false,"medium_large":false,"large":false,"1536x1536":false,"2048x2048":false},"uagb_author_info":{"display_name":"T","author_link":"https:\/\/thairelaxhouse.com\/it\/author\/tim\/"},"uagb_comment_info":0,"uagb_excerpt":"Il massaggio prostatico viene eseguito per ottenere diversi benefici essenziali per la salute. Le sue propriet\u00e0 curative lo rendono un&#8217;esperienza meravigliosa per ogni uomo. I massaggiatori altamente qualificati del centro massaggi prostatici di Tenerife lo considerano un trattamento efficace per molte patologie. Che un uomo soffra di prostatite cronica o disfunzione erettile, il massaggio prostatico&hellip;","mfb_rest_fields":["title","uagb_featured_image_src","uagb_author_info","uagb_comment_info","uagb_excerpt"],"_links":{"self":[{"href":"https:\/\/thairelaxhouse.com\/it\/wp-json\/wp\/v2\/pages\/2597","targetHints":{"allow":["GET"]}}],"collection":[{"href":"https:\/\/thairelaxhouse.com\/it\/wp-json\/wp\/v2\/pages"}],"about":[{"href":"https:\/\/thairelaxhouse.com\/it\/wp-json\/wp\/v2\/types\/page"}],"author":[{"embeddable":true,"href":"https:\/\/thairelaxhouse.com\/it\/wp-json\/wp\/v2\/users\/1"}],"replies":[{"embeddable":true,"href":"https:\/\/thairelaxhouse.com\/it\/wp-json\/wp\/v2\/comments?post=2597"}],"version-history":[{"count":0,"href":"https:\/\/thairelaxhouse.com\/it\/wp-json\/wp\/v2\/pages\/2597\/revisions"}],"wp:attachment":[{"href":"https:\/\/thairelaxhouse.com\/it\/wp-json\/wp\/v2\/media?parent=2597"}],"curies":[{"name":"wp","href":"https:\/\/api.w.org\/{rel}","templated":true}]}}