{"id":2585,"date":"2025-01-27T11:06:56","date_gmt":"2025-01-27T11:06:56","guid":{"rendered":"https:\/\/thairelaxhouse.com\/?page_id=2585"},"modified":"2026-03-30T12:24:54","modified_gmt":"2026-03-30T12:24:54","slug":"massaggio-69-interattivo","status":"publish","type":"page","link":"https:\/\/thairelaxhouse.com\/it\/massaggio-69-interattivo\/","title":{"rendered":"Massaggio 69"},"content":{"rendered":"\n<div class=\"wp-block-uagb-image uagb-block-c2a72646 wp-block-uagb-image--layout-default wp-block-uagb-image--effect-static wp-block-uagb-image--align-none\"><figure class=\"wp-block-uagb-image__figure\"><img decoding=\"async\" srcset=\"https:\/\/thairelaxhouse.com\/wp-content\/uploads\/2025\/05\/List13-WM-1024x576.webp ,https:\/\/thairelaxhouse.com\/wp-content\/uploads\/2025\/05\/List13-WM-scaled.webp 780w, https:\/\/thairelaxhouse.com\/wp-content\/uploads\/2025\/05\/List13-WM-scaled.webp 360w\" sizes=\"auto, (max-width: 480px) 150px\" src=\"https:\/\/thairelaxhouse.com\/wp-content\/uploads\/2025\/05\/List13-WM-1024x576.webp\" alt=\"\" class=\"uag-image-3896\" width=\"3840\" height=\"2160\" title=\"List13-WM\" loading=\"lazy\" role=\"img\"\/><\/figure><\/div>\n\n\n\n<div class=\"wp-block-uagb-call-to-action uagb-block-a695a981 wp-block-button\"><div class=\"uagb-cta__wrap\"><h1 class=\"uagb-cta__title\">Massaggio 69<br>A partire da \u20ac350 <\/h1><p class=\"uagb-cta__desc\">Un massaggio 69 sensuale ed erotico, disponibile esclusivamente presso il nostro salone<\/p><\/div><div class=\"uagb-cta__buttons\"><a href=\"https:\/\/wa.me\/34687640723?text=Hello,%20I%20would%20like%20to%20book%20a%20session%20of%20Massage%2069%20Interactive!\" class=\"uagb-cta__button-link-wrapper wp-block-button__link\" target=\"_self\" rel=\"noopener noreferrer\" aria-label=\"Book via WhatsApp\">book now<svg xmlns=\"https:\/\/www.w3.org\/2000\/svg\" viewBox=\"0 0 448 512\"><path d=\"M380.9 97.1C339 55.1 283.2 32 223.9 32c-122.4 0-222 99.6-222 222 0 39.1 10.2 77.3 29.6 111L0 480l117.7-30.9c32.4 17.7 68.9 27 106.1 27h.1c122.3 0 224.1-99.6 224.1-222 0-59.3-25.2-115-67.1-157zm-157 341.6c-33.2 0-65.7-8.9-94-25.7l-6.7-4-69.8 18.3L72 359.2l-4.4-7c-18.5-29.4-28.2-63.3-28.2-98.2 0-101.7 82.8-184.5 184.6-184.5 49.3 0 95.6 19.2 130.4 54.1 34.8 34.9 56.2 81.2 56.1 130.5 0 101.8-84.9 184.6-186.6 184.6zm101.2-138.2c-5.5-2.8-32.8-16.2-37.9-18-5.1-1.9-8.8-2.8-12.5 2.8-3.7 5.6-14.3 18-17.6 21.8-3.2 3.7-6.5 4.2-12 1.4-32.6-16.3-54-29.1-75.5-66-5.7-9.8 5.7-9.1 16.3-30.3 1.8-3.7 .9-6.9-.5-9.7-1.4-2.8-12.5-30.1-17.1-41.2-4.5-10.8-9.1-9.3-12.5-9.5-3.2-.2-6.9-.2-10.6-.2-3.7 0-9.7 1.4-14.8 6.9-5.1 5.6-19.4 19-19.4 46.3 0 27.3 19.9 53.7 22.6 57.4 2.8 3.7 39.1 59.7 94.8 83.8 35.2 15.2 49 16.5 66.6 13.9 10.7-1.6 32.8-13.4 37.4-26.4 4.6-13 4.6-24.1 3.2-26.4-1.3-2.5-5-3.9-10.5-6.6z\"><\/path><\/svg><\/a><\/div><\/div>\n\n\n\n<p>Massaggio 69 \u00e8 un nuovo massaggio nel nostro centro. Questo massaggio viene eseguito su un lettino speciale e con 2 massaggiatrici.<br>Il nostro cliente si sdraia sul lettino e le due massaggiatrici eseguono un massaggio delicato e rilassante su tutto il corpo. Poi, quando tutto il corpo del nostro cliente \u00e8 gi\u00e0 morbido e caldo, una delle massaggiatrici si sdraia sotto il lettino e inizia a massaggiare i genitali del cliente, mentre l&#8217;altra continua con il massaggio corpo a corpo su schiena, glutei e gambe. Dopodich\u00e9, una massaggiatrice si alterna con l&#8217;altra.   <em>Il lieto fine si realizza con le mani.<\/em><\/p>\n\n\n\n<p>Tutti i massaggi sono eseguiti manualmente. Non sono ammessi rapporti sessuali o penetrazione. <\/p>\n\n\n\n<h2 class=\"wp-block-heading has-large-font-size\">Massaggio 69 a Tenerife Sud: l&#8217;esperienza pi\u00f9 intima e iconica<\/h2>\n\n\n\n<p>Benvenuti all&#8217;incontro pi\u00f9 intimo e piacevole a <strong>Tenerife Sud<\/strong>, <strong>Costa Adeje<\/strong> e <strong>Playa de Las Am\u00e9ricas:<\/strong> il <strong>Massage 69 Interactive<\/strong>. Questo servizio esclusivo \u00e8 un tipo di massaggio erotico, un&#8217;esperienza piacevole e appagante per uomini di tutte le et\u00e0. \u00c8 quindi adatto a tutti gli uomini sani di mente.  <\/p>\n\n\n\n<h2 class=\"wp-block-heading has-large-font-size\">Che cos&#8217;\u00e8 Massage 69 ?<\/h2>\n\n\n\n<p>Questo massaggio unico \u00e8 eseguito da due terapiste che lavorano contemporaneamente su diverse parti del corpo. Sarete sdraiati su un lettino speciale con un&#8217;apertura per le parti pi\u00f9 intime. Una terapista vi massagger\u00e0 da sotto il lettino, mentre l&#8217;altra vi massagger\u00e0 dall&#8217;alto, in un ritmo di piacere e tocco.  <\/p>\n\n\n\n<h3 class=\"wp-block-heading has-medium-font-size\">Un rituale erotico di doppia sensazione<\/h3>\n\n\n\n<p>Il massaggio interattivo 69 non \u00e8 solo piacere, \u00e8 un&#8217;arte del massaggio. Mentre il terapista sotto il lettino massaggia le tue parti intime e l&#8217;altro terapista ti massaggia schiena, braccia, cosce e collo, sarai immerso in un ciclo di stimolazione. Ogni movimento \u00e8 deliberato, ogni tocco \u00e8 pensato per portarti a un livello di eccitazione superiore e farti venire.  <\/p>\n\n\n\n<h3 class=\"wp-block-heading has-medium-font-size\">Perch\u00e9 scegliere il massaggio interattivo 69?<\/h3>\n\n\n\n<ul class=\"wp-block-list\">\n<li>Due terapisti contemporaneamente per il massimo piacere.<\/li>\n\n\n\n<li>Tavolo dal design speciale per massaggi erotici senza ingombri.<\/li>\n\n\n\n<li>Un ambiente pulito, privato e confortevole a<strong> Costa Adeje<\/strong> e <strong>Las Am\u00e9ricas<\/strong><\/li>\n\n\n\n<li>Solo per uomini e per chi vuole provare qualcosa di nuovo e malizioso.<\/li>\n\n\n\n<li>Fatto con rispetto, attenzione e riservatezza.<\/li>\n<\/ul>\n\n\n\n<h3 class=\"wp-block-heading has-medium-font-size\">Su misura per clienti avventurosi<\/h3>\n\n\n\n<p>Adatto a uomini audaci, giocosi e desiderosi di un incontro sensuale con un tocco di eleganza. Che siate a Tenerife da soli, con gli amici o semplicemente desiderosi di esplorare il vostro erotismo, il nostro massaggio 69 \u00e8 il modo migliore per rilassarvi ed essere guidati nel processo, senza pressioni o stigmatizzazioni. <\/p>\n\n\n\n<h3 class=\"wp-block-heading has-medium-font-size\">Posizione: Il cuore erotico del sud di Tenerife<\/h3>\n\n\n\n<p>Thai Relax House si trova nel cuore di <strong>Tenerife Sud<\/strong>, tra<strong> Playa de Las Am\u00e9ricas<\/strong> e <strong>Costa Adeje<\/strong>. Offriamo un&#8217;oasi di pace incentrata sul vostro comfort, sulla vostra privacy e sulla vostra soddisfazione. Facile da raggiungere, riservato e sempre aperto, il nostro studio \u00e8 la destinazione ideale per il massaggio pi\u00f9 intimo ed erotico della parte meridionale dell&#8217;isola.  <\/p>\n\n\n\n<h2 class=\"wp-block-heading has-large-font-size\">Migliora il tuo incontro erotico<\/h2>\n\n\n\n<p>Puoi anche provare altri servizi sensuali da abbinare al tuo Massaggio 69:<\/p>\n\n\n\n<ul class=\"wp-block-list\">\n<li><a href=\"https:\/\/thairelaxhouse.com\/it\/massaggio-corpo-a-corpo\/\">Massaggio corpo a corpo<\/a>: contatto pelle a pelle per la massima intensit\u00e0.<\/li>\n\n\n\n<li><a href=\"https:\/\/thairelaxhouse.com\/it\/massaggio-lingam\/\">Massaggio Lingam<\/a>: scopri la potenza del chakra maschile e impara come sbloccarlo.<\/li>\n\n\n\n<li><a href=\"https:\/\/thairelaxhouse.com\/it\/thai-lux\/\">Massaggio Thai Lux<\/a>: un&#8217;interpretazione sensuale del massaggio erotico e thailandese.<\/li>\n\n\n\n<li><a href=\"https:\/\/thairelaxhouse.com\/it\/massaggio-speciale-interattivo\/\">Special Interactive Massage<\/a> \u2013 A fun, intimate and very sensual massage.<\/li>\n\n\n\n<li><a href=\"https:\/\/thairelaxhouse.com\/it\/sessione-femdom\/\">Sessione Femdom<\/a> \u2013 Per chi ama un po\u2019 di dominazione e controllo nelle proprie attivit\u00e0 erotiche.<\/li>\n<\/ul>\n\n\n\n<h2 class=\"wp-block-heading has-large-font-size\">Prenota il massaggio erotico pi\u00f9 esclusivo a Tenerife<\/h2>\n\n\n\n<p>Il <strong>Massage 69 Interactive<\/strong> \u00e8 pi\u00f9 di un massaggio, \u00e8 un evento che vi far\u00e0 sentire e ricordare. Contattateci a <strong>Las Am\u00e9ricas<\/strong>, <strong>Costa Adeje<\/strong> o in qualsiasi altra zona di <strong>Tenerife Sud<\/strong> per l&#8217;incontro pi\u00f9 sensuale. Il vostro viaggio nel mondo del piacere inizia oggi: prenotate subito e lasciate che superiamo le vostre aspettative.  <\/p>\n\n\n<div class=\"is-acf-field wp-block-mfb-meta-field-block\"><div class=\"value\"><h2>Scopri il Massaggio Thai<\/h2>\n<p>Il massaggio Thai \u00e8 un&#8217;arte millenaria che combina tecniche di stretching e pressione. \u00c8 conosciuto per migliorare la circolazione e aumentare la flessibilit\u00e0. Scopri di pi\u00f9 sui <a href=\"https:\/\/thairelaxhouse.com\/it\/massaggi-tradizionali\/\">massaggi tradizionali<\/a> e i loro benefici per il corpo e la mente.<\/p>\n<p>Presso Thai Relax House, offriamo una variet\u00e0 di esperienze di massaggio nel rispetto delle antiche tradizioni. Prenota il tuo trattamento e vieni a vivere un momento di puro benessere. Visita la nostra pagina sui <a href=\"https:\/\/thairelaxhouse.com\/it\/trattamenti-benessere\/\">trattamenti di benessere<\/a> per ulteriori dettagli.<\/p>\n<\/div><\/div>","protected":false},"excerpt":{"rendered":"<p>Massaggio 69 \u00e8 un nuovo massaggio nel nostro centro. Questo massaggio viene eseguito su un lettino speciale e con 2 massaggiatrici.Il nostro cliente si sdraia sul lettino e le due massaggiatrici eseguono un massaggio delicato e rilassante su tutto il corpo. Poi, quando tutto il corpo del nostro cliente \u00e8 gi\u00e0 morbido e caldo, una [&hellip;]<\/p>\n","protected":false},"author":1,"featured_media":0,"parent":0,"menu_order":0,"comment_status":"closed","ping_status":"closed","template":"","meta":{"_acf_changed":false,"_uag_custom_page_level_css":"","site-sidebar-layout":"default","site-content-layout":"","ast-site-content-layout":"default","site-content-style":"default","site-sidebar-style":"default","ast-global-header-display":"","ast-banner-title-visibility":"","ast-main-header-display":"","ast-hfb-above-header-display":"","ast-hfb-below-header-display":"","ast-hfb-mobile-header-display":"","site-post-title":"disabled","ast-breadcrumbs-content":"","ast-featured-img":"","footer-sml-layout":"","ast-disable-related-posts":"","theme-transparent-header-meta":"","adv-header-id-meta":"","stick-header-meta":"","header-above-stick-meta":"","header-main-stick-meta":"","header-below-stick-meta":"","astra-migrate-meta-layouts":"set","ast-page-background-enabled":"default","ast-page-background-meta":{"desktop":{"background-color":"","background-image":"","background-repeat":"repeat","background-position":"center center","background-size":"auto","background-attachment":"scroll","background-type":"","background-media":"","overlay-type":"","overlay-color":"","overlay-opacity":"","overlay-gradient":""},"tablet":{"background-color":"","background-image":"","background-repeat":"repeat","background-position":"center center","background-size":"auto","background-attachment":"scroll","background-type":"","background-media":"","overlay-type":"","overlay-color":"","overlay-opacity":"","overlay-gradient":""},"mobile":{"background-color":"","background-image":"","background-repeat":"repeat","background-position":"center center","background-size":"auto","background-attachment":"scroll","background-type":"","background-media":"","overlay-type":"","overlay-color":"","overlay-opacity":"","overlay-gradient":""}},"ast-content-background-meta":{"desktop":{"background-color":"var(--ast-global-color-5)","background-image":"","background-repeat":"repeat","background-position":"center center","background-size":"auto","background-attachment":"scroll","background-type":"","background-media":"","overlay-type":"","overlay-color":"","overlay-opacity":"","overlay-gradient":""},"tablet":{"background-color":"var(--ast-global-color-5)","background-image":"","background-repeat":"repeat","background-position":"center center","background-size":"auto","background-attachment":"scroll","background-type":"","background-media":"","overlay-type":"","overlay-color":"","overlay-opacity":"","overlay-gradient":""},"mobile":{"background-color":"var(--ast-global-color-5)","background-image":"","background-repeat":"repeat","background-position":"center center","background-size":"auto","background-attachment":"scroll","background-type":"","background-media":"","overlay-type":"","overlay-color":"","overlay-opacity":"","overlay-gradient":""}},"footnotes":""},"class_list":["post-2585","page","type-page","status-publish","hentry"],"acf":[],"mb":[],"uagb_featured_image_src":{"full":false,"thumbnail":false,"medium":false,"medium_large":false,"large":false,"1536x1536":false,"2048x2048":false},"uagb_author_info":{"display_name":"T","author_link":"https:\/\/thairelaxhouse.com\/it\/author\/tim\/"},"uagb_comment_info":0,"uagb_excerpt":"Massaggio 69 \u00e8 un nuovo massaggio nel nostro centro. Questo massaggio viene eseguito su un lettino speciale e con 2 massaggiatrici.Il nostro cliente si sdraia sul lettino e le due massaggiatrici eseguono un massaggio delicato e rilassante su tutto il corpo. Poi, quando tutto il corpo del nostro cliente \u00e8 gi\u00e0 morbido e caldo, una&hellip;","mfb_rest_fields":["title","uagb_featured_image_src","uagb_author_info","uagb_comment_info","uagb_excerpt"],"_links":{"self":[{"href":"https:\/\/thairelaxhouse.com\/it\/wp-json\/wp\/v2\/pages\/2585","targetHints":{"allow":["GET"]}}],"collection":[{"href":"https:\/\/thairelaxhouse.com\/it\/wp-json\/wp\/v2\/pages"}],"about":[{"href":"https:\/\/thairelaxhouse.com\/it\/wp-json\/wp\/v2\/types\/page"}],"author":[{"embeddable":true,"href":"https:\/\/thairelaxhouse.com\/it\/wp-json\/wp\/v2\/users\/1"}],"replies":[{"embeddable":true,"href":"https:\/\/thairelaxhouse.com\/it\/wp-json\/wp\/v2\/comments?post=2585"}],"version-history":[{"count":2,"href":"https:\/\/thairelaxhouse.com\/it\/wp-json\/wp\/v2\/pages\/2585\/revisions"}],"predecessor-version":[{"id":6236,"href":"https:\/\/thairelaxhouse.com\/it\/wp-json\/wp\/v2\/pages\/2585\/revisions\/6236"}],"wp:attachment":[{"href":"https:\/\/thairelaxhouse.com\/it\/wp-json\/wp\/v2\/media?parent=2585"}],"curies":[{"name":"wp","href":"https:\/\/api.w.org\/{rel}","templated":true}]}}