{"id":2578,"date":"2025-01-26T14:58:14","date_gmt":"2025-01-26T14:58:14","guid":{"rendered":"https:\/\/thairelaxhouse.com\/mann-fuer-mann-massage\/"},"modified":"2026-03-24T09:01:11","modified_gmt":"2026-03-24T08:01:11","slug":"mann-fuer-mann-massage","status":"publish","type":"page","link":"https:\/\/thairelaxhouse.com\/it\/mann-fuer-mann-massage\/","title":{"rendered":"Massaggio uomo per uomo"},"content":{"rendered":"\n<div class=\"wp-block-uagb-image uagb-block-9ac5edab wp-block-uagb-image--layout-default wp-block-uagb-image--effect-static wp-block-uagb-image--align-none\"><figure class=\"wp-block-uagb-image__figure\"><img decoding=\"async\" srcset=\"https:\/\/thairelaxhouse.com\/wp-content\/uploads\/2025\/05\/List8-WM-1-1024x576.webp ,https:\/\/thairelaxhouse.com\/wp-content\/uploads\/2025\/05\/List8-WM-1-scaled.webp 780w, https:\/\/thairelaxhouse.com\/wp-content\/uploads\/2025\/05\/List8-WM-1-scaled.webp 360w\" sizes=\"auto, (max-width: 480px) 150px\" src=\"https:\/\/thairelaxhouse.com\/wp-content\/uploads\/2025\/05\/List8-WM-1-1024x576.webp\" alt=\"\" class=\"uag-image-3850\" width=\"3840\" height=\"2160\" title=\"List8 WM\" loading=\"lazy\" role=\"img\"><\/figure><\/div>\n\n<div class=\"wp-block-uagb-call-to-action uagb-block-a695a981 wp-block-button\"><div class=\"uagb-cta__wrap\"><h1 class=\"uagb-cta__title\">Massaggio Uomo per Uomo<br\/>A partire da \u20ac200 <\/h1><p class=\"uagb-cta__desc\">Un massaggio personalizzato per uomo, eseguito da un terapista uomo, che combina tecniche esperte con cure personalizzate<\/p><\/div><div class=\"uagb-cta__buttons\"><a href=\"https:\/\/wa.me\/34687640723?text=Hello,%20I%20would%20like%20to%20book%20a%20session%20of%20Man-for-Man%20Massage!\" class=\"uagb-cta__button-link-wrapper wp-block-button__link\" target=\"_self\" rel=\"noopener noreferrer\" aria-label=\"Book via WhatsApp\">prenota ora<svg xmlns=\"https:\/\/www.w3.org\/2000\/svg\" viewbox=\"0 0 448 512\"><path d=\"M380.9 97.1C339 55.1 283.2 32 223.9 32c-122.4 0-222 99.6-222 222 0 39.1 10.2 77.3 29.6 111L0 480l117.7-30.9c32.4 17.7 68.9 27 106.1 27h.1c122.3 0 224.1-99.6 224.1-222 0-59.3-25.2-115-67.1-157zm-157 341.6c-33.2 0-65.7-8.9-94-25.7l-6.7-4-69.8 18.3L72 359.2l-4.4-7c-18.5-29.4-28.2-63.3-28.2-98.2 0-101.7 82.8-184.5 184.6-184.5 49.3 0 95.6 19.2 130.4 54.1 34.8 34.9 56.2 81.2 56.1 130.5 0 101.8-84.9 184.6-186.6 184.6zm101.2-138.2c-5.5-2.8-32.8-16.2-37.9-18-5.1-1.9-8.8-2.8-12.5 2.8-3.7 5.6-14.3 18-17.6 21.8-3.2 3.7-6.5 4.2-12 1.4-32.6-16.3-54-29.1-75.5-66-5.7-9.8 5.7-9.1 16.3-30.3 1.8-3.7 .9-6.9-.5-9.7-1.4-2.8-12.5-30.1-17.1-41.2-4.5-10.8-9.1-9.3-12.5-9.5-3.2-.2-6.9-.2-10.6-.2-3.7 0-9.7 1.4-14.8 6.9-5.1 5.6-19.4 19-19.4 46.3 0 27.3 19.9 53.7 22.6 57.4 2.8 3.7 39.1 59.7 94.8 83.8 35.2 15.2 49 16.5 66.6 13.9 10.7-1.6 32.8-13.4 37.4-26.4 4.6-13 4.6-24.1 3.2-26.4-1.3-2.5-5-3.9-10.5-6.6z\"><\/path><\/svg><\/a><\/div><\/div>\n\n<p>Tutti i massaggi sono eseguiti manualmente. Non sono ammessi rapporti sessuali o penetrazione. <\/p>\n\n<h2 class=\"wp-block-heading has-large-font-size\">Massaggio tra uomini nel sud di Tenerife: un&#8217;energia maschile sensuale condivisa con fiducia.<\/h2>\n\n<p>Il <strong>Massaggio Uomo per Uomo<\/strong> \u00e8 disponibile a <strong>Tenerife Sud<\/strong>, <strong>Costa Adeje<\/strong> e <strong>Playa de Las Am\u00e9ricas<\/strong> e offre una connessione profonda e un rilassamento erotico per gli uomini.<\/p>\n\n<h2 class=\"wp-block-heading has-large-font-size\">What is Man for Man Massage?<\/h2>\n\n<p>This massage is given by a male therapist who understands how to work with male tension, energy and arousal. The experience combines eroticism, strength, and sensitivity and allows you to fully let go in a safe and professional environment. Whether you are looking to try it, have experience, or are simply open to new sensations, this session offers a deeply fulfilling connection through male to male intimacy.  <\/p>\n\n<h2 class=\"wp-block-heading has-large-font-size\">Uno spazio sicuro per il desiderio e l&#8217;esplorazione<\/h2>\n\n<p>Il <strong>Massaggio Uomo per Uomo<\/strong> non \u00e8 solo un servizio, ma un&#8217;offerta per sentirti, rilassarti e liberare i tuoi confini in un luogo dove sei accettato cos\u00ec come sei. Il terapeuta utilizza una combinazione di carezze lente e sensuali, movimenti corpo a corpo e tocco intuitivo per condurti in uno stato di eccitazione e rilascio emotivo, sempre al tuo ritmo e sempre comunicando chiaramente. <\/p>\n\n<h2 class=\"wp-block-heading has-large-font-size\">Perch\u00e9 scegliere questo massaggio?<\/h2>\n\n<ul class=\"wp-block-list\">\n<li>Vivi l&#8217;energia maschile in un ambiente erotico con rispetto<\/li>\n\n\n\n<li>Rilassa il corpo e la mente con il tocco maschile<\/li>\n\n\n\n<li>Posizione privata e discreta in <strong>Costa Adeje<\/strong> e <strong>Las Am\u00e9ricas<\/strong><\/li>\n\n\n\n<li>Ideale per uomini gay, bisessuali, bicuriosi o di mentalit\u00e0 aperta<\/li>\n\n\n\n<li>Comunicazione senza pressione, aperta e onesta e professionalit\u00e0 totale<\/li>\n<\/ul>\n\n<h3 class=\"wp-block-heading has-medium-font-size\">Per ogni uomo che cerca il benessere intimo<\/h3>\n\n<p>Questo massaggio \u00e8 rivolto a tutti gli uomini di tutte le et\u00e0 che desiderano esplorare la sensualit\u00e0 in uno spazio maschile, che siano single, in una relazione, con esperienza o alle prime armi. Non ci sono pregiudizi, solo presenza e intenzione. Siete invitati a provare piacere, eccitazione e connessione in un modo potente e naturale.  <\/p>\n\n<h3 class=\"wp-block-heading has-medium-font-size\">Situato nel cuore di Tenerife Sud<\/h3>\n\n<p>Lo studio si trova tra <strong>Playa de Las Am\u00e9ricas<\/strong> e <strong>Costa Adeje<\/strong> ed \u00e8 quindi facilmente raggiungibile da qualsiasi punto di <strong>Tenerife Sud<\/strong>. Con totale discrezione, elevati standard igienici e un ambiente calmo e invitante, Thai Relax House \u00e8 un luogo dove puoi essere te stesso, rilassarti e goderti il momento. <\/p>\n\n<h3 class=\"wp-block-heading has-medium-font-size\">Complementary Sensual Experiences<\/h3>\n\n<p>Want to explore other options in your erotic massage journey?<\/p>\n\n<ul class=\"wp-block-list\">\n<li><a href=\"https:\/\/thairelaxhouse.com\/it\/massaggio-lingam\/\">Massaggio Lingam<\/a> \u2013 focalizzato sul piacere maschile, sulla sensibilit\u00e0 e sulla sacra liberazione.<\/li>\n\n\n\n<li><a href=\"https:\/\/thairelaxhouse.com\/it\/massaggio-corpo-a-corpo\/\">Massaggio corpo a corpo<\/a> \u2013 un&#8217;esperienza intima di contatto pelle a pelle con fluida sensualit\u00e0.<\/li>\n\n\n\n<li><a href=\"https:\/\/thairelaxhouse.com\/it\/massaggio-96-interattivo\/\">Massaggio 96 Interattivo <\/a> \u2013 un massaggio erotico condiviso tra due uomini con una terapista donna.<\/li>\n\n\n\n<li><a href=\"https:\/\/thairelaxhouse.com\/it\/sessione-femdom\/\">Sessione Femdom<\/a> \u2013 Per chi \u00e8 interessato ad esplorare lo scambio di potere in modo giocoso e rispettoso.<\/li>\n\n\n\n<li><a href=\"https:\/\/thairelaxhouse.com\/it\/massaggio-tantra\/\">Massaggio Tantra<\/a> \u2013 connettiti con la pace interiore e la sessualit\u00e0 attraverso il tocco consapevole.<\/li>\n<\/ul>\n\n<h2 class=\"wp-block-heading has-large-font-size\">Prenota oggi il tuo massaggio uomo per uomo a Tenerife<\/h2>\n\n<p>Vuoi scoprire l&#8217;intimit\u00e0 maschile nel suo modo pi\u00f9 rilassato e sensuale? Il nostro <strong>Massaggio Uomo per Uomo<\/strong> a <strong>Tenerife Sud<\/strong>, <strong>Las Am\u00e9ricas<\/strong> e <strong>Costa Adeje<\/strong> \u00e8 qui per offrirti un nuovo tipo di piacere: autentico, rispettoso e profondamente appagante. Prenota ora e inizia il tuo viaggio in uno spazio in cui puoi semplicemente sentirti.  <\/p>\n<div class=\"is-acf-field wp-block-mfb-meta-field-block\"><div class=\"value\"><h2>Il Massaggio Uomo per Uomo: Un&#8217;Esperienza Rilassante<\/h2>\n<p>Il massaggio uomo per uomo \u00e8 una pratica che offre uno spazio intimo per il relax e il benessere. Questo tipo di massaggio si concentra su tecniche specifiche che aiutano a sciogliere tensioni muscolari, favorendo un profondo stato di rilassamento. Scopri di pi\u00f9 sui vantaggi di questa esperienza unica visitando la nostra <a href=\"https:\/\/thairelaxhouse.com\/it\/trattamenti-massaggi\/\">pagina sui trattamenti di massaggio<\/a>.<\/p>\n<p>Se sei alla ricerca di un modo per alleviare lo stress e ricaricare le energie, il massaggio uomo per uomo \u00e8 perfetto per te. In un ambiente sereno, potrai godere di un trattamento personalizzato che risponde alle tue esigenze. Per ulteriori informazioni su come prenotare il tuo massaggio, visita il nostro <a href=\"https:\/\/thairelaxhouse.com\/it\/contatti\/\">modulo di contatto<\/a>.<\/p>\n<\/div><\/div>\n","protected":false},"excerpt":{"rendered":"<p>Tutti i massaggi sono eseguiti manualmente. Non sono ammessi rapporti sessuali o penetrazione. Massaggio tra uomini nel sud di Tenerife: un&#8217;energia maschile sensuale condivisa con fiducia. Il Massaggio Uomo per Uomo \u00e8 disponibile a Tenerife Sud, Costa Adeje e Playa de Las Am\u00e9ricas e offre una connessione profonda e un rilassamento erotico per gli uomini. [&hellip;]<\/p>\n","protected":false},"author":1,"featured_media":0,"parent":0,"menu_order":0,"comment_status":"closed","ping_status":"closed","template":"","meta":{"_acf_changed":false,"_uag_custom_page_level_css":"","site-sidebar-layout":"default","site-content-layout":"","ast-site-content-layout":"default","site-content-style":"default","site-sidebar-style":"default","ast-global-header-display":"","ast-banner-title-visibility":"","ast-main-header-display":"","ast-hfb-above-header-display":"","ast-hfb-below-header-display":"","ast-hfb-mobile-header-display":"","site-post-title":"disabled","ast-breadcrumbs-content":"","ast-featured-img":"","footer-sml-layout":"","ast-disable-related-posts":"","theme-transparent-header-meta":"","adv-header-id-meta":"","stick-header-meta":"","header-above-stick-meta":"","header-main-stick-meta":"","header-below-stick-meta":"","astra-migrate-meta-layouts":"set","ast-page-background-enabled":"default","ast-page-background-meta":{"desktop":{"background-color":"","background-image":"","background-repeat":"repeat","background-position":"center center","background-size":"auto","background-attachment":"scroll","background-type":"","background-media":"","overlay-type":"","overlay-color":"","overlay-opacity":"","overlay-gradient":""},"tablet":{"background-color":"","background-image":"","background-repeat":"repeat","background-position":"center center","background-size":"auto","background-attachment":"scroll","background-type":"","background-media":"","overlay-type":"","overlay-color":"","overlay-opacity":"","overlay-gradient":""},"mobile":{"background-color":"","background-image":"","background-repeat":"repeat","background-position":"center center","background-size":"auto","background-attachment":"scroll","background-type":"","background-media":"","overlay-type":"","overlay-color":"","overlay-opacity":"","overlay-gradient":""}},"ast-content-background-meta":{"desktop":{"background-color":"var(--ast-global-color-5)","background-image":"","background-repeat":"repeat","background-position":"center center","background-size":"auto","background-attachment":"scroll","background-type":"","background-media":"","overlay-type":"","overlay-color":"","overlay-opacity":"","overlay-gradient":""},"tablet":{"background-color":"var(--ast-global-color-5)","background-image":"","background-repeat":"repeat","background-position":"center center","background-size":"auto","background-attachment":"scroll","background-type":"","background-media":"","overlay-type":"","overlay-color":"","overlay-opacity":"","overlay-gradient":""},"mobile":{"background-color":"var(--ast-global-color-5)","background-image":"","background-repeat":"repeat","background-position":"center center","background-size":"auto","background-attachment":"scroll","background-type":"","background-media":"","overlay-type":"","overlay-color":"","overlay-opacity":"","overlay-gradient":""}},"footnotes":""},"class_list":["post-2578","page","type-page","status-publish","hentry"],"acf":[],"mb":[],"uagb_featured_image_src":{"full":false,"thumbnail":false,"medium":false,"medium_large":false,"large":false,"1536x1536":false,"2048x2048":false},"uagb_author_info":{"display_name":"T","author_link":"https:\/\/thairelaxhouse.com\/it\/author\/tim\/"},"uagb_comment_info":0,"uagb_excerpt":"Tutti i massaggi sono eseguiti manualmente. Non sono ammessi rapporti sessuali o penetrazione. Massaggio tra uomini nel sud di Tenerife: un&#8217;energia maschile sensuale condivisa con fiducia. Il Massaggio Uomo per Uomo \u00e8 disponibile a Tenerife Sud, Costa Adeje e Playa de Las Am\u00e9ricas e offre una connessione profonda e un rilassamento erotico per gli uomini.&hellip;","mfb_rest_fields":["title","uagb_featured_image_src","uagb_author_info","uagb_comment_info","uagb_excerpt"],"_links":{"self":[{"href":"https:\/\/thairelaxhouse.com\/it\/wp-json\/wp\/v2\/pages\/2578","targetHints":{"allow":["GET"]}}],"collection":[{"href":"https:\/\/thairelaxhouse.com\/it\/wp-json\/wp\/v2\/pages"}],"about":[{"href":"https:\/\/thairelaxhouse.com\/it\/wp-json\/wp\/v2\/types\/page"}],"author":[{"embeddable":true,"href":"https:\/\/thairelaxhouse.com\/it\/wp-json\/wp\/v2\/users\/1"}],"replies":[{"embeddable":true,"href":"https:\/\/thairelaxhouse.com\/it\/wp-json\/wp\/v2\/comments?post=2578"}],"version-history":[{"count":0,"href":"https:\/\/thairelaxhouse.com\/it\/wp-json\/wp\/v2\/pages\/2578\/revisions"}],"wp:attachment":[{"href":"https:\/\/thairelaxhouse.com\/it\/wp-json\/wp\/v2\/media?parent=2578"}],"curies":[{"name":"wp","href":"https:\/\/api.w.org\/{rel}","templated":true}]}}