{"id":2549,"date":"2025-01-27T11:42:09","date_gmt":"2025-01-27T11:42:09","guid":{"rendered":"https:\/\/thairelaxhouse.com\/?page_id=2549"},"modified":"2026-03-24T09:01:11","modified_gmt":"2026-03-24T08:01:11","slug":"offerta-esclusiva-massaggio","status":"publish","type":"page","link":"https:\/\/thairelaxhouse.com\/it\/offerta-esclusiva-massaggio\/","title":{"rendered":"Offerta Speciale Massaggio"},"content":{"rendered":"\n<div class=\"wp-block-uagb-image uagb-block-d9fe6e9a wp-block-uagb-image--layout-default wp-block-uagb-image--effect-static wp-block-uagb-image--align-none\"><figure class=\"wp-block-uagb-image__figure\"><img decoding=\"async\" srcset=\"https:\/\/thairelaxhouse.com\/wp-content\/uploads\/2025\/05\/List4-WM-1024x576.png ,https:\/\/thairelaxhouse.com\/wp-content\/uploads\/2025\/05\/List4-WM-scaled.png 780w, https:\/\/thairelaxhouse.com\/wp-content\/uploads\/2025\/05\/List4-WM-scaled.png 360w\" sizes=\"auto, (max-width: 480px) 150px\" src=\"https:\/\/thairelaxhouse.com\/wp-content\/uploads\/2025\/05\/List4-WM-1024x576.png\" alt=\"\" class=\"uag-image-3806\" width=\"1024\" height=\"576\" title=\"List4 WM\" loading=\"lazy\" role=\"img\"><\/figure><\/div>\n\n<div class=\"wp-block-uagb-call-to-action uagb-block-a695a981 wp-block-button\"><div class=\"uagb-cta__wrap\"><h1 class=\"uagb-cta__title\">Offerta Speciale Massaggio<br\/>A partire da \u20ac150 <\/h1><p class=\"uagb-cta__desc\">Contattaci per offerte speciali e vivi un&#8217;esperienza indimenticabile ed esclusiva<\/p><\/div><div class=\"uagb-cta__buttons\"><a href=\"https:\/\/wa.me\/34687640723?text=Hello,%20I%20would%20like%20to%20book%20a%20session%20of%20Exclusive Offer Massage!\" class=\"uagb-cta__button-link-wrapper wp-block-button__link\" target=\"_self\" rel=\"noopener noreferrer\" aria-label=\"Book via WhatsApp\">prenota ora<svg xmlns=\"https:\/\/www.w3.org\/2000\/svg\" viewbox=\"0 0 448 512\"><path d=\"M380.9 97.1C339 55.1 283.2 32 223.9 32c-122.4 0-222 99.6-222 222 0 39.1 10.2 77.3 29.6 111L0 480l117.7-30.9c32.4 17.7 68.9 27 106.1 27h.1c122.3 0 224.1-99.6 224.1-222 0-59.3-25.2-115-67.1-157zm-157 341.6c-33.2 0-65.7-8.9-94-25.7l-6.7-4-69.8 18.3L72 359.2l-4.4-7c-18.5-29.4-28.2-63.3-28.2-98.2 0-101.7 82.8-184.5 184.6-184.5 49.3 0 95.6 19.2 130.4 54.1 34.8 34.9 56.2 81.2 56.1 130.5 0 101.8-84.9 184.6-186.6 184.6zm101.2-138.2c-5.5-2.8-32.8-16.2-37.9-18-5.1-1.9-8.8-2.8-12.5 2.8-3.7 5.6-14.3 18-17.6 21.8-3.2 3.7-6.5 4.2-12 1.4-32.6-16.3-54-29.1-75.5-66-5.7-9.8 5.7-9.1 16.3-30.3 1.8-3.7 .9-6.9-.5-9.7-1.4-2.8-12.5-30.1-17.1-41.2-4.5-10.8-9.1-9.3-12.5-9.5-3.2-.2-6.9-.2-10.6-.2-3.7 0-9.7 1.4-14.8 6.9-5.1 5.6-19.4 19-19.4 46.3 0 27.3 19.9 53.7 22.6 57.4 2.8 3.7 39.1 59.7 94.8 83.8 35.2 15.2 49 16.5 66.6 13.9 10.7-1.6 32.8-13.4 37.4-26.4 4.6-13 4.6-24.1 3.2-26.4-1.3-2.5-5-3.9-10.5-6.6z\"><\/path><\/svg><\/a><\/div><\/div>\n\n<p>Tutti i massaggi sono eseguiti manualmente. Non sono ammessi rapporti sessuali o penetrazione. <\/p>\n\n<h2 class=\"wp-block-heading has-large-font-size\">Offerta esclusiva Massaggio a Tenerife Sud: una fuga sensuale al miglior prezzo<\/h2>\n\n<p>Approfitta della nostra offerta pi\u00f9 allettante a <strong>Tenerife Sud<\/strong>, tra cui <strong>Costa Adeje<\/strong> e <strong>Playa de Las Am\u00e9ricas<\/strong>, con l&#8217;irresistibile <strong>Massaggio in Offerta Esclusiva<\/strong>. Questa sessione unisce il meglio del relax erotico in un pacchetto indimenticabile:<strong> un massaggio interattivo <\/strong>con l&#8217;opzione di una doccia erotica o di un bacio corporale, pensato per chi desidera piacere, intimit\u00e0 e connessione a un prezzo eccezionale. <\/p>\n\n<h2 class=\"wp-block-heading has-large-font-size\">Cosa \u00e8 incluso nell&#8217;offerta esclusiva Massaggio?<\/h2>\n\n<p>Questo massaggio \u00e8 pensato per offrirti un&#8217;esperienza multisensoriale ricca e coinvolgente, che fonde intimit\u00e0 e stimolazione in perfetta armonia. Inizierai con<strong> un massaggio interattivo<\/strong> profondamente eccitante, in cui la tua partecipazione attiva \u00e8 benvenuta e incoraggiata. Poi, a seconda della tua scelta, la sessione prosegue con:  <\/p>\n\n<ul class=\"wp-block-list\">\n<li><strong>Doccia erotica<\/strong>: un&#8217;esperienza di bagno lenta, scivolosa e intima, condivisa con il tuo terapista, ricca di stuzzichini e connessioni tattili.<\/li>\n\n\n\n<li><strong>Baci sul corpo<\/strong>: baci delicati e sensuali sul tuo corpo, che risvegliano la tua pelle e aumentano l&#8217;eccitazione attraverso un delicato tocco erotico.<\/li>\n<\/ul>\n\n<p>Il risultato? Un percorso completo di relax e stimolazione, in un ambiente sicuro, rispettoso ed elegante. <\/p>\n\n<h3 class=\"wp-block-heading has-medium-font-size\">Il perfetto equilibrio tra erotico e rilassante<\/h3>\n\n<p>Questa offerta \u00e8 ideale sia per i principianti che per gli amanti dei massaggi pi\u00f9 esperti che desiderano assaporare molteplici elementi sensuali in un&#8217;unica sessione. \u00c8 audace ma mai frettolosa, erotica ma mai volgare. Il ritmo \u00e8 personalizzato in base alla tua energia, che tu voglia un tocco lento e seducente o un&#8217;esperienza pi\u00f9 passionale.  <\/p>\n\n<h3 class=\"wp-block-heading has-medium-font-size\">Perch\u00e9 scegliere l&#8217;offerta massaggio esclusiva?<\/h3>\n\n<ul class=\"wp-block-list\">\n<li>Un&#8217;esperienza erotica completa ad un prezzo eccezionale<\/li>\n\n\n\n<li>Attenzione personalizzata in un ambiente tranquillo e riservato<\/li>\n\n\n\n<li>Include elementi interattivi per il coinvolgimento reciproco<\/li>\n\n\n\n<li>Scegli tra doccia sensuale o bacio del corpo per una stimolazione aggiuntiva<\/li>\n\n\n\n<li>Situato discretamente in <strong>Costa Adeje<\/strong>, <strong>Las Am\u00e9ricas<\/strong> e <strong>Tenerife Sud<\/strong><\/li>\n<\/ul>\n\n<h3 class=\"wp-block-heading has-medium-font-size\">Per esploratori sensuali di ogni tipo<\/h3>\n\n<p>Questa sessione \u00e8 perfetta per viaggiatori singoli, coppie avventurose o chiunque sia aperto a esplorare il rilassamento erotico in modo raffinato e giocoso. Che sia la prima volta o che tu stia tornando per un&#8217;altra esperienza, sarai guidato da terapisti esperti che danno priorit\u00e0 alla comunicazione, alla sicurezza e al piacere reciproco. <\/p>\n\n<h3 class=\"wp-block-heading has-medium-font-size\">Dove la fantasia incontra la professionalit\u00e0<\/h3>\n\n<p>Il nostro studio si trova nel cuore di <strong>Tenerife Sud<\/strong>, tra <strong>Playa de Las Am\u00e9ricas<\/strong> e<strong> Costa Adeje<\/strong>. Offriamo un ambiente discreto e raffinato, dove potrete rilassarvi completamente e godervi la vostra sessione con la massima fiducia nella nostra professionalit\u00e0 e attenzione. <\/p>\n\n<h2 class=\"wp-block-heading has-large-font-size\">Scopri altre opzioni erotiche<\/h2>\n\n<p>Se questa sessione ti lascia con la voglia di altro, scopri altri trattamenti popolari e stimolanti:<\/p>\n\n<ul class=\"wp-block-list\">\n<li><a href=\"https:\/\/thairelaxhouse.com\/it\/massaggio-speciale-interattivo\/\">Massaggio speciale interattivo<\/a>: un&#8217;esperienza personalizzata e sensuale con una partecipazione giocosa.<\/li>\n\n\n\n<li><a href=\"https:\/\/thairelaxhouse.com\/it\/massaggio-69-interattivo\/\">Massaggio 69 Interattivo<\/a>: stimolazione con doppia terapista per un piacere intenso.<\/li>\n\n\n\n<li><a href=\"https:\/\/thairelaxhouse.com\/it\/thai-lux\/\">Massaggio Thai Lux<\/a>: un piacere sensuale con eleganza e attenzione ai dettagli.<\/li>\n\n\n\n<li><a href=\"https:\/\/thairelaxhouse.com\/it\/massaggio-corpo-a-corpo\/\">Massaggio corpo a corpo<\/a>: contatto intimo con tutto il corpo che stimola e rilassa.<\/li>\n\n\n\n<li><a href=\"https:\/\/thairelaxhouse.com\/it\/sessione-femdom\/\">Sessione Femdom<\/a>: dominanza erotica in un ambiente sicuro e controllato.<\/li>\n<\/ul>\n\n<h2 class=\"wp-block-heading has-large-font-size\">Book Your Exclusive Pleasure Today<\/h2>\n\n<p>If you\u2019re looking for maximum sensuality, personal connection, and exceptional value, our <strong>Exclusive Offer Massage<\/strong> is the perfect choice in <strong>Las Am\u00e9ricas<\/strong>, <strong>Costa Adeje<\/strong>, and <strong>Tenerife South<\/strong>. Don\u2019t miss your chance to experience pleasure, intimacy, and luxury in one unforgettable session\u2014book now and let the indulgence begin. <\/p>\n<div class=\"is-acf-field wp-block-mfb-meta-field-block\"><div class=\"value\"><\/div><\/div>\n<p><\/p>\n\n","protected":false},"excerpt":{"rendered":"<p>Tutti i massaggi sono eseguiti manualmente. Non sono ammessi rapporti sessuali o penetrazione. Offerta esclusiva Massaggio a Tenerife Sud: una fuga sensuale al miglior prezzo Approfitta della nostra offerta pi\u00f9 allettante a Tenerife Sud, tra cui Costa Adeje e Playa de Las Am\u00e9ricas, con l&#8217;irresistibile Massaggio in Offerta Esclusiva. Questa sessione unisce il meglio del [&hellip;]<\/p>\n","protected":false},"author":1,"featured_media":0,"parent":0,"menu_order":0,"comment_status":"closed","ping_status":"closed","template":"","meta":{"_acf_changed":false,"_uag_custom_page_level_css":"","site-sidebar-layout":"default","site-content-layout":"","ast-site-content-layout":"default","site-content-style":"default","site-sidebar-style":"default","ast-global-header-display":"","ast-banner-title-visibility":"","ast-main-header-display":"","ast-hfb-above-header-display":"","ast-hfb-below-header-display":"","ast-hfb-mobile-header-display":"","site-post-title":"disabled","ast-breadcrumbs-content":"","ast-featured-img":"","footer-sml-layout":"","ast-disable-related-posts":"","theme-transparent-header-meta":"","adv-header-id-meta":"","stick-header-meta":"","header-above-stick-meta":"","header-main-stick-meta":"","header-below-stick-meta":"","astra-migrate-meta-layouts":"set","ast-page-background-enabled":"default","ast-page-background-meta":{"desktop":{"background-color":"","background-image":"","background-repeat":"repeat","background-position":"center center","background-size":"auto","background-attachment":"scroll","background-type":"","background-media":"","overlay-type":"","overlay-color":"","overlay-opacity":"","overlay-gradient":""},"tablet":{"background-color":"","background-image":"","background-repeat":"repeat","background-position":"center center","background-size":"auto","background-attachment":"scroll","background-type":"","background-media":"","overlay-type":"","overlay-color":"","overlay-opacity":"","overlay-gradient":""},"mobile":{"background-color":"","background-image":"","background-repeat":"repeat","background-position":"center center","background-size":"auto","background-attachment":"scroll","background-type":"","background-media":"","overlay-type":"","overlay-color":"","overlay-opacity":"","overlay-gradient":""}},"ast-content-background-meta":{"desktop":{"background-color":"var(--ast-global-color-5)","background-image":"","background-repeat":"repeat","background-position":"center center","background-size":"auto","background-attachment":"scroll","background-type":"","background-media":"","overlay-type":"","overlay-color":"","overlay-opacity":"","overlay-gradient":""},"tablet":{"background-color":"var(--ast-global-color-5)","background-image":"","background-repeat":"repeat","background-position":"center center","background-size":"auto","background-attachment":"scroll","background-type":"","background-media":"","overlay-type":"","overlay-color":"","overlay-opacity":"","overlay-gradient":""},"mobile":{"background-color":"var(--ast-global-color-5)","background-image":"","background-repeat":"repeat","background-position":"center center","background-size":"auto","background-attachment":"scroll","background-type":"","background-media":"","overlay-type":"","overlay-color":"","overlay-opacity":"","overlay-gradient":""}},"footnotes":""},"class_list":["post-2549","page","type-page","status-publish","hentry"],"acf":[],"mb":[],"uagb_featured_image_src":{"full":false,"thumbnail":false,"medium":false,"medium_large":false,"large":false,"1536x1536":false,"2048x2048":false},"uagb_author_info":{"display_name":"T","author_link":"https:\/\/thairelaxhouse.com\/it\/author\/tim\/"},"uagb_comment_info":0,"uagb_excerpt":"Tutti i massaggi sono eseguiti manualmente. Non sono ammessi rapporti sessuali o penetrazione. Offerta esclusiva Massaggio a Tenerife Sud: una fuga sensuale al miglior prezzo Approfitta della nostra offerta pi\u00f9 allettante a Tenerife Sud, tra cui Costa Adeje e Playa de Las Am\u00e9ricas, con l&#8217;irresistibile Massaggio in Offerta Esclusiva. Questa sessione unisce il meglio del&hellip;","mfb_rest_fields":["title","uagb_featured_image_src","uagb_author_info","uagb_comment_info","uagb_excerpt"],"_links":{"self":[{"href":"https:\/\/thairelaxhouse.com\/it\/wp-json\/wp\/v2\/pages\/2549","targetHints":{"allow":["GET"]}}],"collection":[{"href":"https:\/\/thairelaxhouse.com\/it\/wp-json\/wp\/v2\/pages"}],"about":[{"href":"https:\/\/thairelaxhouse.com\/it\/wp-json\/wp\/v2\/types\/page"}],"author":[{"embeddable":true,"href":"https:\/\/thairelaxhouse.com\/it\/wp-json\/wp\/v2\/users\/1"}],"replies":[{"embeddable":true,"href":"https:\/\/thairelaxhouse.com\/it\/wp-json\/wp\/v2\/comments?post=2549"}],"version-history":[{"count":0,"href":"https:\/\/thairelaxhouse.com\/it\/wp-json\/wp\/v2\/pages\/2549\/revisions"}],"wp:attachment":[{"href":"https:\/\/thairelaxhouse.com\/it\/wp-json\/wp\/v2\/media?parent=2549"}],"curies":[{"name":"wp","href":"https:\/\/api.w.org\/{rel}","templated":true}]}}