{"id":2526,"date":"2025-01-26T13:31:16","date_gmt":"2025-01-26T13:31:16","guid":{"rendered":"https:\/\/thairelaxhouse.com\/?page_id=2526"},"modified":"2025-06-24T09:44:19","modified_gmt":"2025-06-24T09:44:19","slug":"massaggio-corpo-a-corpo","status":"publish","type":"page","link":"https:\/\/thairelaxhouse.com\/it\/massaggio-corpo-a-corpo\/","title":{"rendered":"Massaggio corpo a corpo"},"content":{"rendered":"\n<div class=\"wp-block-uagb-image uagb-block-71401f8a wp-block-uagb-image--layout-default wp-block-uagb-image--effect-static wp-block-uagb-image--align-none\"><figure class=\"wp-block-uagb-image__figure\"><img decoding=\"async\" srcset=\"https:\/\/thairelaxhouse.com\/wp-content\/uploads\/2025\/05\/List2-WM-1024x576.webp ,https:\/\/thairelaxhouse.com\/wp-content\/uploads\/2025\/05\/List2-WM-scaled.webp 780w, https:\/\/thairelaxhouse.com\/wp-content\/uploads\/2025\/05\/List2-WM-scaled.webp 360w\" sizes=\"auto, (max-width: 480px) 150px\" src=\"https:\/\/thairelaxhouse.com\/wp-content\/uploads\/2025\/05\/List2-WM-1024x576.webp\" alt=\"\" class=\"uag-image-3820\" width=\"3840\" height=\"2160\" title=\"List2 WM\" loading=\"lazy\" role=\"img\"><\/figure><\/div>\n\n<div class=\"wp-block-uagb-call-to-action uagb-block-a695a981 wp-block-button\"><div class=\"uagb-cta__wrap\"><h1 class=\"uagb-cta__title\">Massaggio corpo a corpo<br\/>A partire da 100 \u20ac <\/h1><p class=\"uagb-cta__desc\">Rivitalizza e aumenta la tua energia con un sensuale massaggio corpo a corpo. Scopri un profondo rilassamento attraverso tecniche esperte. <\/p><\/div><div class=\"uagb-cta__buttons\"><a href=\"https:\/\/wa.me\/34687640723?text=Hello,%20I%20would%20like%20to%20book%20a%20session%20of%20Body-to-Body%20Massage!\" class=\"uagb-cta__button-link-wrapper wp-block-button__link\" target=\"_self\" rel=\"noopener noreferrer\" aria-label=\"Book via WhatsApp\">prenota ora<svg xmlns=\"https:\/\/www.w3.org\/2000\/svg\" viewbox=\"0 0 448 512\"><path d=\"M380.9 97.1C339 55.1 283.2 32 223.9 32c-122.4 0-222 99.6-222 222 0 39.1 10.2 77.3 29.6 111L0 480l117.7-30.9c32.4 17.7 68.9 27 106.1 27h.1c122.3 0 224.1-99.6 224.1-222 0-59.3-25.2-115-67.1-157zm-157 341.6c-33.2 0-65.7-8.9-94-25.7l-6.7-4-69.8 18.3L72 359.2l-4.4-7c-18.5-29.4-28.2-63.3-28.2-98.2 0-101.7 82.8-184.5 184.6-184.5 49.3 0 95.6 19.2 130.4 54.1 34.8 34.9 56.2 81.2 56.1 130.5 0 101.8-84.9 184.6-186.6 184.6zm101.2-138.2c-5.5-2.8-32.8-16.2-37.9-18-5.1-1.9-8.8-2.8-12.5 2.8-3.7 5.6-14.3 18-17.6 21.8-3.2 3.7-6.5 4.2-12 1.4-32.6-16.3-54-29.1-75.5-66-5.7-9.8 5.7-9.1 16.3-30.3 1.8-3.7 .9-6.9-.5-9.7-1.4-2.8-12.5-30.1-17.1-41.2-4.5-10.8-9.1-9.3-12.5-9.5-3.2-.2-6.9-.2-10.6-.2-3.7 0-9.7 1.4-14.8 6.9-5.1 5.6-19.4 19-19.4 46.3 0 27.3 19.9 53.7 22.6 57.4 2.8 3.7 39.1 59.7 94.8 83.8 35.2 15.2 49 16.5 66.6 13.9 10.7-1.6 32.8-13.4 37.4-26.4 4.6-13 4.6-24.1 3.2-26.4-1.3-2.5-5-3.9-10.5-6.6z\"><\/path><\/svg><\/a><\/div><\/div>\n\n<p>Quando parliamo di &#8220;corpo a corpo&#8221; intendiamo che il massaggio pu\u00f2 essere eseguito non solo con le dita delle mani. Il massaggio pu\u00f2 essere effettuato con tutto il corpo. Il corpo \u00e8 stressato e il tono e i semplici tocchi delle dita non sono sufficienti per liberarsi dalla tensione accumulata durante la giornata. I nostri massaggiatori utilizzano tutto il corpo per rendere la pressione sempre pi\u00f9 attiva. \u00c8 il modo migliore per ricevere massaggi indimenticabili.     <em>Il lieto fine \u00e8 fatto a mano.<\/em><\/p>\n\n<p>La magia di massaggiatrici delicate e delicate vi trasporter\u00e0 in un mondo multisensoriale, inusuale, fatto di amore e reciprocit\u00e0. Questo tipo di massaggio si concentra sulle emozioni, non sul corpo. La vostra pelle diventa l&#8217;unico organo a condurvi alla danza interattiva del piacere. Questo vi trasporter\u00e0 nell&#8217;oblio grazie alle mani sensuali e ai tocchi del corpo del massaggiatore. Questa magica interazione \u00e8 ci\u00f2 che chiamiamo massaggio corporeo.    <\/p>\n\n<p>I movimenti delle mani saranno combinati con lo scivolamento di tutto il corpo del massaggiatore sul vostro corpo. Un leggero petrissage e un tocco provocante con le unghie su pelle, schiena, glutei, con tamburelli rapidi e delicati che non vi lasceranno indifferenti. Ogni massaggiatrice cercher\u00e0 di compiere movimenti inaspettati per offrirvi il massimo piacere. Infatti, non vedrete una massaggiatrice, quindi tutta la vostra attenzione sar\u00e0 rivolta ai tocchi.   <\/p>\n\n<p>Uno dei motivi principali per cui ci rivolgiamo ai massaggi corporei \u00e8 il relax. Che si tratti di uomini o donne, questo tipo di terapia \u00e8 pensato per tutti. Dopo una settimana di duro lavoro, rilassarsi sul letto con una ragazza sexy \u00e8 il modo migliore per liberarsi dallo stress. A proposito, Thai Relax House offre diversi tipi di servizi. Una delle forme pi\u00f9 esotiche \u00e8 il massaggio thailandese corpo a corpo a Tenerife. Questo tipo di servizio \u00e8 disponibile sia per uomini che per donne. Tuttavia, \u00e8 necessario prenotare un appuntamento prima della visita in salone.      <\/p>\n\n<h2 class=\"wp-block-heading has-large-font-size\"><mark style=\"background-color:rgba(0, 0, 0, 0)\" class=\"has-inline-color has-ast-global-color-0-color\">servizio di alta classe<\/mark><\/h2>\n\n<p><strong>Un servizio di massaggio corpo a corpo<\/strong> \u00e8 un servizio di alta classe. Per questo motivo, potrebbe non essere disponibile in tutti i centri massaggi che visiti. Se stai cercando un lieto fine corpo a corpo, potresti prendere in considerazione la Thai Relax House. Situata a Playa de la Am\u00e9ricas, \u00e8 uno dei posti migliori per ricevere un massaggio completo. Se soggiorni vicino a Costa Adeje, puoi prenotare facilmente il nostro servizio VIP. Sul sito web ufficiale puoi trovare tutti i dettagli, compresi i prezzi. Nel nostro centro massaggi, potrai vivere il momento migliore della tua vita.      <\/p>\n\n<h2 class=\"wp-block-heading has-large-font-size\"><mark style=\"background-color:rgba(0, 0, 0, 0)\" class=\"has-inline-color has-ast-global-color-0-color\">Motivi per cui queste sessioni sono cos\u00ec popolari<\/mark><\/h2>\n\n<p>I nostri servizi sono senza dubbio popolari, ma quando si tratta di massaggio corpo a corpo con olio, c&#8217;\u00e8 un livello di popolarit\u00e0 diverso, soprattutto tra gli uomini. Questo perch\u00e9 questo tipo di sessione \u00e8 offerto da ragazze attraenti e attraenti. Nel nostro centro, puoi scegliere la massaggiatrice che preferisci. Ma per questo, devi prima prenotare un appuntamento.   <\/p>\n\n<p>Se pensavi che queste sessioni fossero disponibili solo per gli uomini, ti sbagli. Anche le donne possono usufruire di questo tipo di servizi. Tuttavia, nel caso delle donne, \u00e8 necessario avvalersi del servizio di un massaggiatore uomo.  <\/p>\n\n<p>Un massaggio corpo a corpo thailandese \u00e8 il miglior tipo di terapia che tu possa provare. Invece delle mani, la massaggiatrice usa tutto il suo corpo per farti sentire bene. Se cerchi un lieto fine, dovresti cercare un servizio di massaggio corpo a corpo vicino a me. Onestamente, questa \u00e8 un&#8217;esperienza che potresti non aver mai sperimentato prima. \u00c8 il modo perfetto per rilassarti. Tuttavia, tieni presente che questo tipo di sedute di lusso sono spesso costose. Ma l&#8217;intera esperienza vale assolutamente la spesa.      <\/p>\n\n<p>Se non avete mai provato questo tipo di trattamento spa, \u00e8 ora di farlo. \u00c8 un&#8217;esperienza che non si pu\u00f2 godere tutti i giorni. Invece di perdere tempo qui, dovreste prenotare un appuntamento per un&#8217;esperienza davvero hot.  <\/p>\n\n<p>Tutti i massaggi sono eseguiti manualmente. Non sono ammessi rapporti sessuali o penetrazione. <\/p>\n<div class=\"is-acf-field wp-block-mfb-meta-field-block\"><div class=\"value\"><h2>Benefici del massaggio corpo a corpo<\/h2>\n<p>Il massaggio corpo a corpo \u00e8 un&#8217;esperienza unica che unisce tecnica e relax. Questo tipo di massaggio non solo aiuta a sciogliere le tensioni muscolari, ma favorisce anche un profondo stato di benessere. Per scoprire i diversi tipi di massaggi offerti, visita la nostra <a href=\"https:\/\/thairelaxhouse.com\/it\/tipi-di-massaggi\/\">pagina dedicata ai tipi di massaggi<\/a>.<\/p>\n<p>Molti clienti scelgono il massaggio corpo a corpo per migliorare la loro circolazione e alleviare lo stress accumulato nella vita quotidiana. \u00c8 un modo eccellente per prendersi cura di s\u00e9 e rigenerarsi. Scopri di pi\u00f9 sui vantaggi del massaggio alla nostra <a href=\"https:\/\/thairelaxhouse.com\/it\/vantaggi-del-massaggio\/\">sezione sui benefici del massaggio<\/a>.<\/p>\n<\/div><\/div>","protected":false},"excerpt":{"rendered":"<p>Quando parliamo di &#8220;corpo a corpo&#8221; intendiamo che il massaggio pu\u00f2 essere eseguito non solo con le dita delle mani. Il massaggio pu\u00f2 essere effettuato con tutto il corpo. Il corpo \u00e8 stressato e il tono e i semplici tocchi delle dita non sono sufficienti per liberarsi dalla tensione accumulata durante la giornata. I nostri [&hellip;]<\/p>\n","protected":false},"author":1,"featured_media":0,"parent":0,"menu_order":0,"comment_status":"closed","ping_status":"closed","template":"","meta":{"_acf_changed":false,"_uag_custom_page_level_css":"","site-sidebar-layout":"default","site-content-layout":"","ast-site-content-layout":"default","site-content-style":"default","site-sidebar-style":"default","ast-global-header-display":"","ast-banner-title-visibility":"","ast-main-header-display":"","ast-hfb-above-header-display":"","ast-hfb-below-header-display":"","ast-hfb-mobile-header-display":"","site-post-title":"disabled","ast-breadcrumbs-content":"","ast-featured-img":"","footer-sml-layout":"","ast-disable-related-posts":"","theme-transparent-header-meta":"","adv-header-id-meta":"","stick-header-meta":"","header-above-stick-meta":"","header-main-stick-meta":"","header-below-stick-meta":"","astra-migrate-meta-layouts":"set","ast-page-background-enabled":"default","ast-page-background-meta":{"desktop":{"background-color":"","background-image":"","background-repeat":"repeat","background-position":"center center","background-size":"auto","background-attachment":"scroll","background-type":"","background-media":"","overlay-type":"","overlay-color":"","overlay-opacity":"","overlay-gradient":""},"tablet":{"background-color":"","background-image":"","background-repeat":"repeat","background-position":"center center","background-size":"auto","background-attachment":"scroll","background-type":"","background-media":"","overlay-type":"","overlay-color":"","overlay-opacity":"","overlay-gradient":""},"mobile":{"background-color":"","background-image":"","background-repeat":"repeat","background-position":"center center","background-size":"auto","background-attachment":"scroll","background-type":"","background-media":"","overlay-type":"","overlay-color":"","overlay-opacity":"","overlay-gradient":""}},"ast-content-background-meta":{"desktop":{"background-color":"var(--ast-global-color-5)","background-image":"","background-repeat":"repeat","background-position":"center center","background-size":"auto","background-attachment":"scroll","background-type":"","background-media":"","overlay-type":"","overlay-color":"","overlay-opacity":"","overlay-gradient":""},"tablet":{"background-color":"var(--ast-global-color-5)","background-image":"","background-repeat":"repeat","background-position":"center center","background-size":"auto","background-attachment":"scroll","background-type":"","background-media":"","overlay-type":"","overlay-color":"","overlay-opacity":"","overlay-gradient":""},"mobile":{"background-color":"var(--ast-global-color-5)","background-image":"","background-repeat":"repeat","background-position":"center center","background-size":"auto","background-attachment":"scroll","background-type":"","background-media":"","overlay-type":"","overlay-color":"","overlay-opacity":"","overlay-gradient":""}},"footnotes":""},"class_list":["post-2526","page","type-page","status-publish","hentry"],"acf":[],"mb":[],"uagb_featured_image_src":{"full":false,"thumbnail":false,"medium":false,"medium_large":false,"large":false,"1536x1536":false,"2048x2048":false},"uagb_author_info":{"display_name":"T","author_link":"https:\/\/thairelaxhouse.com\/it\/author\/tim\/"},"uagb_comment_info":0,"uagb_excerpt":"Quando parliamo di &#8220;corpo a corpo&#8221; intendiamo che il massaggio pu\u00f2 essere eseguito non solo con le dita delle mani. Il massaggio pu\u00f2 essere effettuato con tutto il corpo. Il corpo \u00e8 stressato e il tono e i semplici tocchi delle dita non sono sufficienti per liberarsi dalla tensione accumulata durante la giornata. I nostri&hellip;","mfb_rest_fields":["title","uagb_featured_image_src","uagb_author_info","uagb_comment_info","uagb_excerpt"],"_links":{"self":[{"href":"https:\/\/thairelaxhouse.com\/it\/wp-json\/wp\/v2\/pages\/2526","targetHints":{"allow":["GET"]}}],"collection":[{"href":"https:\/\/thairelaxhouse.com\/it\/wp-json\/wp\/v2\/pages"}],"about":[{"href":"https:\/\/thairelaxhouse.com\/it\/wp-json\/wp\/v2\/types\/page"}],"author":[{"embeddable":true,"href":"https:\/\/thairelaxhouse.com\/it\/wp-json\/wp\/v2\/users\/1"}],"replies":[{"embeddable":true,"href":"https:\/\/thairelaxhouse.com\/it\/wp-json\/wp\/v2\/comments?post=2526"}],"version-history":[{"count":0,"href":"https:\/\/thairelaxhouse.com\/it\/wp-json\/wp\/v2\/pages\/2526\/revisions"}],"wp:attachment":[{"href":"https:\/\/thairelaxhouse.com\/it\/wp-json\/wp\/v2\/media?parent=2526"}],"curies":[{"name":"wp","href":"https:\/\/api.w.org\/{rel}","templated":true}]}}