{"id":2502,"date":"2025-01-27T11:18:26","date_gmt":"2025-01-27T11:18:26","guid":{"rendered":"https:\/\/thairelaxhouse.com\/?page_id=2502"},"modified":"2025-07-11T12:37:56","modified_gmt":"2025-07-11T12:37:56","slug":"massaggio-a-4-mani","status":"publish","type":"page","link":"https:\/\/thairelaxhouse.com\/it\/massaggio-a-4-mani\/","title":{"rendered":"Massaggio a 4 mani"},"content":{"rendered":"\n<div class=\"wp-block-uagb-image uagb-block-0fa85761 wp-block-uagb-image--layout-default wp-block-uagb-image--effect-static wp-block-uagb-image--align-none\"><figure class=\"wp-block-uagb-image__figure\"><img decoding=\"async\" srcset=\"https:\/\/thairelaxhouse.com\/wp-content\/uploads\/2025\/05\/List15-WM-1024x576.webp ,https:\/\/thairelaxhouse.com\/wp-content\/uploads\/2025\/05\/List15-WM-scaled.webp 780w, https:\/\/thairelaxhouse.com\/wp-content\/uploads\/2025\/05\/List15-WM-scaled.webp 360w\" sizes=\"auto, (max-width: 480px) 150px\" src=\"https:\/\/thairelaxhouse.com\/wp-content\/uploads\/2025\/05\/List15-WM-1024x576.webp\" alt=\"\" class=\"uag-image-3901\" width=\"3840\" height=\"2160\" title=\"List15-WM\" loading=\"lazy\" role=\"img\"\/><\/figure><\/div>\n\n\n\n<div class=\"wp-block-uagb-call-to-action uagb-block-a695a981 wp-block-button\"><div class=\"uagb-cta__wrap\"><h1 class=\"uagb-cta__title\">Massaggio a 4 mani<br>A partire da \u20ac300 <\/h1><p class=\"uagb-cta__desc\">Raddoppia il tuo piacere con due massaggiatrici esperte che ti regaleranno un&#8217;esperienza sincronizzata e indimenticabile<\/p><\/div><div class=\"uagb-cta__buttons\"><a href=\"https:\/\/wa.me\/34687640723?text=Hello,%20I%20would%20like%20to%20book%20a%20session%20of%204-Hands%20Massage!\" class=\"uagb-cta__button-link-wrapper wp-block-button__link\" target=\"_self\" rel=\"noopener noreferrer\" aria-label=\"Book via WhatsApp\">book now<svg xmlns=\"https:\/\/www.w3.org\/2000\/svg\" viewBox=\"0 0 448 512\"><path d=\"M380.9 97.1C339 55.1 283.2 32 223.9 32c-122.4 0-222 99.6-222 222 0 39.1 10.2 77.3 29.6 111L0 480l117.7-30.9c32.4 17.7 68.9 27 106.1 27h.1c122.3 0 224.1-99.6 224.1-222 0-59.3-25.2-115-67.1-157zm-157 341.6c-33.2 0-65.7-8.9-94-25.7l-6.7-4-69.8 18.3L72 359.2l-4.4-7c-18.5-29.4-28.2-63.3-28.2-98.2 0-101.7 82.8-184.5 184.6-184.5 49.3 0 95.6 19.2 130.4 54.1 34.8 34.9 56.2 81.2 56.1 130.5 0 101.8-84.9 184.6-186.6 184.6zm101.2-138.2c-5.5-2.8-32.8-16.2-37.9-18-5.1-1.9-8.8-2.8-12.5 2.8-3.7 5.6-14.3 18-17.6 21.8-3.2 3.7-6.5 4.2-12 1.4-32.6-16.3-54-29.1-75.5-66-5.7-9.8 5.7-9.1 16.3-30.3 1.8-3.7 .9-6.9-.5-9.7-1.4-2.8-12.5-30.1-17.1-41.2-4.5-10.8-9.1-9.3-12.5-9.5-3.2-.2-6.9-.2-10.6-.2-3.7 0-9.7 1.4-14.8 6.9-5.1 5.6-19.4 19-19.4 46.3 0 27.3 19.9 53.7 22.6 57.4 2.8 3.7 39.1 59.7 94.8 83.8 35.2 15.2 49 16.5 66.6 13.9 10.7-1.6 32.8-13.4 37.4-26.4 4.6-13 4.6-24.1 3.2-26.4-1.3-2.5-5-3.9-10.5-6.6z\"><\/path><\/svg><\/a><\/div><\/div>\n\n\n\n<p>Il massaggio tantrico a 4 mani \u00e8 un rituale eseguito sotto una luce soffusa, candele e un aroma gradevole. Una musica rilassante vi accompagner\u00e0 nei rituali tantrici. <\/p>\n\n\n\n<p>Il massaggio viene eseguito da 2 massaggiatori o 2 massaggiatrici contemporaneamente per stimolare tutte le parti del corpo: gambe, piedi, glutei, schiena, mani, polsi, collo, testa, viso e infine i genitali. Sarete accarezzati da delicati movimenti circolari, frizioni delicate e pressioni rilassanti.  <em>Il lieto fine \u00e8 fatto a mano.<\/em><\/p>\n\n\n\n<p>Una volta completato il massaggio alla schiena e a tutta la parte posteriore del corpo, si passa dolcemente al seno e a tutta la parte anteriore. Il massaggio per le donne si conclude con la tecnica Yoni, mentre per gli uomini offriamo il massaggio Lingam, se lo desiderate. <\/p>\n\n\n\n<p>Il massaggio a quattro mani \u00e8 un vero piacere regale che vorrai ripetere pi\u00f9 e pi\u00f9 volte. Due massaggiatori lavorano in sincronia su entrambi i lati del tuo corpo, donandoti una sensazione di benessere, vivacit\u00e0 emotiva e fisica e un senso di armonia. Il profumo inebriante degli oli essenziali che penetra in ogni cellula del tuo corpo ti far\u00e0 sentire in pace e in pace. Sono sensazioni davvero indimenticabili.   <\/p>\n\n\n\n<p>Quando pensi a una sessione di massaggio, probabilmente l&#8217;hai sempre fatto con una sola ragazza. Non c&#8217;\u00e8 dubbio che sia stata un&#8217;esperienza fantastica per te, ma hai mai provato il massaggio a quattro mani? La terapia tradizionale \u00e8 eseguita da una sola ragazza, ma quando si tratta di massaggio a quattro mani a Tenerife, viene eseguito da due donne. Questo tipo di sessione \u00e8 sempre migliore di quelle tradizionali. Se non vedi l&#8217;ora di provare un massaggio a quattro mani, puoi affidarti a Thai Relax House. Si trova a Costa Adeje ed \u00e8 noto per essere uno dei migliori in circolazione.     <\/p>\n\n\n\n<h2 class=\"wp-block-heading has-large-font-size\"><mark style=\"background-color:rgba(0, 0, 0, 0)\" class=\"has-inline-color has-ast-global-color-0-color\">Servizi VIP<\/mark><\/h2>\n\n\n\n<p>A Tenerife troverete molti centri massaggi che offrono massaggi a 4 mani per tutto il corpo, ma nessuno \u00e8 all&#8217;altezza di Thai Relax House. Situato a Playa de la Am\u00e9ricas, siamo noti per offrire servizi di lusso ai nostri clienti. <\/p>\n\n\n\n<p>Abbiamo anche un nostro sito web, da cui puoi trovare tutti i dettagli necessari sulle nostre sessioni VIP. Oltre al massaggio thailandese a 4 mani a Tenerife, offriamo anche altri tipi di terapie. La cosa migliore \u00e8 che puoi usufruire dei nostri servizi a un prezzo pi\u00f9 basso. \u00c8 difficile credere che un centro d&#8217;\u00e9lite come il nostro offra i nostri servizi a un prezzo cos\u00ec conveniente.   <\/p>\n\n\n\n<h2 class=\"wp-block-heading has-large-font-size\"><mark style=\"background-color:rgba(0, 0, 0, 0)\" class=\"has-inline-color has-ast-global-color-0-color\">Perch\u00e9 dovresti partecipare a una sessione speciale?<\/mark><\/h2>\n\n\n\n<p>Se una sola donna pu\u00f2 farti cos\u00ec tanto piacere, immagina cosa possono fare due di loro. Il semplice motivo per cui si sceglie un massaggio a quattro mani \u00e8 che \u00e8 pi\u00f9 rilassante di una terapia tradizionale. Prima di prenotare un appuntamento, puoi consultare i prezzi dei massaggi a quattro mani sul nostro sito web.  <\/p>\n\n\n\n<p>Ecco alcune cose importanti che dovresti sapere sul massaggio thailandese a quattro mani:<\/p>\n\n\n\n<p>1. \u00c8 pi\u00f9 rilassante di una normale terapia. Offre un&#8217;esperienza di gran lunga migliore rispetto alla terapia tradizionale. Le ragazze di solito muovono le mani lentamente e con un ritmo che aiuta a rilassare la mente. Se soffri di qualsiasi tipo di dolore cronico, puoi trarne grandi benefici.   <\/p>\n\n\n\n<p>2. La durata di una sessione di lusso \u00e8 la stessa di una sessione normale. Molti di voi potrebbero pensare che due donne significhino che la sessione finisca in met\u00e0 del tempo. In media, la sessione pu\u00f2 durare fino a 50-75 minuti.  <\/p>\n\n\n\n<p>3. Rispetto al massaggio tradizionale, una sessione a 4 mani con happy ending \u00e8 pi\u00f9 costosa. Sono necessarie due ragazze per il servizio e quindi i prezzi sono elevati. <\/p>\n\n\n\n<p>Chi desidera un&#8217;esperienza esotica dovrebbe provare il massaggio a quattro mani. Pu\u00f2 essere costoso, ma ne vale la pena. <\/p>\n\n\n\n<p>Tutti i massaggi sono eseguiti manualmente. Non sono ammessi rapporti sessuali o penetrazione. <\/p>\n\n\n<div class=\"is-acf-field wp-block-mfb-meta-field-block\"><div class=\"value\"><h2>Benefici del Massaggio a 4 Mani<\/h2>\r\n<p>Il massaggio a 4 mani \u00e8 un&#8217;esperienza unica che aumenta il livello di relax e armonia. Questo tipo di massaggio combina le tecniche di due massaggiatori che lavorano in sinergia, creando un effetto straordinario. Scopri di pi\u00f9 sui <a href=\"https:\/\/thairelaxhouse.com\/it\/massaggi-tailandesi\/\">massaggi tailandesi<\/a> e come possono migliorare il tuo benessere.<\/p>\r\n<p>Attraverso il massaggio a 4 mani, puoi godere di un&#8217;esperienza sensoriale completa che stimola i punti di energia del corpo. Non perdere l&#8217;opportunit\u00e0 di rilassarti e rigenerarti. Visita il nostro articolo sui <a href=\"https:\/\/thairelaxhouse.com\/it\/offerte-speciali\/\">pacchetti speciali<\/a> per trovare l&#8217;offerta perfetta per te.<\/p><\/div><\/div>","protected":false},"excerpt":{"rendered":"<p>Il massaggio tantrico a 4 mani \u00e8 un rituale eseguito sotto una luce soffusa, candele e un aroma gradevole. Una musica rilassante vi accompagner\u00e0 nei rituali tantrici. Il massaggio viene eseguito da 2 massaggiatori o 2 massaggiatrici contemporaneamente per stimolare tutte le parti del corpo: gambe, piedi, glutei, schiena, mani, polsi, collo, testa, viso e [&hellip;]<\/p>\n","protected":false},"author":1,"featured_media":0,"parent":0,"menu_order":0,"comment_status":"closed","ping_status":"closed","template":"","meta":{"_acf_changed":false,"_uag_custom_page_level_css":"","site-sidebar-layout":"default","site-content-layout":"","ast-site-content-layout":"default","site-content-style":"default","site-sidebar-style":"default","ast-global-header-display":"","ast-banner-title-visibility":"","ast-main-header-display":"","ast-hfb-above-header-display":"","ast-hfb-below-header-display":"","ast-hfb-mobile-header-display":"","site-post-title":"disabled","ast-breadcrumbs-content":"","ast-featured-img":"","footer-sml-layout":"","ast-disable-related-posts":"","theme-transparent-header-meta":"","adv-header-id-meta":"","stick-header-meta":"","header-above-stick-meta":"","header-main-stick-meta":"","header-below-stick-meta":"","astra-migrate-meta-layouts":"set","ast-page-background-enabled":"default","ast-page-background-meta":{"desktop":{"background-color":"","background-image":"","background-repeat":"repeat","background-position":"center center","background-size":"auto","background-attachment":"scroll","background-type":"","background-media":"","overlay-type":"","overlay-color":"","overlay-opacity":"","overlay-gradient":""},"tablet":{"background-color":"","background-image":"","background-repeat":"repeat","background-position":"center center","background-size":"auto","background-attachment":"scroll","background-type":"","background-media":"","overlay-type":"","overlay-color":"","overlay-opacity":"","overlay-gradient":""},"mobile":{"background-color":"","background-image":"","background-repeat":"repeat","background-position":"center center","background-size":"auto","background-attachment":"scroll","background-type":"","background-media":"","overlay-type":"","overlay-color":"","overlay-opacity":"","overlay-gradient":""}},"ast-content-background-meta":{"desktop":{"background-color":"var(--ast-global-color-5)","background-image":"","background-repeat":"repeat","background-position":"center center","background-size":"auto","background-attachment":"scroll","background-type":"","background-media":"","overlay-type":"","overlay-color":"","overlay-opacity":"","overlay-gradient":""},"tablet":{"background-color":"var(--ast-global-color-5)","background-image":"","background-repeat":"repeat","background-position":"center center","background-size":"auto","background-attachment":"scroll","background-type":"","background-media":"","overlay-type":"","overlay-color":"","overlay-opacity":"","overlay-gradient":""},"mobile":{"background-color":"var(--ast-global-color-5)","background-image":"","background-repeat":"repeat","background-position":"center center","background-size":"auto","background-attachment":"scroll","background-type":"","background-media":"","overlay-type":"","overlay-color":"","overlay-opacity":"","overlay-gradient":""}},"footnotes":""},"class_list":["post-2502","page","type-page","status-publish","hentry"],"acf":[],"mb":[],"uagb_featured_image_src":{"full":false,"thumbnail":false,"medium":false,"medium_large":false,"large":false,"1536x1536":false,"2048x2048":false},"uagb_author_info":{"display_name":"T","author_link":"https:\/\/thairelaxhouse.com\/it\/author\/tim\/"},"uagb_comment_info":0,"uagb_excerpt":"Il massaggio tantrico a 4 mani \u00e8 un rituale eseguito sotto una luce soffusa, candele e un aroma gradevole. Una musica rilassante vi accompagner\u00e0 nei rituali tantrici. Il massaggio viene eseguito da 2 massaggiatori o 2 massaggiatrici contemporaneamente per stimolare tutte le parti del corpo: gambe, piedi, glutei, schiena, mani, polsi, collo, testa, viso e&hellip;","mfb_rest_fields":["title","uagb_featured_image_src","uagb_author_info","uagb_comment_info","uagb_excerpt"],"_links":{"self":[{"href":"https:\/\/thairelaxhouse.com\/it\/wp-json\/wp\/v2\/pages\/2502","targetHints":{"allow":["GET"]}}],"collection":[{"href":"https:\/\/thairelaxhouse.com\/it\/wp-json\/wp\/v2\/pages"}],"about":[{"href":"https:\/\/thairelaxhouse.com\/it\/wp-json\/wp\/v2\/types\/page"}],"author":[{"embeddable":true,"href":"https:\/\/thairelaxhouse.com\/it\/wp-json\/wp\/v2\/users\/1"}],"replies":[{"embeddable":true,"href":"https:\/\/thairelaxhouse.com\/it\/wp-json\/wp\/v2\/comments?post=2502"}],"version-history":[{"count":0,"href":"https:\/\/thairelaxhouse.com\/it\/wp-json\/wp\/v2\/pages\/2502\/revisions"}],"wp:attachment":[{"href":"https:\/\/thairelaxhouse.com\/it\/wp-json\/wp\/v2\/media?parent=2502"}],"curies":[{"name":"wp","href":"https:\/\/api.w.org\/{rel}","templated":true}]}}