{"id":2634,"date":"2025-01-26T14:48:53","date_gmt":"2025-01-26T14:48:53","guid":{"rendered":"https:\/\/thairelaxhouse.com\/?page_id=2634"},"modified":"2026-03-24T09:01:11","modified_gmt":"2026-03-24T08:01:11","slug":"masaje-de-placer-femenino","status":"publish","type":"page","link":"https:\/\/thairelaxhouse.com\/es\/masaje-de-placer-femenino\/","title":{"rendered":"Masaje de Placer Femenino"},"content":{"rendered":"\n<div class=\"wp-block-uagb-image uagb-block-9d874a04 wp-block-uagb-image--layout-default wp-block-uagb-image--effect-static wp-block-uagb-image--align-none\"><figure class=\"wp-block-uagb-image__figure\"><img decoding=\"async\" srcset=\"https:\/\/thairelaxhouse.com\/wp-content\/uploads\/2025\/05\/List6-WM-1024x576.webp ,https:\/\/thairelaxhouse.com\/wp-content\/uploads\/2025\/05\/List6-WM-scaled.webp 780w, https:\/\/thairelaxhouse.com\/wp-content\/uploads\/2025\/05\/List6-WM-scaled.webp 360w\" sizes=\"auto, (max-width: 480px) 150px\" src=\"https:\/\/thairelaxhouse.com\/wp-content\/uploads\/2025\/05\/List6-WM-1024x576.webp\" alt=\"\" class=\"uag-image-3835\" width=\"3840\" height=\"2160\" title=\"List6 WM\" loading=\"lazy\" role=\"img\"\/><\/figure><\/div>\n\n\n\n<div class=\"wp-block-uagb-call-to-action uagb-block-a695a981 wp-block-button\"><div class=\"uagb-cta__wrap\"><h1 class=\"uagb-cta__title\">Masaje de Placer Femenino<br>Desde 160 \u20ac<\/h1><p class=\"uagb-cta__desc\">Un lujoso masaje cuerpo a cuerpo para mujeres, que incluye una ducha relajante y relajaci\u00f3n total, que te dejar\u00e1 renovada y en paz.<\/p><\/div><div class=\"uagb-cta__buttons\"><a href=\"https:\/\/wa.me\/34687640723?text=Hello,%20I%20would%20like%20to%20book%20a%20session%20of%20Women\u2019s%20Pleasure%20Massage!\" class=\"uagb-cta__button-link-wrapper wp-block-button__link\" target=\"_self\" rel=\"noopener noreferrer\" aria-label=\"Book via WhatsApp\">book now<svg xmlns=\"https:\/\/www.w3.org\/2000\/svg\" viewBox=\"0 0 448 512\"><path d=\"M380.9 97.1C339 55.1 283.2 32 223.9 32c-122.4 0-222 99.6-222 222 0 39.1 10.2 77.3 29.6 111L0 480l117.7-30.9c32.4 17.7 68.9 27 106.1 27h.1c122.3 0 224.1-99.6 224.1-222 0-59.3-25.2-115-67.1-157zm-157 341.6c-33.2 0-65.7-8.9-94-25.7l-6.7-4-69.8 18.3L72 359.2l-4.4-7c-18.5-29.4-28.2-63.3-28.2-98.2 0-101.7 82.8-184.5 184.6-184.5 49.3 0 95.6 19.2 130.4 54.1 34.8 34.9 56.2 81.2 56.1 130.5 0 101.8-84.9 184.6-186.6 184.6zm101.2-138.2c-5.5-2.8-32.8-16.2-37.9-18-5.1-1.9-8.8-2.8-12.5 2.8-3.7 5.6-14.3 18-17.6 21.8-3.2 3.7-6.5 4.2-12 1.4-32.6-16.3-54-29.1-75.5-66-5.7-9.8 5.7-9.1 16.3-30.3 1.8-3.7 .9-6.9-.5-9.7-1.4-2.8-12.5-30.1-17.1-41.2-4.5-10.8-9.1-9.3-12.5-9.5-3.2-.2-6.9-.2-10.6-.2-3.7 0-9.7 1.4-14.8 6.9-5.1 5.6-19.4 19-19.4 46.3 0 27.3 19.9 53.7 22.6 57.4 2.8 3.7 39.1 59.7 94.8 83.8 35.2 15.2 49 16.5 66.6 13.9 10.7-1.6 32.8-13.4 37.4-26.4 4.6-13 4.6-24.1 3.2-26.4-1.3-2.5-5-3.9-10.5-6.6z\"><\/path><\/svg><\/a><\/div><\/div>\n\n\n\n<p>Una mujer merece sentirse especial. Ella merece sentirse relajada y disfrutar del placer que s\u00f3lo el Masaje Yoni puede ofrecerle. <\/p>\n\n\n\n<p>Es bastante diferente y m\u00e1s \u00edntimo en comparaci\u00f3n con otros tipos de masajes. Puede transformar la vida de una mujer de muchas maneras. Adem\u00e1s de ofrecer efectos curativos para el cuerpo, este masaje te ayudar\u00e1 a encontrar claridad espiritual. Aunque muchas personas desconocen los beneficios del Masaje Yoni para la salud y la curaci\u00f3n, esta publicaci\u00f3n te ayudar\u00e1 a descubrir algunos detalles importantes sobre este singular procedimiento.    <em>El final feliz lo hacen las manos.<\/em><\/p>\n\n\n\n<h2 class=\"wp-block-heading has-large-font-size\"><mark style=\"background-color:rgba(0, 0, 0, 0)\" class=\"has-inline-color has-ast-global-color-0-color\">\u00bfQu\u00e9 es exactamente el masaje Yoni?<\/mark><\/h2>\n\n\n\n<p>Es un tipo de masaje t\u00e1ntrico que se centra principalmente en la vagina y la vulva. Es un procedimiento terap\u00e9utico y es esencial para la mujer porque le ayuda a aliviar la tensi\u00f3n de su vagina. <\/p>\n\n\n\n<p>Yoni es una palabra s\u00e1nscrita que en realidad significa espacio sagrado. Se describe como un lugar de amor y respeto extremos. No se trata de intimar con una mujer. Este masaje vaginal se trata de honrar a la mujer y ofrecerle el placer desinteresado que ella merece despu\u00e9s de traer mucha felicidad a la vida de un hombre.    Ayuda a la mujer a explorar los medios sagrados de la sexualidad y por eso es importante para cualquier pareja.<\/p>\n\n\n\n<p>Si te preguntas que esta terapia yoni se realiza para ofrecerle un solo orgasmo, entonces no lo has entendido perfectamente. Si se realiza desinteresadamente y de forma perfecta, este masaje puede proporcionar a la mujer cada vez m\u00e1s placer durante la terapia.  Esto provocar\u00e1 numerosas oleadas de orgasmo.<\/p>\n\n\n\n<p>Si desea disfrutar de los beneficios terap\u00e9uticos de este procedimiento, puede acudir al masaje yoni en Tenerife. O bien, las parejas pueden aprender a realizar esta terapia a la perfecci\u00f3n y probarla solas en casa como juego previo antes de disfrutar de la relaci\u00f3n sexual. <\/p>\n\n\n\n<h2 class=\"wp-block-heading has-large-font-size\"><mark style=\"background-color:rgba(0, 0, 0, 0)\" class=\"has-inline-color has-ast-global-color-0-color\">\u00bfQui\u00e9n debe probarlo?<\/mark><\/h2>\n\n\n\n<p>Toda mujer deber\u00eda probar esta terapia para experimentar el verdadero placer yoni. Es algo que nunca conseguir\u00e1s, incluso cuando tengas sexo con tu pareja. Este masaje t\u00e1ntrico te proporciona una forma \u00fanica de explorar tu cuerpo de una manera completamente sensual. Si no est\u00e1s satisfecho con la forma en que tu pareja te ofrece los placeres sexuales, puedes probar este masaje para experimentar orgasmos m\u00faltiples antes de tener relaciones sexuales. As\u00ed te sentir\u00e1s m\u00e1s satisfecho y amar\u00e1s a tu pareja m\u00e1s que nunca.    <\/p>\n\n\n\n<p>El masaje yoni t\u00e1ntrico es una cura perfecta para una mujer que est\u00e1 tratando de superar el trauma sexual. La forma en que lo realiza la hace sentir querida, amada, honrada y adorada como una diosa. Tambi\u00e9n puede ser beneficioso para una mujer que nunca ha tenido coito antes y ahora est\u00e1 lista para sentir el placer del sexo. Este procedimiento le permitir\u00e1 descubrir todos los placeres ocultos de disfrutar de actividades \u00edntimas con la persona que ama.   <\/p>\n\n\n\n<p>Es posible que un suave masaje vaginal no sea suficiente para hacerla sentir especial, pero un masaje vaginal completo ciertamente puede lograrlo. El objetivo principal de esta terapia es ayudar a una mujer a sentir el placer que nunca antes sinti\u00f3 en toda su vida. Abre su cuerpo al placer, la sensaci\u00f3n y el orgasmo. Ella experimentar\u00e1 diferentes estados de orgasmo y diferentes tipos de orgasmos como profundizaci\u00f3n, reconocimiento y extensi\u00f3n de orgasmos. Es por eso que este masaje intravaginal es bastante \u00fanico y esencial.    <\/p>\n\n\n\n<h2 class=\"wp-block-heading has-large-font-size\"><mark style=\"background-color:rgba(0, 0, 0, 0)\" class=\"has-inline-color has-ast-global-color-0-color\">\u00bfC\u00f3mo dar el masaje yoni?<\/mark><\/h2>\n\n\n\n<p>Hay un gran centro de masajes er\u00f3ticos en Tenerife que proporciona a los clientes una experiencia yoni \u00fanica. Si no est\u00e1s dispuesto a hacerlo afuera, puedes intentarlo en casa. En este masaje intervendr\u00e1n dos personas, el donante (la masajista) y el receptor que va a experimentar el placer de esta terapia. Siga el procedimiento explicado a continuaci\u00f3n:   <\/p>\n\n\n\n<ul class=\"wp-block-list\">\n<li>Preparar la sala para la sesi\u00f3n:<\/li>\n<\/ul>\n\n\n\n<p>Extiende una esterilla en el suelo y coloca algunos cojines. Ser\u00e1 un procedimiento muy \u00edntimo; mant\u00e9n la mente, el coraz\u00f3n y el cuerpo abiertos para sentirte desinteresado y entrar en sinton\u00eda. Deja que se recueste en la esterilla y se relaje. Si eres receptor, deja de pensar y piensa solo en este momento. Usa aceite de masaje de alta calidad, pon m\u00fasica terap\u00e9utica a volumen bajo y comienza.    <\/p>\n\n\n\n<ul class=\"wp-block-list\">\n<li>Masajea su cuerpo antes de llegar al yoni:<\/li>\n<\/ul>\n\n\n\n<p>Podr\u00eda sentirse un poco inc\u00f3moda si es la primera vez que recibe terapia. La mejor manera de relajar a una mujer antes de masajear la vagina es masajearle la parte superior del cuerpo. Poco a poco se abrir\u00e1 y empezar\u00e1 a sentirse relajada durante la sesi\u00f3n. Una vez lista, se debe realizar una estimulaci\u00f3n del cl\u00edtoris como calentamiento antes del masaje. Eso es lo que hacen las masajistas altamente cualificadas en Tenerife al dar el masaje yoni.    <\/p>\n\n\n\n<ul class=\"wp-block-list\">\n<li>Elija una de las cinco mejores t\u00e9cnicas de yoni:<\/li>\n<\/ul>\n\n\n\n<p>Las mujeres que acuden a un masaje yoni en Playa de las Am\u00e9ricas pueden realizarlo de una de cinco maneras diferentes. Circulaci\u00f3n, estiramiento y rotaci\u00f3n, empuje y tracci\u00f3n, golpeteo y masaje del punto G son cinco t\u00e9cnicas populares para dar un masaje yoni en Tenerife. Debes consultar todas estas cinco t\u00e9cnicas antes de ir a darle el masaje yoni. Los paquetes VIP y Elite pueden incluir m\u00e1s de un tipo de t\u00e9cnica de masaje yoni si prefieres que lo realice un profesional.   <\/p>\n\n\n\n<p>El procedimiento no termina con un solo orgasmo cuando una mujer decide recibir un masaje Yoni en Costa Adeje. Contin\u00faa y la persona que lo recibe contin\u00faa explorando los beneficios ocultos del sexo y la verdadera intimidad. Si desea disfrutar de esta experiencia \u00fanica en el mejor centro de masajes de Tenerife, debe obtener todos los detalles sobre el procedimiento terap\u00e9utico y el precio.  <\/p>\n\n\n\n<p>Sentirse satisfecha y relajada:<\/p>\n\n\n\n<p>El objetivo final de la sesi\u00f3n de Yoni es que la mujer se sienta satisfecha, relajada y amada. No suele disfrutar de este lujo, pero los servicios de Thai Relax House la har\u00e1n sentir especial y plena, si los realiza un profesional. <\/p>\n\n\n\n<p>Todos los masajes son manuales. Sin sexo ni penetraci\u00f3n. <\/p>\n\n\n<div class=\"is-acf-field wp-block-mfb-meta-field-block\"><div class=\"value\"><h2>Beneficios del Masaje de Placer Femenino<\/h2>\r\n<p>El masaje de placer femenino ofrece una variedad de beneficios para el bienestar f\u00edsico y emocional de las mujeres. Esta pr\u00e1ctica no solo promueve la relajaci\u00f3n, sino que tambi\u00e9n ayuda a liberar tensiones acumuladas. Si deseas conocer m\u00e1s sobre las distintas t\u00e9cnicas de masaje, visita nuestra secci\u00f3n sobre <a href=\"https:\/\/thairelaxhouse.com\/es\/masajes-tradicionales\/\">masajes tradicionales<\/a>.<\/p>\r\n<p>Adem\u00e1s, el masaje de placer femenino puede aumentar la conexi\u00f3n con el propio cuerpo, mejorando as\u00ed la percepci\u00f3n del placer y la autoestima. Para descubrir c\u00f3mo incorporar el masaje en tu rutina de autocuidado, consulta nuestros consejos sobre <a href=\"https:\/\/thairelaxhouse.com\/es\/autocuidado-femenino\/\">autocuidado femenino<\/a>.<\/p><\/div><\/div>\n\n","protected":false},"excerpt":{"rendered":"<p>Una mujer merece sentirse especial. Ella merece sentirse relajada y disfrutar del placer que s\u00f3lo el Masaje Yoni puede ofrecerle. Es bastante diferente y m\u00e1s \u00edntimo en comparaci\u00f3n con otros tipos de masajes. Puede transformar la vida de una mujer de muchas maneras. Adem\u00e1s de ofrecer efectos curativos para el cuerpo, este masaje te ayudar\u00e1 [&hellip;]<\/p>\n","protected":false},"author":1,"featured_media":0,"parent":0,"menu_order":0,"comment_status":"closed","ping_status":"closed","template":"","meta":{"_acf_changed":false,"_uag_custom_page_level_css":"","site-sidebar-layout":"default","site-content-layout":"","ast-site-content-layout":"default","site-content-style":"default","site-sidebar-style":"default","ast-global-header-display":"","ast-banner-title-visibility":"","ast-main-header-display":"","ast-hfb-above-header-display":"","ast-hfb-below-header-display":"","ast-hfb-mobile-header-display":"","site-post-title":"disabled","ast-breadcrumbs-content":"","ast-featured-img":"","footer-sml-layout":"","ast-disable-related-posts":"","theme-transparent-header-meta":"","adv-header-id-meta":"","stick-header-meta":"","header-above-stick-meta":"","header-main-stick-meta":"","header-below-stick-meta":"","astra-migrate-meta-layouts":"set","ast-page-background-enabled":"default","ast-page-background-meta":{"desktop":{"background-color":"","background-image":"","background-repeat":"repeat","background-position":"center center","background-size":"auto","background-attachment":"scroll","background-type":"","background-media":"","overlay-type":"","overlay-color":"","overlay-opacity":"","overlay-gradient":""},"tablet":{"background-color":"","background-image":"","background-repeat":"repeat","background-position":"center center","background-size":"auto","background-attachment":"scroll","background-type":"","background-media":"","overlay-type":"","overlay-color":"","overlay-opacity":"","overlay-gradient":""},"mobile":{"background-color":"","background-image":"","background-repeat":"repeat","background-position":"center center","background-size":"auto","background-attachment":"scroll","background-type":"","background-media":"","overlay-type":"","overlay-color":"","overlay-opacity":"","overlay-gradient":""}},"ast-content-background-meta":{"desktop":{"background-color":"var(--ast-global-color-5)","background-image":"","background-repeat":"repeat","background-position":"center center","background-size":"auto","background-attachment":"scroll","background-type":"","background-media":"","overlay-type":"","overlay-color":"","overlay-opacity":"","overlay-gradient":""},"tablet":{"background-color":"var(--ast-global-color-5)","background-image":"","background-repeat":"repeat","background-position":"center center","background-size":"auto","background-attachment":"scroll","background-type":"","background-media":"","overlay-type":"","overlay-color":"","overlay-opacity":"","overlay-gradient":""},"mobile":{"background-color":"var(--ast-global-color-5)","background-image":"","background-repeat":"repeat","background-position":"center center","background-size":"auto","background-attachment":"scroll","background-type":"","background-media":"","overlay-type":"","overlay-color":"","overlay-opacity":"","overlay-gradient":""}},"footnotes":""},"class_list":["post-2634","page","type-page","status-publish","hentry"],"acf":[],"mb":[],"uagb_featured_image_src":{"full":false,"thumbnail":false,"medium":false,"medium_large":false,"large":false,"1536x1536":false,"2048x2048":false},"uagb_author_info":{"display_name":"T","author_link":"https:\/\/thairelaxhouse.com\/es\/author\/tim\/"},"uagb_comment_info":0,"uagb_excerpt":"Una mujer merece sentirse especial. Ella merece sentirse relajada y disfrutar del placer que s\u00f3lo el Masaje Yoni puede ofrecerle. Es bastante diferente y m\u00e1s \u00edntimo en comparaci\u00f3n con otros tipos de masajes. Puede transformar la vida de una mujer de muchas maneras. Adem\u00e1s de ofrecer efectos curativos para el cuerpo, este masaje te ayudar\u00e1&hellip;","mfb_rest_fields":["title","uagb_featured_image_src","uagb_author_info","uagb_comment_info","uagb_excerpt"],"_links":{"self":[{"href":"https:\/\/thairelaxhouse.com\/es\/wp-json\/wp\/v2\/pages\/2634","targetHints":{"allow":["GET"]}}],"collection":[{"href":"https:\/\/thairelaxhouse.com\/es\/wp-json\/wp\/v2\/pages"}],"about":[{"href":"https:\/\/thairelaxhouse.com\/es\/wp-json\/wp\/v2\/types\/page"}],"author":[{"embeddable":true,"href":"https:\/\/thairelaxhouse.com\/es\/wp-json\/wp\/v2\/users\/1"}],"replies":[{"embeddable":true,"href":"https:\/\/thairelaxhouse.com\/es\/wp-json\/wp\/v2\/comments?post=2634"}],"version-history":[{"count":0,"href":"https:\/\/thairelaxhouse.com\/es\/wp-json\/wp\/v2\/pages\/2634\/revisions"}],"wp:attachment":[{"href":"https:\/\/thairelaxhouse.com\/es\/wp-json\/wp\/v2\/media?parent=2634"}],"curies":[{"name":"wp","href":"https:\/\/api.w.org\/{rel}","templated":true}]}}