{"id":2532,"date":"2025-01-27T11:25:56","date_gmt":"2025-01-27T11:25:56","guid":{"rendered":"https:\/\/thairelaxhouse.com\/?page_id=2532"},"modified":"2025-06-24T10:03:00","modified_gmt":"2025-06-24T10:03:00","slug":"masaje-en-pareja-interactivo","status":"publish","type":"page","link":"https:\/\/thairelaxhouse.com\/es\/masaje-en-pareja-interactivo\/","title":{"rendered":"Masaje en pareja interactivo"},"content":{"rendered":"\n<div class=\"wp-block-uagb-image uagb-block-bc222db8 wp-block-uagb-image--layout-default wp-block-uagb-image--effect-static wp-block-uagb-image--align-none\"><figure class=\"wp-block-uagb-image__figure\"><img decoding=\"async\" srcset=\"https:\/\/thairelaxhouse.com\/wp-content\/uploads\/2025\/05\/List17-WM-1024x576.webp ,https:\/\/thairelaxhouse.com\/wp-content\/uploads\/2025\/05\/List17-WM-scaled.webp 780w, https:\/\/thairelaxhouse.com\/wp-content\/uploads\/2025\/05\/List17-WM-scaled.webp 360w\" sizes=\"auto, (max-width: 480px) 150px\" src=\"https:\/\/thairelaxhouse.com\/wp-content\/uploads\/2025\/05\/List17-WM-1024x576.webp\" alt=\"\" class=\"uag-image-3914\" width=\"3840\" height=\"2160\" title=\"List17-WM\" loading=\"lazy\" role=\"img\"><\/figure><\/div>\n\n<div class=\"wp-block-uagb-call-to-action uagb-block-a695a981 wp-block-button\"><div class=\"uagb-cta__wrap\"><h1 class=\"uagb-cta__title\">Masaje en pareja interactivo<br\/>Desde 250 \u20ac <\/h1><p class=\"uagb-cta__desc\">Perfecto para parejas que buscan intimidad y conexi\u00f3n mientras exploran la relajaci\u00f3n juntos.<\/p><\/div><div class=\"uagb-cta__buttons\"><a href=\"https:\/\/wa.me\/34687640723?text=Hello,%20I%20would%20like%20to%20book%20a%20session%20of%20Couple%20Massage%20Interactive!\" class=\"uagb-cta__button-link-wrapper wp-block-button__link\" target=\"_self\" rel=\"noopener noreferrer\" aria-label=\"Book via WhatsApp\">Reservar ahora<svg xmlns=\"https:\/\/www.w3.org\/2000\/svg\" viewbox=\"0 0 448 512\"><path d=\"M380.9 97.1C339 55.1 283.2 32 223.9 32c-122.4 0-222 99.6-222 222 0 39.1 10.2 77.3 29.6 111L0 480l117.7-30.9c32.4 17.7 68.9 27 106.1 27h.1c122.3 0 224.1-99.6 224.1-222 0-59.3-25.2-115-67.1-157zm-157 341.6c-33.2 0-65.7-8.9-94-25.7l-6.7-4-69.8 18.3L72 359.2l-4.4-7c-18.5-29.4-28.2-63.3-28.2-98.2 0-101.7 82.8-184.5 184.6-184.5 49.3 0 95.6 19.2 130.4 54.1 34.8 34.9 56.2 81.2 56.1 130.5 0 101.8-84.9 184.6-186.6 184.6zm101.2-138.2c-5.5-2.8-32.8-16.2-37.9-18-5.1-1.9-8.8-2.8-12.5 2.8-3.7 5.6-14.3 18-17.6 21.8-3.2 3.7-6.5 4.2-12 1.4-32.6-16.3-54-29.1-75.5-66-5.7-9.8 5.7-9.1 16.3-30.3 1.8-3.7 .9-6.9-.5-9.7-1.4-2.8-12.5-30.1-17.1-41.2-4.5-10.8-9.1-9.3-12.5-9.5-3.2-.2-6.9-.2-10.6-.2-3.7 0-9.7 1.4-14.8 6.9-5.1 5.6-19.4 19-19.4 46.3 0 27.3 19.9 53.7 22.6 57.4 2.8 3.7 39.1 59.7 94.8 83.8 35.2 15.2 49 16.5 66.6 13.9 10.7-1.6 32.8-13.4 37.4-26.4 4.6-13 4.6-24.1 3.2-26.4-1.3-2.5-5-3.9-10.5-6.6z\"><\/path><\/svg><\/a><\/div><\/div>\n\n<p><strong>Incluye una botella de champ\u00e1n.<\/strong><\/p>\n\n<p>Para parejas, se considera la participaci\u00f3n simult\u00e1nea de dos profesionales: una chica y un chico, o dos chicas (a petici\u00f3n del cliente). El masaje, seg\u00fan los deseos, se realiza simult\u00e1neamente o en serie. Durante el masaje, las parejas pueden estar cerca y tomarse de la mano.<br\/>Al final, relajaci\u00f3n total. Las chicas ayudar\u00e1n con las manos expertas o se quedar\u00e1n solas, a elecci\u00f3n del cliente.   <br\/><em>El final feliz lo hacen las manos.<\/em><\/p>\n\n<p><strong>Un masaje en pareja<\/strong> es probablemente la mejor excusa para pasar tiempo extra con tu pareja. Este tiempo compartido puede tener un impacto positivo en vuestra relaci\u00f3n. Si actualmente ten\u00e9is alg\u00fan problema en vuestra relaci\u00f3n, pod\u00e9is considerar un masaje en pareja. Es una experiencia nueva que puede mejorar vuestra relaci\u00f3n y fortalecerla. Si busc\u00e1is el mejor masaje en pareja en Tenerife, pod\u00e9is visitar Thai Relax House. Ubicados en Playa de las Am\u00e9ricas, somos uno de los mejores de la ciudad. Tenemos nuestra p\u00e1gina web oficial donde pod\u00e9is encontrar toda la informaci\u00f3n que necesit\u00e1is.      <\/p>\n\n<h2 class=\"wp-block-heading has-large-font-size\"><mark style=\"background-color:rgba(0, 0, 0, 0)\" class=\"has-inline-color has-ast-global-color-0-color\">Elegir el mejor lugar<\/mark><\/h2>\n\n<p>Si buscas un masaje er\u00f3tico para parejas, necesitas encontrar al mejor proveedor de la ciudad. Esto te garantizar\u00e1 un servicio de lujo, justo lo que pagas. Si buscas el mejor masaje para parejas con sala privada, definitivamente deber\u00edas visitar Thai Relax House. Ubicados en Costa Adeje, somos conocidos como el mejor lugar para relajarse de la zona.    Somos conocidos por brindarle servicios VIP. No solo ofrecemos masajes para parejas, sino tambi\u00e9n otros servicios especiales. Puede consultar los detalles y precios en nuestra p\u00e1gina web oficial. Si desea un masaje completo para parejas, puede reservar su cita en l\u00ednea. Este lugar es ideal para parejas que buscan una sesi\u00f3n de lujo.   <\/p>\n\n<h2 class=\"wp-block-heading has-large-font-size\"><mark style=\"background-color:rgba(0, 0, 0, 0)\" class=\"has-inline-color has-ast-global-color-0-color\">\u00bfC\u00f3mo es beneficioso el masaje corporal?<\/mark><\/h2>\n\n<p>Una sesi\u00f3n de masaje ex\u00f3tico puede hacer maravillas en tu relaci\u00f3n. Adem\u00e1s, a algunas personas les resulta bastante intimidante recibir un masaje corporal a solas. En ese caso, puedes reservar una cita en un spa privado para parejas.  <\/p>\n\n<h3 class=\"wp-block-heading has-medium-font-size\"><mark style=\"background-color:rgba(0, 0, 0, 0)\" class=\"has-inline-color has-ast-global-color-0-color\">1. Nueva experiencia compartida<\/mark><\/h3>\n\n<p>Disfrutar de una sesi\u00f3n de masajes corporales con tu pareja es una experiencia nueva. Este tipo de experiencias suelen ser comunes en parejas muy unidas. Podr\u00eda ser la manera perfecta de recuperar la intimidad en su relaci\u00f3n. Si buscas algo nuevo, sin duda deber\u00edas probarlo. Puedes buscar masajes para parejas cerca de m\u00ed para encontrar las mejores opciones.    <\/p>\n\n<h3 class=\"wp-block-heading has-medium-font-size\"><mark style=\"background-color:rgba(0, 0, 0, 0)\" class=\"has-inline-color has-ast-global-color-0-color\">2. Reduce el estr\u00e9s<\/mark><\/h3>\n\n<p>Toda relaci\u00f3n pasa por momentos dif\u00edciles en alg\u00fan momento. Realizar actividades como un masaje en pareja en Tenerife puede ayudarles a liberar parte del estr\u00e9s. Adem\u00e1s, pueden pasarlo genial juntos.  <\/p>\n\n<h3 class=\"wp-block-heading has-medium-font-size\"><mark style=\"background-color:rgba(0, 0, 0, 0)\" class=\"has-inline-color has-ast-global-color-0-color\">3. Tiempo de calidad<\/mark><\/h3>\n\n<p>No hay mejor manera de pasar tiempo con tu pareja que con un relajante masaje de tejido profundo. Por eso, no dudes en probarlo. Te garantizamos que ser\u00e1 una de las mejores decisiones de tu vida.  <\/p>\n\n<p>Ahora que ya sabes sobre el masaje corporal en pareja, deber\u00edas conocer los detalles. Una buena sesi\u00f3n juntos puede ayudar a que su relaci\u00f3n florezca a\u00fan m\u00e1s. <\/p>\n\n<p>Todos los masajes son manuales. Sin sexo ni penetraci\u00f3n. <\/p>\n<div class=\"is-acf-field wp-block-mfb-meta-field-block\"><div class=\"value\"><h2>Beneficios del Masaje en Pareja Interactivo<\/h2>\n<p>El masaje en pareja interactivo es una experiencia \u00fanica que permite a las parejas reconectar y fortalecer su v\u00ednculo. Durante la sesi\u00f3n, ambos disfrut\u00e1is de t\u00e9cnicas de masaje que no solo relajan el cuerpo, sino que tambi\u00e9n promueven la comunicaci\u00f3n y el entendimiento mutuo. Descubre c\u00f3mo el <a href=\"https:\/\/thairelaxhouse.com\/es\/masaje-relajante\/\">masaje relajante<\/a> puede transformar tu relaci\u00f3n y crear recuerdos inolvidables juntos.<\/p>\n<p>A trav\u00e9s de esta pr\u00e1ctica, las parejas pueden explorar nuevas formas de tocar y conectar a un nivel m\u00e1s profundo. Adem\u00e1s, el masaje en pareja puede ser una excelente manera de aliviar el estr\u00e9s y mejorar el bienestar general. Considera visitar nuestra secci\u00f3n sobre <a href=\"https:\/\/thairelaxhouse.com\/es\/terapia-especializada\/\">terapia especializada<\/a> para conocer otros tratamientos que pueden complementar tu experiencia.<\/p>\n<\/div><\/div>","protected":false},"excerpt":{"rendered":"<p>Incluye una botella de champ\u00e1n. Para parejas, se considera la participaci\u00f3n simult\u00e1nea de dos profesionales: una chica y un chico, o dos chicas (a petici\u00f3n del cliente). El masaje, seg\u00fan los deseos, se realiza simult\u00e1neamente o en serie. Durante el masaje, las parejas pueden estar cerca y tomarse de la mano.Al final, relajaci\u00f3n total. Las [&hellip;]<\/p>\n","protected":false},"author":1,"featured_media":0,"parent":0,"menu_order":0,"comment_status":"closed","ping_status":"closed","template":"","meta":{"_acf_changed":false,"_uag_custom_page_level_css":"","site-sidebar-layout":"default","site-content-layout":"","ast-site-content-layout":"default","site-content-style":"default","site-sidebar-style":"default","ast-global-header-display":"","ast-banner-title-visibility":"","ast-main-header-display":"","ast-hfb-above-header-display":"","ast-hfb-below-header-display":"","ast-hfb-mobile-header-display":"","site-post-title":"disabled","ast-breadcrumbs-content":"","ast-featured-img":"","footer-sml-layout":"","ast-disable-related-posts":"","theme-transparent-header-meta":"","adv-header-id-meta":"","stick-header-meta":"","header-above-stick-meta":"","header-main-stick-meta":"","header-below-stick-meta":"","astra-migrate-meta-layouts":"set","ast-page-background-enabled":"default","ast-page-background-meta":{"desktop":{"background-color":"","background-image":"","background-repeat":"repeat","background-position":"center center","background-size":"auto","background-attachment":"scroll","background-type":"","background-media":"","overlay-type":"","overlay-color":"","overlay-opacity":"","overlay-gradient":""},"tablet":{"background-color":"","background-image":"","background-repeat":"repeat","background-position":"center center","background-size":"auto","background-attachment":"scroll","background-type":"","background-media":"","overlay-type":"","overlay-color":"","overlay-opacity":"","overlay-gradient":""},"mobile":{"background-color":"","background-image":"","background-repeat":"repeat","background-position":"center center","background-size":"auto","background-attachment":"scroll","background-type":"","background-media":"","overlay-type":"","overlay-color":"","overlay-opacity":"","overlay-gradient":""}},"ast-content-background-meta":{"desktop":{"background-color":"var(--ast-global-color-5)","background-image":"","background-repeat":"repeat","background-position":"center center","background-size":"auto","background-attachment":"scroll","background-type":"","background-media":"","overlay-type":"","overlay-color":"","overlay-opacity":"","overlay-gradient":""},"tablet":{"background-color":"var(--ast-global-color-5)","background-image":"","background-repeat":"repeat","background-position":"center center","background-size":"auto","background-attachment":"scroll","background-type":"","background-media":"","overlay-type":"","overlay-color":"","overlay-opacity":"","overlay-gradient":""},"mobile":{"background-color":"var(--ast-global-color-5)","background-image":"","background-repeat":"repeat","background-position":"center center","background-size":"auto","background-attachment":"scroll","background-type":"","background-media":"","overlay-type":"","overlay-color":"","overlay-opacity":"","overlay-gradient":""}},"footnotes":""},"class_list":["post-2532","page","type-page","status-publish","hentry"],"acf":[],"mb":[],"uagb_featured_image_src":{"full":false,"thumbnail":false,"medium":false,"medium_large":false,"large":false,"1536x1536":false,"2048x2048":false},"uagb_author_info":{"display_name":"T","author_link":"https:\/\/thairelaxhouse.com\/es\/author\/tim\/"},"uagb_comment_info":0,"uagb_excerpt":"Incluye una botella de champ\u00e1n. Para parejas, se considera la participaci\u00f3n simult\u00e1nea de dos profesionales: una chica y un chico, o dos chicas (a petici\u00f3n del cliente). El masaje, seg\u00fan los deseos, se realiza simult\u00e1neamente o en serie. Durante el masaje, las parejas pueden estar cerca y tomarse de la mano.Al final, relajaci\u00f3n total. Las&hellip;","mfb_rest_fields":["title","uagb_featured_image_src","uagb_author_info","uagb_comment_info","uagb_excerpt"],"_links":{"self":[{"href":"https:\/\/thairelaxhouse.com\/es\/wp-json\/wp\/v2\/pages\/2532","targetHints":{"allow":["GET"]}}],"collection":[{"href":"https:\/\/thairelaxhouse.com\/es\/wp-json\/wp\/v2\/pages"}],"about":[{"href":"https:\/\/thairelaxhouse.com\/es\/wp-json\/wp\/v2\/types\/page"}],"author":[{"embeddable":true,"href":"https:\/\/thairelaxhouse.com\/es\/wp-json\/wp\/v2\/users\/1"}],"replies":[{"embeddable":true,"href":"https:\/\/thairelaxhouse.com\/es\/wp-json\/wp\/v2\/comments?post=2532"}],"version-history":[{"count":0,"href":"https:\/\/thairelaxhouse.com\/es\/wp-json\/wp\/v2\/pages\/2532\/revisions"}],"wp:attachment":[{"href":"https:\/\/thairelaxhouse.com\/es\/wp-json\/wp\/v2\/media?parent=2532"}],"curies":[{"name":"wp","href":"https:\/\/api.w.org\/{rel}","templated":true}]}}