{"id":3452,"date":"2025-06-24T08:00:00","date_gmt":"2025-06-24T08:00:00","guid":{"rendered":"https:\/\/thairelaxhouse.com\/outcall-erotikmassage\/"},"modified":"2025-05-21T08:53:01","modified_gmt":"2025-05-21T08:53:01","slug":"outcall-erotikmassage","status":"publish","type":"page","link":"https:\/\/thairelaxhouse.com\/de\/outcall-erotikmassage\/","title":{"rendered":"Outcall-Erotikmassage"},"content":{"rendered":"\n<div class=\"wp-block-uagb-call-to-action uagb-block-a695a981 wp-block-button\"><div class=\"uagb-cta__wrap\"><h1 class=\"uagb-cta__title\">Outcall-Erotikmassage<br>Rufen Sie uns an<\/h1><p class=\"uagb-cta__desc\"> Ein sinnliches Luxuserlebnis vor Ihrer Haust\u00fcr<\/p><\/div><div class=\"uagb-cta__buttons\"><a href=\"https:\/\/wa.me\/34687640723?text=Hello,%20I%20would%20like%20to%20book%20a%20session%20of%20Outcall%20Massage\" class=\"uagb-cta__button-link-wrapper wp-block-button__link\" target=\"_self\" rel=\"noopener noreferrer\" aria-label=\"Book via WhatsApp\">book now<svg xmlns=\"https:\/\/www.w3.org\/2000\/svg\" viewBox=\"0 0 448 512\"><path d=\"M380.9 97.1C339 55.1 283.2 32 223.9 32c-122.4 0-222 99.6-222 222 0 39.1 10.2 77.3 29.6 111L0 480l117.7-30.9c32.4 17.7 68.9 27 106.1 27h.1c122.3 0 224.1-99.6 224.1-222 0-59.3-25.2-115-67.1-157zm-157 341.6c-33.2 0-65.7-8.9-94-25.7l-6.7-4-69.8 18.3L72 359.2l-4.4-7c-18.5-29.4-28.2-63.3-28.2-98.2 0-101.7 82.8-184.5 184.6-184.5 49.3 0 95.6 19.2 130.4 54.1 34.8 34.9 56.2 81.2 56.1 130.5 0 101.8-84.9 184.6-186.6 184.6zm101.2-138.2c-5.5-2.8-32.8-16.2-37.9-18-5.1-1.9-8.8-2.8-12.5 2.8-3.7 5.6-14.3 18-17.6 21.8-3.2 3.7-6.5 4.2-12 1.4-32.6-16.3-54-29.1-75.5-66-5.7-9.8 5.7-9.1 16.3-30.3 1.8-3.7 .9-6.9-.5-9.7-1.4-2.8-12.5-30.1-17.1-41.2-4.5-10.8-9.1-9.3-12.5-9.5-3.2-.2-6.9-.2-10.6-.2-3.7 0-9.7 1.4-14.8 6.9-5.1 5.6-19.4 19-19.4 46.3 0 27.3 19.9 53.7 22.6 57.4 2.8 3.7 39.1 59.7 94.8 83.8 35.2 15.2 49 16.5 66.6 13.9 10.7-1.6 32.8-13.4 37.4-26.4 4.6-13 4.6-24.1 3.2-26.4-1.3-2.5-5-3.9-10.5-6.6z\"><\/path><\/svg><\/a><\/div><\/div>\n\n\n\n<h2 class=\"wp-block-heading has-large-font-size\">Outcall Erotische Massage im S\u00fcden Teneriffas \u2013 Ein sinnliches Erlebnis im Luxus vor Ihrer Haust\u00fcr<\/h2>\n\n\n\n<p>Jetzt k\u00f6nnen Sie die sinnlichsten und erotischsten Massagen bequem von Ihrem Hotelzimmer, Ihrer Villa oder Ihrem Privathaus in&nbsp;<strong>Teneriffa S\u00fcd<\/strong>&nbsp;erleben, insbesondere in&nbsp;<strong>Costa Adeje<\/strong>&nbsp;und&nbsp;<strong>Playa de Las Am\u00e9ricas<\/strong>. Egal, ob Sie allein, mit Ihrem Partner oder in einem Luxusurlaub sind, unsere Massagen auf Abruf bringen Ihnen Sinnlichkeit, Intimit\u00e4t und Professionalit\u00e4t diskret direkt vor Ihre Haust\u00fcr.<\/p>\n\n\n\n<h2 class=\"wp-block-heading has-large-font-size\">Was ist die Outcall-Erotikmassage?<\/h2>\n\n\n\n<p>Wir bieten Ihnen die gleiche Qualit\u00e4t an sinnlichen und interaktiven Massagen, die Sie im Studio erhalten, aber direkt bei Ihnen vor Ort. Zu unseren Bestseller-Sitzungen geh\u00f6ren&nbsp;<strong>Body to Body<\/strong>,&nbsp;<strong>Interaktive Massage<\/strong>,&nbsp;<strong>Thai Lux<\/strong>,&nbsp;<strong>Paar-Massage<\/strong>,&nbsp;<strong>Femdom<\/strong>&nbsp;und&nbsp;<strong>Lesben-Show<\/strong>, die alle von erfahrenen Therapeuten durchgef\u00fchrt werden, die bereit sind, diskret und respektvoll mit Ihrer Umgebung umzugehen.<\/p>\n\n\n\n<h2 class=\"wp-block-heading has-large-font-size\">Warum eine Outcall-Massage w\u00e4hlen?<\/h2>\n\n\n\n<ul class=\"wp-block-list\">\n<li>Erleben Sie die volle Sinnlichkeit, ohne Ihr Zimmer verlassen zu m\u00fcssen<\/li>\n\n\n\n<li>Die Einrichtung ist auf Hotels, Villen, Apartments oder private Suiten zugeschnitten<\/li>\n\n\n\n<li>Professionalit\u00e4t, Diskretion, saubere Materialien und eine professionelle Einstellung<\/li>\n\n\n\n<li>Empfohlen f\u00fcr Einzelg\u00e4ste, Paare oder Gruppenbuchungen<\/li>\n\n\n\n<li>Verf\u00fcgbar in\u00a0<strong>Costa Adeje<\/strong>,\u00a0<strong>Las Am\u00e9ricas<\/strong>\u00a0und ganz\u00a0<strong>Teneriffa S\u00fcd<\/strong><\/li>\n<\/ul>\n\n\n\n<h3 class=\"wp-block-heading has-medium-font-size\">Einige der am h\u00e4ufigsten nachgefragten Dienste, die f\u00fcr Outcall verf\u00fcgbar sind<\/h3>\n\n\n\n<ul class=\"wp-block-list\">\n<li><strong><a href=\"https:\/\/thairelaxhouse.com\/de\/thai-lux\/\">Thai Lux Massage<\/a><\/strong>\u00a0\u2013 Purer Genuss mit sinnlicher Eleganz in Ihrem privaten Raum.<\/li>\n\n\n\n<li><strong><a href=\"https:\/\/thairelaxhouse.com\/de\/body-to-body-massage\/\">K\u00f6rper-zu-K\u00f6rper-Massage<\/a><\/strong>\u00a0\u2013 Ein sinnliches Ganzk\u00f6rpererlebnis, bei dem die K\u00f6rper miteinander in Kontakt kommen.<\/li>\n\n\n\n<li><strong><a href=\"https:\/\/thairelaxhouse.com\/de\/interaktive-spezialmassage\/\">Spezialmassage Interaktiv<\/a><\/strong>\u00a0\u2013 Personalisiertes Spiel und Verbindung.<\/li>\n\n\n\n<li><strong><a href=\"https:\/\/thairelaxhouse.com\/de\/femdom-sitzung\/\">Domina-Sitzung<\/a><\/strong>\u00a0\u2013 Entdecken Sie Dominanz und Unterwerfung in der Geborgenheit Ihres eigenen Raums.<\/li>\n\n\n\n<li><strong><a href=\"https:\/\/thairelaxhouse.com\/de\/paarmassage-interaktiv\/\">Paarmassage Interaktiv<\/a><\/strong>\u00a0\u2013 Eine sinnliche Massage, die Sie mit Ihrem Partner genie\u00dfen k\u00f6nnen.<\/li>\n\n\n\n<li><strong><a href=\"https:\/\/thairelaxhouse.com\/de\/lesbische-massage-interaktiv\/\">Interaktive Lesbenmassage<\/a><\/strong>\u00a0\u2013 Live-Erotikshow, um das Beste aus visuellem und k\u00f6rperlichem Vergn\u00fcgen herauszuholen.<\/li>\n<\/ul>\n\n\n\n<h3 class=\"wp-block-heading has-medium-font-size\">F\u00fcr wen ist es?<\/h3>\n\n\n\n<p>F\u00fcr Erwachsene jeden Alters, die Diskretion, Komfort und Luxus sch\u00e4tzen, sind Outcall-Massagen ideal. Ob Sie Ihrem Partner ein besonderes Geschenk machen, einen besonderen Anlass feiern oder einfach nur neue Sinnlichkeit entdecken m\u00f6chten \u2013 diese private Begegnung wird mit Sorgfalt, W\u00e4rme und Professionalit\u00e4t durchgef\u00fchrt.<\/p>\n\n\n\n<h3 class=\"wp-block-heading has-medium-font-size\">Servicebereich und Verf\u00fcgbarkeit<\/h3>\n\n\n\n<p>Massage auf Abruf ist in&nbsp;<strong>Teneriffa S\u00fcd<\/strong>&nbsp;mit schnellem, diskretem Service in&nbsp;<strong>Costa Adeje<\/strong>,&nbsp;<strong>Playa de Las Am\u00e9ricas<\/strong>&nbsp;und den umliegenden Ferienorten verf\u00fcgbar. Unsere Therapeuten kommen mit frischen Handt\u00fcchern, \u00d6len und einer positiven und respektvollen Einstellung zu Ihrer Sitzung. Sie m\u00fcssen sich nur noch zur\u00fccklehnen und entspannen.<\/p>\n\n\n\n<h2 class=\"wp-block-heading has-large-font-size\">Buchen Sie Ihre Outcall-Erotikmassage auf Teneriffa<\/h2>\n\n\n\n<p>Lassen Sie uns die Sinnlichkeit zu Ihnen bringen. Ob in einer Luxusvilla, einem Hotel am Strand oder einem stilvollen Appartement, unsere&nbsp;<strong>erotische Massage auf Abruf<\/strong>&nbsp;sorgt daf\u00fcr, dass Sie das Beste an Vergn\u00fcgen, Privatsph\u00e4re und Betreuung an Ihrem Ort bekommen. Buchen Sie jetzt Ihre Sitzung in&nbsp;<strong>Las Am\u00e9ricas<\/strong>,&nbsp;<strong>Costa Adeje<\/strong>&nbsp;oder in einem anderen Teil von&nbsp;<strong>Teneriffa S\u00fcd<\/strong>.<\/p>\n\n\n\n<p><\/p>\n","protected":false},"excerpt":{"rendered":"<p>Outcall Erotische Massage im S\u00fcden Teneriffas \u2013 Ein sinnliches Erlebnis im Luxus vor Ihrer Haust\u00fcr Jetzt k\u00f6nnen Sie die sinnlichsten und erotischsten Massagen bequem von Ihrem Hotelzimmer, Ihrer Villa oder Ihrem Privathaus in&nbsp;Teneriffa S\u00fcd&nbsp;erleben, insbesondere in&nbsp;Costa Adeje&nbsp;und&nbsp;Playa de Las Am\u00e9ricas. Egal, ob Sie allein, mit Ihrem Partner oder in einem Luxusurlaub sind, unsere Massagen auf [&hellip;]<\/p>\n","protected":false},"author":1,"featured_media":0,"parent":0,"menu_order":0,"comment_status":"closed","ping_status":"closed","template":"","meta":{"_acf_changed":false,"_uag_custom_page_level_css":"","site-sidebar-layout":"default","site-content-layout":"","ast-site-content-layout":"default","site-content-style":"default","site-sidebar-style":"default","ast-global-header-display":"","ast-banner-title-visibility":"","ast-main-header-display":"","ast-hfb-above-header-display":"","ast-hfb-below-header-display":"","ast-hfb-mobile-header-display":"","site-post-title":"disabled","ast-breadcrumbs-content":"","ast-featured-img":"","footer-sml-layout":"","ast-disable-related-posts":"","theme-transparent-header-meta":"","adv-header-id-meta":"","stick-header-meta":"","header-above-stick-meta":"","header-main-stick-meta":"","header-below-stick-meta":"","astra-migrate-meta-layouts":"set","ast-page-background-enabled":"default","ast-page-background-meta":{"desktop":{"background-color":"","background-image":"","background-repeat":"repeat","background-position":"center center","background-size":"auto","background-attachment":"scroll","background-type":"","background-media":"","overlay-type":"","overlay-color":"","overlay-opacity":"","overlay-gradient":""},"tablet":{"background-color":"","background-image":"","background-repeat":"repeat","background-position":"center center","background-size":"auto","background-attachment":"scroll","background-type":"","background-media":"","overlay-type":"","overlay-color":"","overlay-opacity":"","overlay-gradient":""},"mobile":{"background-color":"","background-image":"","background-repeat":"repeat","background-position":"center center","background-size":"auto","background-attachment":"scroll","background-type":"","background-media":"","overlay-type":"","overlay-color":"","overlay-opacity":"","overlay-gradient":""}},"ast-content-background-meta":{"desktop":{"background-color":"var(--ast-global-color-5)","background-image":"","background-repeat":"repeat","background-position":"center center","background-size":"auto","background-attachment":"scroll","background-type":"","background-media":"","overlay-type":"","overlay-color":"","overlay-opacity":"","overlay-gradient":""},"tablet":{"background-color":"var(--ast-global-color-5)","background-image":"","background-repeat":"repeat","background-position":"center center","background-size":"auto","background-attachment":"scroll","background-type":"","background-media":"","overlay-type":"","overlay-color":"","overlay-opacity":"","overlay-gradient":""},"mobile":{"background-color":"var(--ast-global-color-5)","background-image":"","background-repeat":"repeat","background-position":"center center","background-size":"auto","background-attachment":"scroll","background-type":"","background-media":"","overlay-type":"","overlay-color":"","overlay-opacity":"","overlay-gradient":""}},"footnotes":""},"class_list":["post-3452","page","type-page","status-publish","hentry"],"acf":[],"mb":[],"uagb_featured_image_src":{"full":false,"thumbnail":false,"medium":false,"medium_large":false,"large":false,"1536x1536":false,"2048x2048":false},"uagb_author_info":{"display_name":"T","author_link":"https:\/\/thairelaxhouse.com\/de\/author\/tim\/"},"uagb_comment_info":0,"uagb_excerpt":"Outcall Erotische Massage im S\u00fcden Teneriffas \u2013 Ein sinnliches Erlebnis im Luxus vor Ihrer Haust\u00fcr Jetzt k\u00f6nnen Sie die sinnlichsten und erotischsten Massagen bequem von Ihrem Hotelzimmer, Ihrer Villa oder Ihrem Privathaus in&nbsp;Teneriffa S\u00fcd&nbsp;erleben, insbesondere in&nbsp;Costa Adeje&nbsp;und&nbsp;Playa de Las Am\u00e9ricas. Egal, ob Sie allein, mit Ihrem Partner oder in einem Luxusurlaub sind, unsere Massagen auf&hellip;","mfb_rest_fields":["title","uagb_featured_image_src","uagb_author_info","uagb_comment_info","uagb_excerpt"],"_links":{"self":[{"href":"https:\/\/thairelaxhouse.com\/de\/wp-json\/wp\/v2\/pages\/3452","targetHints":{"allow":["GET"]}}],"collection":[{"href":"https:\/\/thairelaxhouse.com\/de\/wp-json\/wp\/v2\/pages"}],"about":[{"href":"https:\/\/thairelaxhouse.com\/de\/wp-json\/wp\/v2\/types\/page"}],"author":[{"embeddable":true,"href":"https:\/\/thairelaxhouse.com\/de\/wp-json\/wp\/v2\/users\/1"}],"replies":[{"embeddable":true,"href":"https:\/\/thairelaxhouse.com\/de\/wp-json\/wp\/v2\/comments?post=3452"}],"version-history":[{"count":0,"href":"https:\/\/thairelaxhouse.com\/de\/wp-json\/wp\/v2\/pages\/3452\/revisions"}],"wp:attachment":[{"href":"https:\/\/thairelaxhouse.com\/de\/wp-json\/wp\/v2\/media?parent=3452"}],"curies":[{"name":"wp","href":"https:\/\/api.w.org\/{rel}","templated":true}]}}