{"id":2629,"date":"2025-01-26T14:48:53","date_gmt":"2025-01-26T14:48:53","guid":{"rendered":"https:\/\/thairelaxhouse.com\/?page_id=2629"},"modified":"2026-03-24T09:01:11","modified_gmt":"2026-03-24T08:01:11","slug":"verwoehn-massage-fuer-frauen","status":"publish","type":"page","link":"https:\/\/thairelaxhouse.com\/de\/verwoehn-massage-fuer-frauen\/","title":{"rendered":"Verw\u00f6hn-Massage f\u00fcr Frauen"},"content":{"rendered":"\n<div class=\"wp-block-uagb-image uagb-block-9d874a04 wp-block-uagb-image--layout-default wp-block-uagb-image--effect-static wp-block-uagb-image--align-none\"><figure class=\"wp-block-uagb-image__figure\"><img decoding=\"async\" srcset=\"https:\/\/thairelaxhouse.com\/wp-content\/uploads\/2025\/05\/List6-WM-1024x576.webp ,https:\/\/thairelaxhouse.com\/wp-content\/uploads\/2025\/05\/List6-WM-scaled.webp 780w, https:\/\/thairelaxhouse.com\/wp-content\/uploads\/2025\/05\/List6-WM-scaled.webp 360w\" sizes=\"auto, (max-width: 480px) 150px\" src=\"https:\/\/thairelaxhouse.com\/wp-content\/uploads\/2025\/05\/List6-WM-1024x576.webp\" alt=\"\" class=\"uag-image-3835\" width=\"3840\" height=\"2160\" title=\"List6 WM\" loading=\"lazy\" role=\"img\"\/><\/figure><\/div>\n\n\n\n<div class=\"wp-block-uagb-call-to-action uagb-block-a695a981 wp-block-button\"><div class=\"uagb-cta__wrap\"><h1 class=\"uagb-cta__title\">Frauenvergn\u00fcgen Massage<br>Ab \u20ac160<\/h1><p class=\"uagb-cta__desc\">Eine luxuri\u00f6se Ganzk\u00f6rpermassage f\u00fcr Frauen, einschlie\u00dflich einer wohltuenden Dusche und v\u00f6lliger Entspannung, die Sie erfrischt und in Frieden l\u00e4sst<\/p><\/div><div class=\"uagb-cta__buttons\"><a href=\"https:\/\/wa.me\/34687640723?text=Hello,%20I%20would%20like%20to%20book%20a%20session%20of%20Women\u2019s%20Pleasure%20Massage!\" class=\"uagb-cta__button-link-wrapper wp-block-button__link\" target=\"_self\" rel=\"noopener noreferrer\" aria-label=\"Book via WhatsApp\">book now<svg xmlns=\"https:\/\/www.w3.org\/2000\/svg\" viewBox=\"0 0 448 512\"><path d=\"M380.9 97.1C339 55.1 283.2 32 223.9 32c-122.4 0-222 99.6-222 222 0 39.1 10.2 77.3 29.6 111L0 480l117.7-30.9c32.4 17.7 68.9 27 106.1 27h.1c122.3 0 224.1-99.6 224.1-222 0-59.3-25.2-115-67.1-157zm-157 341.6c-33.2 0-65.7-8.9-94-25.7l-6.7-4-69.8 18.3L72 359.2l-4.4-7c-18.5-29.4-28.2-63.3-28.2-98.2 0-101.7 82.8-184.5 184.6-184.5 49.3 0 95.6 19.2 130.4 54.1 34.8 34.9 56.2 81.2 56.1 130.5 0 101.8-84.9 184.6-186.6 184.6zm101.2-138.2c-5.5-2.8-32.8-16.2-37.9-18-5.1-1.9-8.8-2.8-12.5 2.8-3.7 5.6-14.3 18-17.6 21.8-3.2 3.7-6.5 4.2-12 1.4-32.6-16.3-54-29.1-75.5-66-5.7-9.8 5.7-9.1 16.3-30.3 1.8-3.7 .9-6.9-.5-9.7-1.4-2.8-12.5-30.1-17.1-41.2-4.5-10.8-9.1-9.3-12.5-9.5-3.2-.2-6.9-.2-10.6-.2-3.7 0-9.7 1.4-14.8 6.9-5.1 5.6-19.4 19-19.4 46.3 0 27.3 19.9 53.7 22.6 57.4 2.8 3.7 39.1 59.7 94.8 83.8 35.2 15.2 49 16.5 66.6 13.9 10.7-1.6 32.8-13.4 37.4-26.4 4.6-13 4.6-24.1 3.2-26.4-1.3-2.5-5-3.9-10.5-6.6z\"><\/path><\/svg><\/a><\/div><\/div>\n\n\n\n<p>Eine Frau verdient es, sich besonders zu f\u00fchlen. Sie verdient es, sich entspannt zu f\u00fchlen und das Vergn\u00fcgen zu genie\u00dfen, das nur die Yoni-Massage bieten kann. <\/p>\n\n\n\n<p>Sie ist ganz anders und intimer als andere Arten von Massagen. Sie kann das Leben einer Frau in vielerlei Hinsicht wirklich ver\u00e4ndern. Neben der heilenden Wirkung auf den K\u00f6rper hilft diese Massage auch dabei, spirituelle Klarheit zu finden. Obwohl viele Menschen nicht mit den gesundheitlichen und heilenden Vorteilen der Yoni-Massage vertraut sind, wird dieser Beitrag Ihnen helfen, einige wichtige Details \u00fcber dieses einzigartige Heilverfahren zu erfahren.    <em>Das Happy End wird mit den H\u00e4nden gemacht.<\/em><\/p>\n\n\n\n<h2 class=\"wp-block-heading has-large-font-size\"><mark style=\"background-color:rgba(0, 0, 0, 0)\" class=\"has-inline-color has-ast-global-color-0-color\">Was genau ist die Yoni-Massage?<\/mark><\/h2>\n\n\n\n<p>Es handelt sich um eine Art der tantrischen Massage, die sich haupts\u00e4chlich auf die Vagina und die Vulva konzentriert. Es handelt sich um ein therapeutisches Verfahren, das f\u00fcr die Frau sehr wichtig ist, weil es ihr hilft, die Spannung in ihrer Vagina zu l\u00f6sen. <\/p>\n\n\n\n<p>Yoni ist ein Sanskrit-Wort, das eigentlich einen heiligen Raum bedeutet. Es wird als ein Ort der extremen Liebe und des Respekts beschrieben. Es geht nicht darum, mit einer Frau intim zu werden. Bei dieser Vaginalmassage geht es darum, die Frau zu ehren und ihr das selbstlose Vergn\u00fcgen zu bieten, das sie verdient, nachdem sie viel Gl\u00fcck in das Leben eines Mannes gebracht hat. Sie hilft einer Frau, die heiligen Mittel der Sexualit\u00e4t zu erforschen und ist deshalb f\u00fcr jedes Paar wichtig.    <\/p>\n\n\n\n<p>Wenn Sie sich fragen, dass diese Yoni-Therapie durchgef\u00fchrt wird, um ihr nur einen Orgasmus zu bieten, dann haben Sie es nicht richtig verstanden. Wenn sie selbstlos und perfekt durchgef\u00fchrt wird, kann diese Massage einer Frau mehr und mehr Vergn\u00fcgen w\u00e4hrend der Therapie bieten. Sie wird zu zahlreichen Orgasmuswellen f\u00fchren.  <\/p>\n\n\n\n<p>Wenn Sie die therapeutischen Vorteile dieser Prozedur genie\u00dfen m\u00f6chten, k\u00f6nnen Sie auf Teneriffa eine Yoni-Massage in Anspruch nehmen. Oder Paare k\u00f6nnen lernen, wie man diese Therapie perfekt durchf\u00fchrt und sie allein zu Hause als Vorspiel vor dem Geschlechtsverkehr ausprobieren. <\/p>\n\n\n\n<h2 class=\"wp-block-heading has-large-font-size\"><mark style=\"background-color:rgba(0, 0, 0, 0)\" class=\"has-inline-color has-ast-global-color-0-color\">Who must try it?<\/mark><\/h2>\n\n\n\n<p>Every woman should try this therapy to experience true yoni pleasure. It is something that you will never get, even when you are having sex with your partner. This tantric massage provides you a unique way of exploring your body in a thoroughly sensual way. If you are not satisfied with the way your partner offers the sexual pleasures, you can try this massage to experience multiple orgasms before having sex. Thus, you will feel more satisfied and you will love your partner more than ever you felt before.    <\/p>\n\n\n\n<p>The tantric yoni massage is a perfect cure for a woman who is trying to overcome the sexual trauma. The way it is performed makes her feel cherished, loved, honored and worshiped as a goddess. It can also be beneficial for a woman who never had the coitus before and now she is ready to feel the pleasure of sex. This procedure will introduce her to all the hidden pleasures of indulging in intimate activities with a person she loves.   <\/p>\n\n\n\n<p>A gentle yoni rub may not work to make her feel special, but a complete yoni massage can certainly do it. The main goal of this therapy is to help a woman in feeling the pleasure that she never felt before in her entire life. It opens her body to the pleasure, sensation, and orgasm. She is going to experience different states of orgasm and different types of orgasms like deepening, recognizing, and expanding orgasms. That\u2019s why this intravaginal massage is pretty unique and essential.    <\/p>\n\n\n\n<h2 class=\"wp-block-heading has-large-font-size\"><mark style=\"background-color:rgba(0, 0, 0, 0)\" class=\"has-inline-color has-ast-global-color-0-color\">How to give the yoni massage?<\/mark><\/h2>\n\n\n\n<p>There is a great erotic massage center in Tenerife that provides the clients with a unique yoni experience. If you are not willing to get it outside, then you can try it at home. Two people will be involved in this massage, the giver (the masseuse) and the receiver who is going to experience the pleasure of this therapy. Follow the below-explained procedure:   <\/p>\n\n\n\n<ul class=\"wp-block-list\">\n<li>Prepare the room for the session:<\/li>\n<\/ul>\n\n\n\n<p>Spread a mat on the floor and set up some cushions. Hence it is going to be a very intimate procedure, keep your mind, heart, and body open to feel selfless and get in the mood. Let her lie down on the mat and feel relaxed. If you are a receiver, remove all your thoughts and just think about this moment. Use top quality massage oil, play therapeutic music at a slow volume, and get started.    <\/p>\n\n\n\n<ul class=\"wp-block-list\">\n<li>Massage her body before you reach to the yoni:<\/li>\n<\/ul>\n\n\n\n<p>She might feel a bit uncomfortable if she is getting therapy for the first time. The best way of making a woman feel relaxed before you massage vagina is giving a massage to her upper body. She will slowly open up and start feeling relaxed during the session. Once she is ready, the giver should perform clitoral stimulation as a warm-up before the massage. That\u2019s what highly trained masseuses do in Tenerife when giving the yoni massage.    <\/p>\n\n\n\n<ul class=\"wp-block-list\">\n<li>Choose one of five best yoni techniques:<\/li>\n<\/ul>\n\n\n\n<p>Women, who go for yoni massage in Playa de la Americas, get the procedure done in one of five different ways. Circling, tugging and rolling, pushing and pulling, tapping, and G-spot massage are five popular techniques used for giving a yoni massage in Tenerife. You must check all these five techniques before you go to give her the yoni massage. The VIP and Elite packages can include more than one type of yoni massage techniques if you prefer to get it done by a professional.   <\/p>\n\n\n\n<p>The procedure does not stop with just one orgasm when a woman decides to get Yoni massage Costa Adeje. It continues and the receiver continues exploring the hidden perks of sex and true intimacy. You must get all the details on the whole therapeutic procedure and price if you are willing to enjoy this unique experience at the best massage center in Tenerife.  <\/p>\n\n\n\n<p>Feel satisfied and relaxed:<\/p>\n\n\n\n<p>The ultimate goal of the Yoni session is to make a woman feel satisfied, relaxed, and loved. She does not get this luxury too often in her life but Thai Relax House services will make her feel special and gifted, if performed by a professional. <\/p>\n\n\n\n<p>Alle Massagen werden mit der Hand durchgef\u00fchrt. Kein Sex oder Penetration. <\/p>\n\n\n<div class=\"is-acf-field wp-block-mfb-meta-field-block\"><div class=\"value\"><h2>Entspannen und Verj\u00fcngen bei Thai Relax House<\/h2>\r\n<p>Eine wohltuende <a href=\"https:\/\/thairelaxhouse.com\/de\/massagen\/\">Massage<\/a> kann Wunder f\u00fcr K\u00f6rper und Geist wirken. Bei Thai Relax House bieten wir eine Vielzahl von Massagetechniken an, die speziell darauf ausgerichtet sind, Stress abzubauen und das allgemeine Wohlbefinden zu f\u00f6rdern.<\/p>\r\n<p>Dar\u00fcber hinaus laden wir Sie ein, unsere <a href=\"https:\/\/thairelaxhouse.com\/de\/angebote\/\">Sonderangebote<\/a> zu entdecken, die Ihnen die M\u00f6glichkeit bieten, verschiedene Behandlungen zu einem g\u00fcnstigeren Preis auszuprobieren. G\u00f6nnen Sie sich eine Auszeit, die Sie verdienen!<\/p><\/div><\/div>\n","protected":false},"excerpt":{"rendered":"<p>Eine Frau verdient es, sich besonders zu f\u00fchlen. Sie verdient es, sich entspannt zu f\u00fchlen und das Vergn\u00fcgen zu genie\u00dfen, das nur die Yoni-Massage bieten kann. Sie ist ganz anders und intimer als andere Arten von Massagen. Sie kann das Leben einer Frau in vielerlei Hinsicht wirklich ver\u00e4ndern. Neben der heilenden Wirkung auf den K\u00f6rper [&hellip;]<\/p>\n","protected":false},"author":1,"featured_media":0,"parent":0,"menu_order":0,"comment_status":"closed","ping_status":"closed","template":"","meta":{"_acf_changed":false,"_uag_custom_page_level_css":"","site-sidebar-layout":"default","site-content-layout":"","ast-site-content-layout":"default","site-content-style":"default","site-sidebar-style":"default","ast-global-header-display":"","ast-banner-title-visibility":"","ast-main-header-display":"","ast-hfb-above-header-display":"","ast-hfb-below-header-display":"","ast-hfb-mobile-header-display":"","site-post-title":"disabled","ast-breadcrumbs-content":"","ast-featured-img":"","footer-sml-layout":"","ast-disable-related-posts":"","theme-transparent-header-meta":"","adv-header-id-meta":"","stick-header-meta":"","header-above-stick-meta":"","header-main-stick-meta":"","header-below-stick-meta":"","astra-migrate-meta-layouts":"set","ast-page-background-enabled":"default","ast-page-background-meta":{"desktop":{"background-color":"","background-image":"","background-repeat":"repeat","background-position":"center center","background-size":"auto","background-attachment":"scroll","background-type":"","background-media":"","overlay-type":"","overlay-color":"","overlay-opacity":"","overlay-gradient":""},"tablet":{"background-color":"","background-image":"","background-repeat":"repeat","background-position":"center center","background-size":"auto","background-attachment":"scroll","background-type":"","background-media":"","overlay-type":"","overlay-color":"","overlay-opacity":"","overlay-gradient":""},"mobile":{"background-color":"","background-image":"","background-repeat":"repeat","background-position":"center center","background-size":"auto","background-attachment":"scroll","background-type":"","background-media":"","overlay-type":"","overlay-color":"","overlay-opacity":"","overlay-gradient":""}},"ast-content-background-meta":{"desktop":{"background-color":"var(--ast-global-color-5)","background-image":"","background-repeat":"repeat","background-position":"center center","background-size":"auto","background-attachment":"scroll","background-type":"","background-media":"","overlay-type":"","overlay-color":"","overlay-opacity":"","overlay-gradient":""},"tablet":{"background-color":"var(--ast-global-color-5)","background-image":"","background-repeat":"repeat","background-position":"center center","background-size":"auto","background-attachment":"scroll","background-type":"","background-media":"","overlay-type":"","overlay-color":"","overlay-opacity":"","overlay-gradient":""},"mobile":{"background-color":"var(--ast-global-color-5)","background-image":"","background-repeat":"repeat","background-position":"center center","background-size":"auto","background-attachment":"scroll","background-type":"","background-media":"","overlay-type":"","overlay-color":"","overlay-opacity":"","overlay-gradient":""}},"footnotes":""},"class_list":["post-2629","page","type-page","status-publish","hentry"],"acf":[],"mb":[],"uagb_featured_image_src":{"full":false,"thumbnail":false,"medium":false,"medium_large":false,"large":false,"1536x1536":false,"2048x2048":false},"uagb_author_info":{"display_name":"T","author_link":"https:\/\/thairelaxhouse.com\/de\/author\/tim\/"},"uagb_comment_info":0,"uagb_excerpt":"Eine Frau verdient es, sich besonders zu f\u00fchlen. Sie verdient es, sich entspannt zu f\u00fchlen und das Vergn\u00fcgen zu genie\u00dfen, das nur die Yoni-Massage bieten kann. Sie ist ganz anders und intimer als andere Arten von Massagen. Sie kann das Leben einer Frau in vielerlei Hinsicht wirklich ver\u00e4ndern. Neben der heilenden Wirkung auf den K\u00f6rper&hellip;","mfb_rest_fields":["title","uagb_featured_image_src","uagb_author_info","uagb_comment_info","uagb_excerpt"],"_links":{"self":[{"href":"https:\/\/thairelaxhouse.com\/de\/wp-json\/wp\/v2\/pages\/2629","targetHints":{"allow":["GET"]}}],"collection":[{"href":"https:\/\/thairelaxhouse.com\/de\/wp-json\/wp\/v2\/pages"}],"about":[{"href":"https:\/\/thairelaxhouse.com\/de\/wp-json\/wp\/v2\/types\/page"}],"author":[{"embeddable":true,"href":"https:\/\/thairelaxhouse.com\/de\/wp-json\/wp\/v2\/users\/1"}],"replies":[{"embeddable":true,"href":"https:\/\/thairelaxhouse.com\/de\/wp-json\/wp\/v2\/comments?post=2629"}],"version-history":[{"count":0,"href":"https:\/\/thairelaxhouse.com\/de\/wp-json\/wp\/v2\/pages\/2629\/revisions"}],"wp:attachment":[{"href":"https:\/\/thairelaxhouse.com\/de\/wp-json\/wp\/v2\/media?parent=2629"}],"curies":[{"name":"wp","href":"https:\/\/api.w.org\/{rel}","templated":true}]}}