{"id":2595,"date":"2025-01-26T13:58:41","date_gmt":"2025-01-26T13:58:41","guid":{"rendered":"https:\/\/thairelaxhouse.com\/?page_id=2595"},"modified":"2025-06-24T09:48:08","modified_gmt":"2025-06-24T09:48:08","slug":"prostata-massage","status":"publish","type":"page","link":"https:\/\/thairelaxhouse.com\/de\/prostata-massage\/","title":{"rendered":"Prostata-Massage"},"content":{"rendered":"\n<div class=\"wp-block-uagb-image uagb-block-ada82c4a wp-block-uagb-image--layout-default wp-block-uagb-image--effect-static wp-block-uagb-image--align-none\"><figure class=\"wp-block-uagb-image__figure\"><img decoding=\"async\" srcset=\"https:\/\/thairelaxhouse.com\/wp-content\/uploads\/2025\/05\/List5-WM-1024x576.webp ,https:\/\/thairelaxhouse.com\/wp-content\/uploads\/2025\/05\/List5-WM-scaled.webp 780w, https:\/\/thairelaxhouse.com\/wp-content\/uploads\/2025\/05\/List5-WM-scaled.webp 360w\" sizes=\"auto, (max-width: 480px) 150px\" src=\"https:\/\/thairelaxhouse.com\/wp-content\/uploads\/2025\/05\/List5-WM-1024x576.webp\" alt=\"\" class=\"uag-image-3830\" width=\"3840\" height=\"2160\" title=\"List5 WM\" loading=\"lazy\" role=\"img\"><\/figure><\/div>\n\n<div class=\"wp-block-uagb-call-to-action uagb-block-a695a981 wp-block-button\"><div class=\"uagb-cta__wrap\"><h1 class=\"uagb-cta__title\">Prostata-Massage<br\/>Ab \u20ac140<\/h1><p class=\"uagb-cta__desc\">Eine erfrischende Erfahrung, bei der fachkundige Prostatamassagetechniken mit einer Body-to-Body-Therapie f\u00fcr ultimative Entspannung und Revitalisierung kombiniert werden<\/p><\/div><div class=\"uagb-cta__buttons\"><a href=\"https:\/\/wa.me\/34687640723?text=Hello,%20I%20would%20like%20to%20book%20a%20session%20of%20Prostate Massage!\" class=\"uagb-cta__button-link-wrapper wp-block-button__link\" target=\"_self\" rel=\"noopener noreferrer\" aria-label=\"Book via WhatsApp\">Jetzt buchen<svg xmlns=\"https:\/\/www.w3.org\/2000\/svg\" viewbox=\"0 0 448 512\"><path d=\"M380.9 97.1C339 55.1 283.2 32 223.9 32c-122.4 0-222 99.6-222 222 0 39.1 10.2 77.3 29.6 111L0 480l117.7-30.9c32.4 17.7 68.9 27 106.1 27h.1c122.3 0 224.1-99.6 224.1-222 0-59.3-25.2-115-67.1-157zm-157 341.6c-33.2 0-65.7-8.9-94-25.7l-6.7-4-69.8 18.3L72 359.2l-4.4-7c-18.5-29.4-28.2-63.3-28.2-98.2 0-101.7 82.8-184.5 184.6-184.5 49.3 0 95.6 19.2 130.4 54.1 34.8 34.9 56.2 81.2 56.1 130.5 0 101.8-84.9 184.6-186.6 184.6zm101.2-138.2c-5.5-2.8-32.8-16.2-37.9-18-5.1-1.9-8.8-2.8-12.5 2.8-3.7 5.6-14.3 18-17.6 21.8-3.2 3.7-6.5 4.2-12 1.4-32.6-16.3-54-29.1-75.5-66-5.7-9.8 5.7-9.1 16.3-30.3 1.8-3.7 .9-6.9-.5-9.7-1.4-2.8-12.5-30.1-17.1-41.2-4.5-10.8-9.1-9.3-12.5-9.5-3.2-.2-6.9-.2-10.6-.2-3.7 0-9.7 1.4-14.8 6.9-5.1 5.6-19.4 19-19.4 46.3 0 27.3 19.9 53.7 22.6 57.4 2.8 3.7 39.1 59.7 94.8 83.8 35.2 15.2 49 16.5 66.6 13.9 10.7-1.6 32.8-13.4 37.4-26.4 4.6-13 4.6-24.1 3.2-26.4-1.3-2.5-5-3.9-10.5-6.6z\"><\/path><\/svg><\/a><\/div><\/div>\n\n<p>Die Prostata-Massage wird durchgef\u00fchrt, um mehrere wesentliche gesundheitliche Vorteile zu erzielen. Ihre heilenden Eigenschaften machen sie zu einer wunderbaren Erfahrung f\u00fcr jeden Mann. Hochqualifizierte Masseurinnen bei der Prostata-Massage auf Teneriffa halten sie f\u00fcr eine wirksame Behandlung bei vielen Beschwerden. Ob ein Mann unter chronischer Prostatitis oder Erektionsst\u00f6rungen leidet, die Prostatamassage ist ein gro\u00dfartiges Heilmittel.   <\/p>\n\n<p>Dieses therapeutische Verfahren ist eine gro\u00dfe Hilfe, wenn es darum geht, den Prostata-Gang zu reinigen. Dieser Gang verbindet die Prostata des Mannes mit dem Harnsystem. Wenn das Verfahren durchgef\u00fchrt wird, kommt es zu einer impulsiven Entladung von Fl\u00fcssigkeit. Diese austretende Fl\u00fcssigkeit sorgt daf\u00fcr, dass der Gang gereinigt wird. Es handelt sich also um eine n\u00fctzliche Therapie.     <em>Das Happy End wird mit den H\u00e4nden gemacht.<\/em><\/p>\n\n<h2 class=\"wp-block-heading has-large-font-size\"><mark style=\"background-color:rgba(0, 0, 0, 0)\" class=\"has-inline-color has-ast-global-color-0-color\">Vorbereitungen f\u00fcr die Sitzung<\/mark><\/h2>\n\n<p>Sie sollten wissen, wie Sie sich auf die Prostatamassage vorbereiten m\u00fcssen. Obwohl die Prostatamassage f\u00fcr die Gesundheit des Mannes sehr vorteilhaft ist, wird sie von \u00c4rzten nicht oft empfohlen. Daher kann es entmutigend sein, eine hochbegabte Masseurin zu finden.  <\/p>\n\n<p>Die Experten f\u00fcr Rektalmassage in Playa de la Americas auf Teneriffa bieten eine Online-Beratung \u00fcber die Massage und ihren Ablauf an. So wissen Sie, wie Sie sich auf die Massage vorbereiten und welche therapeutischen Techniken w\u00e4hrend der Sitzung angewendet werden. <\/p>\n\n<h3 class=\"wp-block-heading has-medium-font-size\"><mark style=\"background-color:rgba(0, 0, 0, 0)\" class=\"has-inline-color has-ast-global-color-0-color\">What should you expect during the procedure?<\/mark><\/h3>\n\n<p>Prostate massage is performed for a different purpose. The parlor puts a gloved and lubricated finger into the client\u2019s rectum. Their job is to press gently and massage the prostate region during the whole therapy session. Prostate massage Costa Adeje parlors always suggest their clients inform, if this procedure seems painful. It may feel uncomfortable for a while but expert therapists make it feel soothing and amazing.    <\/p>\n\n<p>You can consult with your doctor to know how often you should go for the procedure. If you do not want to consult it with the doctor, your therapist can also provide reliable suggestions regarding the frequency of procedure. You should go at least two or three times a month to experience all the benefits of the procedure.  <\/p>\n\n<h2 class=\"wp-block-heading has-large-font-size\"><mark style=\"background-color:rgba(0, 0, 0, 0)\" class=\"has-inline-color has-ast-global-color-0-color\">Key benefits of the session<\/mark><\/h2>\n\n<p>A prostate rub is very beneficial for any man. You experience the following benefits: <\/p>\n\n<ul class=\"wp-block-list\">\n<li>Better orgasm:<\/li>\n<\/ul>\n\n<p>It is a proven fact that gentle prostate rub can lead a man to better orgasm. It provides added stimulation which eventually increases orgasmic pleasure. So, whether you are enjoying with your partner or simply masturbating, you will experience better orgasm. It might seem a bit uncomfortable if it is your first time, but there is nothing to worry about. You can ask your masseuse to go gentle and she will take complete care.    <\/p>\n\n<p>Some people might say it is not a medical benefit, but what about the sexual satisfaction and pleasures related to it. Better orgasm leads adults to a much happier and satisfying life. <\/p>\n\n<ul class=\"wp-block-list\">\n<li>Better ejaculation:<\/li>\n<\/ul>\n\n<p>Many believe it is just a myth, but a study was conducted by the Department of Urology at Columbia University Medical Center in NYC. Many male candidates took part in this study to reveal its benefits in terms of better sexual function and increase ejaculation. The results revealed that many candidates experienced positive benefits. Several candidates also expressed that their bodies were responding much better to prostate stimulation orgasm. The scientists revealed that prostate massage works to improve blood flow towards the organ.    <\/p>\n\n<ul class=\"wp-block-list\">\n<li>Reduced pain:<\/li>\n<\/ul>\n\n<p>If you are suffering from prostatic hyperplasia, you should try prostate massage to decrease pain symptoms. In prostate hyperplasia, the patient wants to urinate time and again. It also becomes the main reason for pelvic pain or prostatitis pain. You can reduce the build-up of fluid in prostate gland ducts by taking the prostate massage. You will have to take 3-4 sessions if you want to get a better cure and get rid of pelvic pain.    <\/p>\n\n<p>The doctors also agree that prostate massage aids in reducing pelvic pain, but they are not sure about the frequency of the massage. Therefore, you should consult with a renowned therapist and know how often you should take procedure if you want to cure pain. <\/p>\n\n<ul class=\"wp-block-list\">\n<li>A better amount of ejaculate:<\/li>\n<\/ul>\n\n<p>When candidates participated in a study conducted in Columbia, the result revealed that about 20% of men experienced an increased amount of ejaculate. It is a proven fact now because about 30% of semen is obtained from the organ. Regular prostate massage can also aid in increasing the amount of fluid produced by the prostate.  <\/p>\n\n<ul class=\"wp-block-list\">\n<li>Aids in curing erectile dysfunction:<\/li>\n<\/ul>\n\n<p>Some men may find it a bit surprising, but anal prostate stimulation can also help in curing erectile dysfunction. Many other treatments are available for curing erectile dysfunction. There were no such treatments in the past and men used to rely on therapies for curing ED. The leading parlors in Tenerife still serve many clients to help their problem.   <\/p>\n\n<ul class=\"wp-block-list\">\n<li>No painful ejaculation:<\/li>\n<\/ul>\n\n<p>Many males across the globe face painful ejaculation because of fluid blockages in their reproductive system. If you want to cure this problem without going through surgery or other medical treatments, the prostate massage can be an excellent cure. Several people said that they got a quick relief after regular massage sessions.  <\/p>\n\n<h2 class=\"wp-block-heading has-large-font-size\"><mark style=\"background-color:rgba(0, 0, 0, 0)\" class=\"has-inline-color has-ast-global-color-0-color\">Final thoughts<\/mark><\/h2>\n\n<p>The list of benefits might get too long if someone tries to explain all the major and minor health benefits of prostate massage. We have listed all the important benefits for which men usually visit hospitals and clinics. <\/p>\n\n<p>You can avoid prostate issues and live a healthy and enjoyable life if you decide to get the prostate massage. Do not fear that it will cause discomfort. Highly experienced parlor know how to proceed in order to make the clients feel comfortable.  <\/p>\n\n<p>Alle Massagen werden mit der Hand durchgef\u00fchrt. Kein Sex oder Penetration. <\/p>\n<div class=\"is-acf-field wp-block-mfb-meta-field-block\"><div class=\"value\"><h2>Die Vorteile von Prostatamassage<\/h2>\n<p>Die Prostatamassage kann nicht nur das sexuelle Vergn\u00fcgen steigern, sondern auch zur Gesundheit des Mannes beitragen. Viele Menschen berichten von positiven Erfahrungen, die von einer besseren Durchblutung bis hin zur Linderung von Beschwerden reichen. Wenn Sie mehr \u00fcber die positive Wirkung erfahren m\u00f6chten, besuchen Sie unsere Seite \u00fcber <a href=\"https:\/\/thairelaxhouse.com\/de\/gesundheitliche-vorteile\/\">Gesundheitliche Vorteile<\/a>.<\/p>\n<p>Dar\u00fcber hinaus kann die Prostatamassage auch zur Entspannung beitragen. Stressabbau ist entscheidend f\u00fcr Ihr Wohlbefinden, und die richtige Technik kann Ihnen helfen, sowohl k\u00f6rperliche als auch geistige Anspannung zu reduzieren. Informieren Sie sich \u00fcber unsere <a href=\"https:\/\/thairelaxhouse.com\/de\/entspannungsmethoden\/\">Entspannungstechniken<\/a> f\u00fcr noch mehr Vorteile.<\/p>\n<\/div><\/div>","protected":false},"excerpt":{"rendered":"<p>Die Prostata-Massage wird durchgef\u00fchrt, um mehrere wesentliche gesundheitliche Vorteile zu erzielen. Ihre heilenden Eigenschaften machen sie zu einer wunderbaren Erfahrung f\u00fcr jeden Mann. Hochqualifizierte Masseurinnen bei der Prostata-Massage auf Teneriffa halten sie f\u00fcr eine wirksame Behandlung bei vielen Beschwerden. Ob ein Mann unter chronischer Prostatitis oder Erektionsst\u00f6rungen leidet, die Prostatamassage ist ein gro\u00dfartiges Heilmittel. Dieses [&hellip;]<\/p>\n","protected":false},"author":1,"featured_media":0,"parent":0,"menu_order":0,"comment_status":"closed","ping_status":"closed","template":"","meta":{"_acf_changed":false,"_uag_custom_page_level_css":"","site-sidebar-layout":"default","site-content-layout":"","ast-site-content-layout":"default","site-content-style":"default","site-sidebar-style":"default","ast-global-header-display":"","ast-banner-title-visibility":"","ast-main-header-display":"","ast-hfb-above-header-display":"","ast-hfb-below-header-display":"","ast-hfb-mobile-header-display":"","site-post-title":"disabled","ast-breadcrumbs-content":"","ast-featured-img":"","footer-sml-layout":"","ast-disable-related-posts":"","theme-transparent-header-meta":"","adv-header-id-meta":"","stick-header-meta":"","header-above-stick-meta":"","header-main-stick-meta":"","header-below-stick-meta":"","astra-migrate-meta-layouts":"set","ast-page-background-enabled":"default","ast-page-background-meta":{"desktop":{"background-color":"","background-image":"","background-repeat":"repeat","background-position":"center center","background-size":"auto","background-attachment":"scroll","background-type":"","background-media":"","overlay-type":"","overlay-color":"","overlay-opacity":"","overlay-gradient":""},"tablet":{"background-color":"","background-image":"","background-repeat":"repeat","background-position":"center center","background-size":"auto","background-attachment":"scroll","background-type":"","background-media":"","overlay-type":"","overlay-color":"","overlay-opacity":"","overlay-gradient":""},"mobile":{"background-color":"","background-image":"","background-repeat":"repeat","background-position":"center center","background-size":"auto","background-attachment":"scroll","background-type":"","background-media":"","overlay-type":"","overlay-color":"","overlay-opacity":"","overlay-gradient":""}},"ast-content-background-meta":{"desktop":{"background-color":"var(--ast-global-color-5)","background-image":"","background-repeat":"repeat","background-position":"center center","background-size":"auto","background-attachment":"scroll","background-type":"","background-media":"","overlay-type":"","overlay-color":"","overlay-opacity":"","overlay-gradient":""},"tablet":{"background-color":"var(--ast-global-color-5)","background-image":"","background-repeat":"repeat","background-position":"center center","background-size":"auto","background-attachment":"scroll","background-type":"","background-media":"","overlay-type":"","overlay-color":"","overlay-opacity":"","overlay-gradient":""},"mobile":{"background-color":"var(--ast-global-color-5)","background-image":"","background-repeat":"repeat","background-position":"center center","background-size":"auto","background-attachment":"scroll","background-type":"","background-media":"","overlay-type":"","overlay-color":"","overlay-opacity":"","overlay-gradient":""}},"footnotes":""},"class_list":["post-2595","page","type-page","status-publish","hentry"],"acf":[],"mb":[],"uagb_featured_image_src":{"full":false,"thumbnail":false,"medium":false,"medium_large":false,"large":false,"1536x1536":false,"2048x2048":false},"uagb_author_info":{"display_name":"T","author_link":"https:\/\/thairelaxhouse.com\/de\/author\/tim\/"},"uagb_comment_info":0,"uagb_excerpt":"Die Prostata-Massage wird durchgef\u00fchrt, um mehrere wesentliche gesundheitliche Vorteile zu erzielen. Ihre heilenden Eigenschaften machen sie zu einer wunderbaren Erfahrung f\u00fcr jeden Mann. Hochqualifizierte Masseurinnen bei der Prostata-Massage auf Teneriffa halten sie f\u00fcr eine wirksame Behandlung bei vielen Beschwerden. Ob ein Mann unter chronischer Prostatitis oder Erektionsst\u00f6rungen leidet, die Prostatamassage ist ein gro\u00dfartiges Heilmittel. Dieses&hellip;","mfb_rest_fields":["title","uagb_featured_image_src","uagb_author_info","uagb_comment_info","uagb_excerpt"],"_links":{"self":[{"href":"https:\/\/thairelaxhouse.com\/de\/wp-json\/wp\/v2\/pages\/2595","targetHints":{"allow":["GET"]}}],"collection":[{"href":"https:\/\/thairelaxhouse.com\/de\/wp-json\/wp\/v2\/pages"}],"about":[{"href":"https:\/\/thairelaxhouse.com\/de\/wp-json\/wp\/v2\/types\/page"}],"author":[{"embeddable":true,"href":"https:\/\/thairelaxhouse.com\/de\/wp-json\/wp\/v2\/users\/1"}],"replies":[{"embeddable":true,"href":"https:\/\/thairelaxhouse.com\/de\/wp-json\/wp\/v2\/comments?post=2595"}],"version-history":[{"count":0,"href":"https:\/\/thairelaxhouse.com\/de\/wp-json\/wp\/v2\/pages\/2595\/revisions"}],"wp:attachment":[{"href":"https:\/\/thairelaxhouse.com\/de\/wp-json\/wp\/v2\/media?parent=2595"}],"curies":[{"name":"wp","href":"https:\/\/api.w.org\/{rel}","templated":true}]}}