{"id":2567,"date":"2025-01-26T12:36:49","date_gmt":"2025-01-26T12:36:49","guid":{"rendered":"https:\/\/thairelaxhouse.com\/?page_id=2567"},"modified":"2025-06-24T09:44:14","modified_gmt":"2025-06-24T09:44:14","slug":"lingam-massage","status":"publish","type":"page","link":"https:\/\/thairelaxhouse.com\/de\/lingam-massage\/","title":{"rendered":"Lingam-Massage"},"content":{"rendered":"\n<div class=\"wp-block-uagb-image uagb-block-f0dd0262 wp-block-uagb-image--layout-default wp-block-uagb-image--effect-static wp-block-uagb-image--align-none\"><figure class=\"wp-block-uagb-image__figure\"><img decoding=\"async\" srcset=\"https:\/\/thairelaxhouse.com\/wp-content\/uploads\/2025\/05\/List1-WM-1024x576.webp ,https:\/\/thairelaxhouse.com\/wp-content\/uploads\/2025\/05\/List1-WM-scaled.webp 780w, https:\/\/thairelaxhouse.com\/wp-content\/uploads\/2025\/05\/List1-WM-scaled.webp 360w\" sizes=\"auto, (max-width: 480px) 150px\" src=\"https:\/\/thairelaxhouse.com\/wp-content\/uploads\/2025\/05\/List1-WM-1024x576.webp\" alt=\"\" class=\"uag-image-3815\" width=\"3840\" height=\"2160\" title=\"List1 WM\" loading=\"lazy\" role=\"img\"><\/figure><\/div>\n\n<div class=\"wp-block-uagb-call-to-action uagb-block-a695a981 wp-block-button\"><div class=\"uagb-cta__wrap\"><h1 class=\"uagb-cta__title\">Lingam-Massage<br>Ab \u20ac80<\/h1><div class=\"uagb-cta__desc\"> \n<p class=\"has-text-align-left has-medium-font-size\" style=\"border-style:none;border-width:0px;padding-top:0;padding-right:0;padding-bottom:0;padding-left:0\">Die Tantra-Lingam-Massage kanalisiert die sexuelle Energie f\u00fcr das Wohlbefinden, f\u00f6rdert das emotionale Gleichgewicht, die Entspannung und die Durchblutung, wobei neben dem Erreichen des Orgasmus die Reise im Vordergrund steht.<\/p>\n <\/div><\/div><div class=\"uagb-cta__buttons\"><a href=\"https:\/\/wa.me\/34687640723?text=Hello,%20I%20would%20like%20to%20book%20a%20session%20of%20Lingam%20Massage!\" class=\"uagb-cta__button-link-wrapper wp-block-button__link\" target=\"_self\" rel=\"noopener noreferrer\" aria-label=\"Book via WhatsApp\">book now<svg xmlns=\"https:\/\/www.w3.org\/2000\/svg\" viewBox=\"0 0 448 512\"><path d=\"M380.9 97.1C339 55.1 283.2 32 223.9 32c-122.4 0-222 99.6-222 222 0 39.1 10.2 77.3 29.6 111L0 480l117.7-30.9c32.4 17.7 68.9 27 106.1 27h.1c122.3 0 224.1-99.6 224.1-222 0-59.3-25.2-115-67.1-157zm-157 341.6c-33.2 0-65.7-8.9-94-25.7l-6.7-4-69.8 18.3L72 359.2l-4.4-7c-18.5-29.4-28.2-63.3-28.2-98.2 0-101.7 82.8-184.5 184.6-184.5 49.3 0 95.6 19.2 130.4 54.1 34.8 34.9 56.2 81.2 56.1 130.5 0 101.8-84.9 184.6-186.6 184.6zm101.2-138.2c-5.5-2.8-32.8-16.2-37.9-18-5.1-1.9-8.8-2.8-12.5 2.8-3.7 5.6-14.3 18-17.6 21.8-3.2 3.7-6.5 4.2-12 1.4-32.6-16.3-54-29.1-75.5-66-5.7-9.8 5.7-9.1 16.3-30.3 1.8-3.7 .9-6.9-.5-9.7-1.4-2.8-12.5-30.1-17.1-41.2-4.5-10.8-9.1-9.3-12.5-9.5-3.2-.2-6.9-.2-10.6-.2-3.7 0-9.7 1.4-14.8 6.9-5.1 5.6-19.4 19-19.4 46.3 0 27.3 19.9 53.7 22.6 57.4 2.8 3.7 39.1 59.7 94.8 83.8 35.2 15.2 49 16.5 66.6 13.9 10.7-1.6 32.8-13.4 37.4-26.4 4.6-13 4.6-24.1 3.2-26.4-1.3-2.5-5-3.9-10.5-6.6z\"><\/path><\/svg><\/a><\/div><\/div>\n\n<p>Das m\u00e4nnliche Geschlechtsorgan (der Penis) wird im Sanskrit als &#8222;Lingam&#8220; bezeichnet und wird oft als Mittel gesehen, um positive sexuelle Energie in den K\u00f6rper zu leiten. Daher sollte der Begriff &#8222;Lingam-Massage&#8220; selbsterkl\u00e4rend sein. Eine Lingam-Massage (oft auch grob als Prostata-Massage bezeichnet) wird durchgef\u00fchrt, um das Lustempfinden einer Person zu steigern und auch ihre sexuelle Gesundheit zu verbessern.  <\/p>\n\n<p>Eine Tantra-Lingam-Massage auf Teneriffa dient nicht nur dazu, einen Orgasmus herbeizuf\u00fchren, sondern auch dazu, alle positiven Effekte zu f\u00f6rdern, die eine solche Massage auf Ihren K\u00f6rper haben kann. Auch andere K\u00f6rperteile wie die Hoden und der Damm k\u00f6nnen auf diese Weise positiv beeinflusst werden.  <em>Das Happy End wird mit den H\u00e4nden gemacht.<\/em><\/p>\n\n<h2 class=\"wp-block-heading has-large-font-size\"><mark style=\"background-color:rgba(0, 0, 0, 0)\" class=\"has-inline-color has-ast-global-color-0-color\">The Positives to Experience<\/mark><\/h2>\n\n<p>The most obvious question people have when they get to know about lingam therapy is why it is even necessary. Surely a good orgasm is far better than any sort of massage session? Surely both have the same final goal in mind?  <\/p>\n\n<p>The answer to that is both a Yes and a No. While such a therapy may have a \u2018happy ending\u2019 (with orgasm), it is not completely necessary or a compulsion. You will have options for a lingam massage without orgasming at the end. The point of both these options is the journey, not the end result. The pleasure felt during the massage is what makes the whole experience surreal, rather than the orgasm itself.    <\/p>\n\n<p>There are plenty of benefits to this kind of erotic lingam treatment, which include:<\/p>\n\n<ul class=\"wp-block-list\">\n<li>Better Control:<\/li>\n<\/ul>\n\n<p>By control, we mean the power you have over your sexual desires and overall sex drive. You will find yourself having more control over your sexual energy and how you harness it to get more pleasure. <\/p>\n\n<ul class=\"wp-block-list\">\n<li>No Premature Ejaculation:<\/li>\n<\/ul>\n\n<p>Another problem that you will be able to deal with if you suffer from it is that of premature ejaculation. With more control comes better mastery over your senses, thus stopping premature ejaculation from every taking place. <\/p>\n\n<ul class=\"wp-block-list\">\n<li>Improved Blood Circulation:<\/li>\n<\/ul>\n\n<p>Your blood circulation will also improve quite a bit. This results in better erections and thus an overall, better sex life. <\/p>\n\n<ul class=\"wp-block-list\">\n<li>Fighting Stress:<\/li>\n<\/ul>\n\n<p>Such kinds of dick massage therapy is incredible for people with severe stress and anxiety issues. Sexual relief is often considered the best way to take a breather, and a prostrate therapy is the best way to go about it. <\/p>\n\n<h2 class=\"wp-block-heading has-large-font-size\"><mark style=\"background-color:rgba(0, 0, 0, 0)\" class=\"has-inline-color has-ast-global-color-0-color\">Preparing For a Lingam Massage<\/mark><\/h2>\n\n<p>Getting or giving a dick massage is not the simplest thing in the world. However, it is not the hardest either. There are certain steps that you can take in order to make it the best experience for yourself or your partner and all of them are pretty easy to follow.  <\/p>\n\n<p>A good preparation goes a long way in getting maximum pleasure. While there are plenty of luxury and VIP massage services available in places like tenerife and such, you can also do it right at home. Without further ado, here are some simple measures you can take for the most erotic prostrate massage experience.  <\/p>\n\n<h3 class=\"wp-block-heading has-medium-font-size\"><mark style=\"background-color:rgba(0, 0, 0, 0)\" class=\"has-inline-color has-ast-global-color-0-color\">Correct Temperatures<\/mark><\/h3>\n\n<p>One of the most important factors that need to be attended to during such a massage therapy is temperature. The importance of warmth cannot be emphasized enough. It needs to be perfect in order to get the most out of the experience. Also, more warmth is better than more cold.   <\/p>\n\n<p>Right Ambience<\/p>\n\n<p>A sexual experience is not just about skin and bones. The mind needs to be in peace as well. And in order to do just that, a good ambience is necessary. Make sure there isn\u2019t too much unwanted noise or disturbances. Make it as peaceful as possible. Some light music can also help the cause. Most of the elite spas also provide incenses to add to the smell in the room.      <\/p>\n\n<h3 class=\"wp-block-heading has-medium-font-size\"><mark style=\"background-color:rgba(0, 0, 0, 0)\" class=\"has-inline-color has-ast-global-color-0-color\">The Oil Used<\/mark><\/h3>\n\n<p>Once you have the mental aspect of things set right, it is now time to turn to the tools necessary for getting it right. The oil is possibly the most important weapon in your arsenal to make for an excellent lingam therapy experience. Any tantric lingam spa whether it is in tenerife or someplace else will agree upon that. Make sure that the oil does not have any side effects on the skin before applying it on your privates.   <\/p>\n\n<h3 class=\"wp-block-heading has-medium-font-size\"><mark style=\"background-color:rgba(0, 0, 0, 0)\" class=\"has-inline-color has-ast-global-color-0-color\">Getting the Message Right<\/mark><\/h3>\n\n<p>Once you have everything set up, you are now ready for the main thing. Any sort of penis lingam spa (at tenerife or otherwise) will tend to focus a lot on the preparation phase. Without it, you or your partner would not be able to savour the whole experience in the best manner.  <\/p>\n\n<p>Also keep in mind that such a massage is not just about oily lingam massage or what price the spa you are going to is. The technique involved in giving the massage is extremely important as is the mentality of all the people involved. <\/p>\n\n<h3 class=\"wp-block-heading has-medium-font-size\"><mark style=\"background-color:rgba(0, 0, 0, 0)\" class=\"has-inline-color has-ast-global-color-0-color\">Comfort<\/mark><\/h3>\n\n<p>The most important thing for a person experiencing a lingam healing massage especially for the first time is comfort. This means physical as well as mental comfort. Make sure the person receiving the massage is on his back with cushions underneath.  <\/p>\n\n<p>He should not feel suffocated and should be able to move any part of the body at his own will. Also make sure he is comfortable with the people around him, otherwise the whole thing is pointless. You can get services of the highest price but it won\u2019t matter without these basic things covered.  <\/p>\n\n<h3 class=\"wp-block-heading has-medium-font-size\"><mark style=\"background-color:rgba(0, 0, 0, 0)\" class=\"has-inline-color has-ast-global-color-0-color\">Connection<\/mark><\/h3>\n\n<p>Another thing that is of utmost importance during a sensual lingam treatment is the connection felt between the partners. In order to maximise this as much as possible, it is recommended that the masseuse be sitting on her partner\u2019s lap. This will lead to more physical intimacy and an overall better relationship between the two.  <\/p>\n\n<h3 class=\"wp-block-heading has-medium-font-size\"><mark style=\"background-color:rgba(0, 0, 0, 0)\" class=\"has-inline-color has-ast-global-color-0-color\">Stroking With Finesse<\/mark><\/h3>\n\n<p>Last but not the least, it should be remembered that a lingam stimulation costa adeje should not be done hastily or without any care. There is a very methodical approach required to get the maximum pleasure through to your partner and it is best that you follow them. Whether it is a yoni massage playa de la Americas or anything else, enough stress cannot be placed on the massage technique.  <\/p>\n\n<p>Alle Massagen werden mit der Hand durchgef\u00fchrt. Kein Sex oder Penetration. <\/p>\n<div class=\"is-acf-field wp-block-mfb-meta-field-block\"><div class=\"value\"><h2>Die Vorteile der Lingam-Massage<\/h2>\n<p>Die Lingam-Massage ist eine traditionelle Praxis, die nicht nur Entspannung bringt, sondern auch das emotionale Wohlbefinden verbessert. Es hilft M\u00e4nnern, ihre Energie zu leben und ein tieferes Verst\u00e4ndnis f\u00fcr ihren K\u00f6rper zu entwickeln. Erfahren Sie mehr \u00fcber die Techniken und Vorteile der <a href=\"https:\/\/thairelaxhouse.com\/de\/massage-therapien\/\">Massage-Therapien<\/a>.<\/p>\n<p>Diese Massageform f\u00f6rdert die Intimit\u00e4t und das Vertrauen zwischen Partnern. Die Sensibilisierung des K\u00f6rpers kann die sexuelle Erfahrung grundlegend ver\u00e4ndern. Entdecken Sie weitere Informationen \u00fcber <a href=\"https:\/\/thairelaxhouse.com\/de\/thai-massage\/\">Thai-Massagen<\/a> und deren heilende Eigenschaften.<\/p>\n<\/div><\/div>","protected":false},"excerpt":{"rendered":"<p>Das m\u00e4nnliche Geschlechtsorgan (der Penis) wird im Sanskrit als &#8222;Lingam&#8220; bezeichnet und wird oft als Mittel gesehen, um positive sexuelle Energie in den K\u00f6rper zu leiten. Daher sollte der Begriff &#8222;Lingam-Massage&#8220; selbsterkl\u00e4rend sein. Eine Lingam-Massage (oft auch grob als Prostata-Massage bezeichnet) wird durchgef\u00fchrt, um das Lustempfinden einer Person zu steigern und auch ihre sexuelle Gesundheit [&hellip;]<\/p>\n","protected":false},"author":1,"featured_media":0,"parent":0,"menu_order":0,"comment_status":"closed","ping_status":"closed","template":"","meta":{"_acf_changed":false,"_uag_custom_page_level_css":"","site-sidebar-layout":"default","site-content-layout":"","ast-site-content-layout":"default","site-content-style":"default","site-sidebar-style":"default","ast-global-header-display":"","ast-banner-title-visibility":"","ast-main-header-display":"","ast-hfb-above-header-display":"","ast-hfb-below-header-display":"","ast-hfb-mobile-header-display":"","site-post-title":"disabled","ast-breadcrumbs-content":"","ast-featured-img":"","footer-sml-layout":"","ast-disable-related-posts":"","theme-transparent-header-meta":"","adv-header-id-meta":"","stick-header-meta":"","header-above-stick-meta":"","header-main-stick-meta":"","header-below-stick-meta":"","astra-migrate-meta-layouts":"set","ast-page-background-enabled":"default","ast-page-background-meta":{"desktop":{"background-color":"","background-image":"","background-repeat":"repeat","background-position":"center center","background-size":"auto","background-attachment":"scroll","background-type":"","background-media":"","overlay-type":"","overlay-color":"","overlay-opacity":"","overlay-gradient":""},"tablet":{"background-color":"","background-image":"","background-repeat":"repeat","background-position":"center center","background-size":"auto","background-attachment":"scroll","background-type":"","background-media":"","overlay-type":"","overlay-color":"","overlay-opacity":"","overlay-gradient":""},"mobile":{"background-color":"","background-image":"","background-repeat":"repeat","background-position":"center center","background-size":"auto","background-attachment":"scroll","background-type":"","background-media":"","overlay-type":"","overlay-color":"","overlay-opacity":"","overlay-gradient":""}},"ast-content-background-meta":{"desktop":{"background-color":"var(--ast-global-color-5)","background-image":"","background-repeat":"repeat","background-position":"center center","background-size":"auto","background-attachment":"scroll","background-type":"","background-media":"","overlay-type":"","overlay-color":"","overlay-opacity":"","overlay-gradient":""},"tablet":{"background-color":"var(--ast-global-color-5)","background-image":"","background-repeat":"repeat","background-position":"center center","background-size":"auto","background-attachment":"scroll","background-type":"","background-media":"","overlay-type":"","overlay-color":"","overlay-opacity":"","overlay-gradient":""},"mobile":{"background-color":"var(--ast-global-color-5)","background-image":"","background-repeat":"repeat","background-position":"center center","background-size":"auto","background-attachment":"scroll","background-type":"","background-media":"","overlay-type":"","overlay-color":"","overlay-opacity":"","overlay-gradient":""}},"footnotes":""},"class_list":["post-2567","page","type-page","status-publish","hentry"],"acf":[],"mb":[],"uagb_featured_image_src":{"full":false,"thumbnail":false,"medium":false,"medium_large":false,"large":false,"1536x1536":false,"2048x2048":false},"uagb_author_info":{"display_name":"T","author_link":"https:\/\/thairelaxhouse.com\/de\/author\/tim\/"},"uagb_comment_info":0,"uagb_excerpt":"Das m\u00e4nnliche Geschlechtsorgan (der Penis) wird im Sanskrit als &#8222;Lingam&#8220; bezeichnet und wird oft als Mittel gesehen, um positive sexuelle Energie in den K\u00f6rper zu leiten. Daher sollte der Begriff &#8222;Lingam-Massage&#8220; selbsterkl\u00e4rend sein. Eine Lingam-Massage (oft auch grob als Prostata-Massage bezeichnet) wird durchgef\u00fchrt, um das Lustempfinden einer Person zu steigern und auch ihre sexuelle Gesundheit&hellip;","mfb_rest_fields":["title","uagb_featured_image_src","uagb_author_info","uagb_comment_info","uagb_excerpt"],"_links":{"self":[{"href":"https:\/\/thairelaxhouse.com\/de\/wp-json\/wp\/v2\/pages\/2567","targetHints":{"allow":["GET"]}}],"collection":[{"href":"https:\/\/thairelaxhouse.com\/de\/wp-json\/wp\/v2\/pages"}],"about":[{"href":"https:\/\/thairelaxhouse.com\/de\/wp-json\/wp\/v2\/types\/page"}],"author":[{"embeddable":true,"href":"https:\/\/thairelaxhouse.com\/de\/wp-json\/wp\/v2\/users\/1"}],"replies":[{"embeddable":true,"href":"https:\/\/thairelaxhouse.com\/de\/wp-json\/wp\/v2\/comments?post=2567"}],"version-history":[{"count":0,"href":"https:\/\/thairelaxhouse.com\/de\/wp-json\/wp\/v2\/pages\/2567\/revisions"}],"wp:attachment":[{"href":"https:\/\/thairelaxhouse.com\/de\/wp-json\/wp\/v2\/media?parent=2567"}],"curies":[{"name":"wp","href":"https:\/\/api.w.org\/{rel}","templated":true}]}}