{"id":2528,"date":"2025-01-27T11:25:56","date_gmt":"2025-01-27T11:25:56","guid":{"rendered":"https:\/\/thairelaxhouse.com\/?page_id=2528"},"modified":"2025-06-24T10:02:36","modified_gmt":"2025-06-24T10:02:36","slug":"paarmassage-interaktiv","status":"publish","type":"page","link":"https:\/\/thairelaxhouse.com\/de\/paarmassage-interaktiv\/","title":{"rendered":"Paarmassage Interaktiv"},"content":{"rendered":"\n<div class=\"wp-block-uagb-image uagb-block-bc222db8 wp-block-uagb-image--layout-default wp-block-uagb-image--effect-static wp-block-uagb-image--align-none\"><figure class=\"wp-block-uagb-image__figure\"><img decoding=\"async\" srcset=\"https:\/\/thairelaxhouse.com\/wp-content\/uploads\/2025\/05\/List17-WM-1024x576.webp ,https:\/\/thairelaxhouse.com\/wp-content\/uploads\/2025\/05\/List17-WM-scaled.webp 780w, https:\/\/thairelaxhouse.com\/wp-content\/uploads\/2025\/05\/List17-WM-scaled.webp 360w\" sizes=\"auto, (max-width: 480px) 150px\" src=\"https:\/\/thairelaxhouse.com\/wp-content\/uploads\/2025\/05\/List17-WM-1024x576.webp\" alt=\"\" class=\"uag-image-3914\" width=\"3840\" height=\"2160\" title=\"List17-WM\" loading=\"lazy\" role=\"img\"><\/figure><\/div>\n\n<div class=\"wp-block-uagb-call-to-action uagb-block-a695a981 wp-block-button\"><div class=\"uagb-cta__wrap\"><h1 class=\"uagb-cta__title\">Paarmassage Interaktiv<br\/>Ab \u20ac250 <\/h1><p class=\"uagb-cta__desc\">Perfekt f\u00fcr Paare, die Intimit\u00e4t und Verbundenheit suchen, w\u00e4hrend sie gemeinsam die Entspannung erkunden<\/p><\/div><div class=\"uagb-cta__buttons\"><a href=\"https:\/\/wa.me\/34687640723?text=Hello,%20I%20would%20like%20to%20book%20a%20session%20of%20Couple%20Massage%20Interactive!\" class=\"uagb-cta__button-link-wrapper wp-block-button__link\" target=\"_self\" rel=\"noopener noreferrer\" aria-label=\"Book via WhatsApp\">Jetzt buchen<svg xmlns=\"https:\/\/www.w3.org\/2000\/svg\" viewbox=\"0 0 448 512\"><path d=\"M380.9 97.1C339 55.1 283.2 32 223.9 32c-122.4 0-222 99.6-222 222 0 39.1 10.2 77.3 29.6 111L0 480l117.7-30.9c32.4 17.7 68.9 27 106.1 27h.1c122.3 0 224.1-99.6 224.1-222 0-59.3-25.2-115-67.1-157zm-157 341.6c-33.2 0-65.7-8.9-94-25.7l-6.7-4-69.8 18.3L72 359.2l-4.4-7c-18.5-29.4-28.2-63.3-28.2-98.2 0-101.7 82.8-184.5 184.6-184.5 49.3 0 95.6 19.2 130.4 54.1 34.8 34.9 56.2 81.2 56.1 130.5 0 101.8-84.9 184.6-186.6 184.6zm101.2-138.2c-5.5-2.8-32.8-16.2-37.9-18-5.1-1.9-8.8-2.8-12.5 2.8-3.7 5.6-14.3 18-17.6 21.8-3.2 3.7-6.5 4.2-12 1.4-32.6-16.3-54-29.1-75.5-66-5.7-9.8 5.7-9.1 16.3-30.3 1.8-3.7 .9-6.9-.5-9.7-1.4-2.8-12.5-30.1-17.1-41.2-4.5-10.8-9.1-9.3-12.5-9.5-3.2-.2-6.9-.2-10.6-.2-3.7 0-9.7 1.4-14.8 6.9-5.1 5.6-19.4 19-19.4 46.3 0 27.3 19.9 53.7 22.6 57.4 2.8 3.7 39.1 59.7 94.8 83.8 35.2 15.2 49 16.5 66.6 13.9 10.7-1.6 32.8-13.4 37.4-26.4 4.6-13 4.6-24.1 3.2-26.4-1.3-2.5-5-3.9-10.5-6.6z\"><\/path><\/svg><\/a><\/div><\/div>\n\n<p><strong>Inklusive einer Flasche Champagner<\/strong><\/p>\n\n<p>F\u00fcr Paare betrachtet gleichzeitige Teilnahme von zwei Experten: das M\u00e4dchen und der Mann, oder zwei M\u00e4dchen (auf Wunsch der Kunden). Das Verfahren der Massage , je nach Wunsch , wird zur gleichen Zeit oder seriell durchgef\u00fchrt. W\u00e4hrend der Prozedur haben die Liebenden die M\u00f6glichkeit, sich gegenseitig an den H\u00e4nden zu halten.<br\/>Am Ende &#8211; volle Entspannung. Die M\u00e4dchen helfen bei den geschickten Handgriffen oder lassen Sie allein &#8211; nach Wahl.   <br\/><em>Das Happy End wird mit den H\u00e4nden gemacht.<\/em><\/p>\n\n<p><strong>Couples massage<\/strong> is probably the best excuse to spend some extra time with your partner. This kind of time spending can have a positive effect on your relations. If you are currently, facing any trouble in your interrelationship, you can consider going for a couples massage. It\u2019s a new kind of experience that can improve you mend and strengthen your relation with your partner. For the ones looking for the best couples massage Tenerife can check out Thai relax House. Located in Playa De La Americas, we are one of the best in the city. We have our known official website from where you can get all the information you need.      <\/p>\n\n<h2 class=\"wp-block-heading has-large-font-size\"><mark style=\"background-color:rgba(0, 0, 0, 0)\" class=\"has-inline-color has-ast-global-color-0-color\">Choosing the best place<\/mark><\/h2>\n\n<p>When it comes to an erotic couples massage, you need to find the best provider in the city. This will ensure that you a luxury service that you are paying for. If you are in search of the best couples massage with a private room, you should definitely check out Thai Relax House. Located in Costa Adeje, we are known to be the best relax place in the area. We are known to provide you with VIP services. Not just a couple massages, but we offer other special services as well. You can check the details along with the price rates from our official website. If you are up for a full body couples massage, you can even book your appointment online. This place is ideal for all the couples who are looking for an elite session.        <\/p>\n\n<h2 class=\"wp-block-heading has-large-font-size\"><mark style=\"background-color:rgba(0, 0, 0, 0)\" class=\"has-inline-color has-ast-global-color-0-color\">How is body rub beneficial?<\/mark><\/h2>\n\n<p>An exotic massage session can work wonders for your relationship. Also, some people find it quite intimidating to get body rub done alone. In that case, you can choose to book an appointment at a private spa for couples.  <\/p>\n\n<h3 class=\"wp-block-heading has-medium-font-size\"><mark style=\"background-color:rgba(0, 0, 0, 0)\" class=\"has-inline-color has-ast-global-color-0-color\">1. New shared experience<\/mark><\/h3>\n\n<p>Getting a body rub session done with your partner is a kind of new experience. These type of things are usually experienced by couples who are closely bonded. This could be the perfect way to put the intimacy back into your relationship. For the ones who are looking forward to trying something new, they should definitely give this a try. You can search for hot couples massage near me in order to find out the best options.    <\/p>\n\n<h3 class=\"wp-block-heading has-medium-font-size\"><mark style=\"background-color:rgba(0, 0, 0, 0)\" class=\"has-inline-color has-ast-global-color-0-color\">2. Reduces stress<\/mark><\/h3>\n\n<p>Every relation at some point or the other goes through a rough patch. Doing activities like couples massage in Tenerife can actually help you and your partner release some of the stress from the relation. Not just that, but you can also have a great time together.  <\/p>\n\n<h3 class=\"wp-block-heading has-medium-font-size\"><mark style=\"background-color:rgba(0, 0, 0, 0)\" class=\"has-inline-color has-ast-global-color-0-color\">3. Quality time<\/mark><\/h3>\n\n<p>There could be no other better way to spend some time with your mate than a relaxing deep tissue massaging session. Therefore, you should totally give it a try. It is guaranteed that it\u2019s going to be one of the best decisions of your life.  <\/p>\n\n<p>Now that you know about couples body rub, you should check out the details of the same. A nice session together can help blossom your relation further. <\/p>\n\n<p>Alle Massagen werden mit der Hand durchgef\u00fchrt. Kein Sex oder Penetration. <\/p>\n<div class=\"is-acf-field wp-block-mfb-meta-field-block\"><div class=\"value\"><h2>Entdecken Sie die Vorteile von Paarmassagen<\/h2>\n<p>Paarmassagen bieten eine wunderbare M\u00f6glichkeit, Zeit miteinander zu verbringen und gleichzeitig Stress abzubauen. Genie\u00dfen Sie die entspannenden Techniken, die nicht nur den K\u00f6rper, sondern auch die Seele revitalisieren. Erfahren Sie mehr \u00fcber die verschiedenen Arten von Massagen, die f\u00fcr Paare geeignet sind, und finden Sie den perfekten Weg, um gemeinsam zur Ruhe zu kommen. Besuchen Sie unsere <a href=\"https:\/\/thairelaxhouse.com\/de\/massagearten\/\">Seite \u00fcber Massagearten<\/a> f\u00fcr detaillierte Informationen.<\/p>\n<p>In unserem Thai Relax House schaffen wir eine harmonische Atmosph\u00e4re, die Ihren Besuch unvergesslich macht. Unsere erfahrenen Therapeuten sind darauf spezialisiert, individuell auf Ihre Bed\u00fcrfnisse einzugehen und Ihnen ein einzigartiges Erlebnis zu bieten. Lassen Sie sich inspirieren und buchen Sie noch heute Ihre Auszeit. \u00dcberpr\u00fcfen Sie unsere <a href=\"https:\/\/thairelaxhouse.com\/de\/angebote\/\">Aktuellen Angebote<\/a> f\u00fcr exklusive Paketpreise und Specials.<\/p>\n<\/div><\/div>","protected":false},"excerpt":{"rendered":"<p>Inklusive einer Flasche Champagner F\u00fcr Paare betrachtet gleichzeitige Teilnahme von zwei Experten: das M\u00e4dchen und der Mann, oder zwei M\u00e4dchen (auf Wunsch der Kunden). Das Verfahren der Massage , je nach Wunsch , wird zur gleichen Zeit oder seriell durchgef\u00fchrt. W\u00e4hrend der Prozedur haben die Liebenden die M\u00f6glichkeit, sich gegenseitig an den H\u00e4nden zu halten.Am [&hellip;]<\/p>\n","protected":false},"author":1,"featured_media":0,"parent":0,"menu_order":0,"comment_status":"closed","ping_status":"closed","template":"","meta":{"_acf_changed":false,"_uag_custom_page_level_css":"","site-sidebar-layout":"default","site-content-layout":"","ast-site-content-layout":"default","site-content-style":"default","site-sidebar-style":"default","ast-global-header-display":"","ast-banner-title-visibility":"","ast-main-header-display":"","ast-hfb-above-header-display":"","ast-hfb-below-header-display":"","ast-hfb-mobile-header-display":"","site-post-title":"disabled","ast-breadcrumbs-content":"","ast-featured-img":"","footer-sml-layout":"","ast-disable-related-posts":"","theme-transparent-header-meta":"","adv-header-id-meta":"","stick-header-meta":"","header-above-stick-meta":"","header-main-stick-meta":"","header-below-stick-meta":"","astra-migrate-meta-layouts":"set","ast-page-background-enabled":"default","ast-page-background-meta":{"desktop":{"background-color":"","background-image":"","background-repeat":"repeat","background-position":"center center","background-size":"auto","background-attachment":"scroll","background-type":"","background-media":"","overlay-type":"","overlay-color":"","overlay-opacity":"","overlay-gradient":""},"tablet":{"background-color":"","background-image":"","background-repeat":"repeat","background-position":"center center","background-size":"auto","background-attachment":"scroll","background-type":"","background-media":"","overlay-type":"","overlay-color":"","overlay-opacity":"","overlay-gradient":""},"mobile":{"background-color":"","background-image":"","background-repeat":"repeat","background-position":"center center","background-size":"auto","background-attachment":"scroll","background-type":"","background-media":"","overlay-type":"","overlay-color":"","overlay-opacity":"","overlay-gradient":""}},"ast-content-background-meta":{"desktop":{"background-color":"var(--ast-global-color-5)","background-image":"","background-repeat":"repeat","background-position":"center center","background-size":"auto","background-attachment":"scroll","background-type":"","background-media":"","overlay-type":"","overlay-color":"","overlay-opacity":"","overlay-gradient":""},"tablet":{"background-color":"var(--ast-global-color-5)","background-image":"","background-repeat":"repeat","background-position":"center center","background-size":"auto","background-attachment":"scroll","background-type":"","background-media":"","overlay-type":"","overlay-color":"","overlay-opacity":"","overlay-gradient":""},"mobile":{"background-color":"var(--ast-global-color-5)","background-image":"","background-repeat":"repeat","background-position":"center center","background-size":"auto","background-attachment":"scroll","background-type":"","background-media":"","overlay-type":"","overlay-color":"","overlay-opacity":"","overlay-gradient":""}},"footnotes":""},"class_list":["post-2528","page","type-page","status-publish","hentry"],"acf":[],"mb":[],"uagb_featured_image_src":{"full":false,"thumbnail":false,"medium":false,"medium_large":false,"large":false,"1536x1536":false,"2048x2048":false},"uagb_author_info":{"display_name":"T","author_link":"https:\/\/thairelaxhouse.com\/de\/author\/tim\/"},"uagb_comment_info":0,"uagb_excerpt":"Inklusive einer Flasche Champagner F\u00fcr Paare betrachtet gleichzeitige Teilnahme von zwei Experten: das M\u00e4dchen und der Mann, oder zwei M\u00e4dchen (auf Wunsch der Kunden). Das Verfahren der Massage , je nach Wunsch , wird zur gleichen Zeit oder seriell durchgef\u00fchrt. W\u00e4hrend der Prozedur haben die Liebenden die M\u00f6glichkeit, sich gegenseitig an den H\u00e4nden zu halten.Am&hellip;","mfb_rest_fields":["title","uagb_featured_image_src","uagb_author_info","uagb_comment_info","uagb_excerpt"],"_links":{"self":[{"href":"https:\/\/thairelaxhouse.com\/de\/wp-json\/wp\/v2\/pages\/2528","targetHints":{"allow":["GET"]}}],"collection":[{"href":"https:\/\/thairelaxhouse.com\/de\/wp-json\/wp\/v2\/pages"}],"about":[{"href":"https:\/\/thairelaxhouse.com\/de\/wp-json\/wp\/v2\/types\/page"}],"author":[{"embeddable":true,"href":"https:\/\/thairelaxhouse.com\/de\/wp-json\/wp\/v2\/users\/1"}],"replies":[{"embeddable":true,"href":"https:\/\/thairelaxhouse.com\/de\/wp-json\/wp\/v2\/comments?post=2528"}],"version-history":[{"count":0,"href":"https:\/\/thairelaxhouse.com\/de\/wp-json\/wp\/v2\/pages\/2528\/revisions"}],"wp:attachment":[{"href":"https:\/\/thairelaxhouse.com\/de\/wp-json\/wp\/v2\/media?parent=2528"}],"curies":[{"name":"wp","href":"https:\/\/api.w.org\/{rel}","templated":true}]}}